{"id":83434,"date":"2026-04-30T07:02:53","date_gmt":"2026-04-30T10:02:53","guid":{"rendered":"https:\/\/www.hediyepazar.com\/?product=strongart-dijital-cengelli-gulen-yuz-tarti-portatif-el-kantari"},"modified":"2026-04-30T07:02:53","modified_gmt":"2026-04-30T10:02:53","slug":"strongart-dijital-cengelli-gulen-yuz-tarti-portatif-el-kantari","status":"publish","type":"product","link":"https:\/\/www.hediyepazar.com\/?product=strongart-dijital-cengelli-gulen-yuz-tarti-portatif-el-kantari","title":{"rendered":"Strongart Dijital \u00c7engelli G\u00fclen Y\u00fcz Tart\u0131 Portatif El Kantar\u0131"},"content":{"rendered":"<table style=\"border-collapse:collapse; width:170pt; border:none\" width=\"227\">\n<colgroup>\n<col style=\"width:170pt\" width=\"227\" \/>\n\t<\/colgroup>\n<tbody>\n<tr height=\"21\" style=\"height:15.75pt\">\n<td height=\"21\" style=\"border:none; height:15.75pt; width:170pt; padding-top:1px; padding-right:1px; padding-left:1px; vertical-align:bottom; white-space:nowrap\" width=\"227\"><span style=\"font-size:11pt\"><span style=\"color:black\"><span style=\"font-weight:400\"><span style=\"font-style:normal\"><span style=\"text-decoration:none\"><span style=\"font-family:Calibri,sans-serif\">Dijital &Ccedil;engelli G&uuml;len Y&uuml;z Tart\u0131 El Kantar\u0131 evinizde, i\u015fyerinizde ve k&uuml;&ccedil;&uuml;k ebatlar\u0131<br \/>\n\t\t\tsayesinde ihtiyac\u0131n\u0131z olabilecek her yerde rahatl\u0131kla kullanabileceksiniz.<br \/>\n\t\t\tDilerseniz seyahate gitmeden &ouml;nce bavulunuzu tartabilir ya da avlad\u0131\u011f\u0131n\u0131z<br \/>\n\t\t\tbal\u0131\u011f\u0131n a\u011f\u0131rl\u0131\u011f\u0131n\u0131 hemen &ouml;\u011frenebilirsiniz.<br \/>\n\t\t\tMaksimum a\u011f\u0131rl\u0131k: 40 kgDo\u011fruluk: 0-10Kg\/5g, 10-40Kg\/10g<br \/>\n\t\t\tG&uuml;&ccedil; kayna\u011f\u0131: 2 adet AAA pilboyut: 90*50*24mm<br \/>\n\t\t\tNet a\u011f\u0131rl\u0131k: 96g<br \/>\n\t\t\tNOT : RENKLER STOK DURUMUNA G&Ouml;RE KARI\u015eIK G&Ouml;NDER\u0130LMEKTED\u0130R<\/span><\/span><\/span><\/span><\/span><\/span><\/td>\n<\/tr>\n<\/tbody>\n<\/table>\n","protected":false},"excerpt":{"rendered":"<p>Strongart Dijital \u00c7engelli G\u00fclen Y\u00fcz Tart\u0131 Portatif El Kantar\u0131<\/p>\n","protected":false},"featured_media":83433,"comment_status":"open","ping_status":"closed","template":"","meta":{"_kad_post_transparent":"","_kad_post_title":"","_kad_post_layout":"","_kad_post_sidebar_id":"","_kad_post_content_style":"","_kad_post_vertical_padding":"","_kad_post_feature":"","_kad_post_feature_position":"","_kad_post_header":false,"_kad_post_footer":false,"_kad_post_classname":""},"product_brand":[],"product_cat":[449,707,708],"product_tag":[],"class_list":{"0":"post-83434","1":"product","2":"type-product","3":"status-publish","4":"has-post-thumbnail","6":"product_cat-elektronik","7":"product_cat-kisisel-bakim-aletleri","8":"product_cat-tarti","10":"first","11":"instock","12":"shipping-taxable","13":"purchasable","14":"product-type-simple","15":"entry","16":"content-bg","17":"loop-entry"},"_links":{"self":[{"href":"https:\/\/www.hediyepazar.com\/index.php?rest_route=\/wp\/v2\/product\/83434","targetHints":{"allow":["GET"]}}],"collection":[{"href":"https:\/\/www.hediyepazar.com\/index.php?rest_route=\/wp\/v2\/product"}],"about":[{"href":"https:\/\/www.hediyepazar.com\/index.php?rest_route=\/wp\/v2\/types\/product"}],"replies":[{"embeddable":true,"href":"https:\/\/www.hediyepazar.com\/index.php?rest_route=%2Fwp%2Fv2%2Fcomments&post=83434"}],"wp:featuredmedia":[{"embeddable":true,"href":"https:\/\/www.hediyepazar.com\/index.php?rest_route=\/wp\/v2\/media\/83433"}],"wp:attachment":[{"href":"https:\/\/www.hediyepazar.com\/index.php?rest_route=%2Fwp%2Fv2%2Fmedia&parent=83434"}],"wp:term":[{"taxonomy":"product_brand","embeddable":true,"href":"https:\/\/www.hediyepazar.com\/index.php?rest_route=%2Fwp%2Fv2%2Fproduct_brand&post=83434"},{"taxonomy":"product_cat","embeddable":true,"href":"https:\/\/www.hediyepazar.com\/index.php?rest_route=%2Fwp%2Fv2%2Fproduct_cat&post=83434"},{"taxonomy":"product_tag","embeddable":true,"href":"https:\/\/www.hediyepazar.com\/index.php?rest_route=%2Fwp%2Fv2%2Fproduct_tag&post=83434"}],"curies":[{"name":"wp","href":"https:\/\/api.w.org\/{rel}","templated":true}]}}