{"id":83493,"date":"2026-04-30T07:05:59","date_gmt":"2026-04-30T10:05:59","guid":{"rendered":"https:\/\/www.hediyepazar.com\/?product=sirin-limon-portakal-sikacagi-karisik-renkli"},"modified":"2026-04-30T07:05:59","modified_gmt":"2026-04-30T10:05:59","slug":"sirin-limon-portakal-sikacagi-karisik-renkli","status":"publish","type":"product","link":"https:\/\/www.hediyepazar.com\/?product=sirin-limon-portakal-sikacagi-karisik-renkli","title":{"rendered":"\u015eirin Limon Portakal S\u0131kaca\u011f\u0131 Kar\u0131\u015f\u0131k Renkli"},"content":{"rendered":"<p>\u015eirin Limon Portakal S\u0131kaca\u011f\u0131 Kar\u0131\u015f\u0131k Renkli<\/p>\n","protected":false},"excerpt":{"rendered":"<p>\u015eirin Limon Portakal S\u0131kaca\u011f\u0131 Kar\u0131\u015f\u0131k Renkli<\/p>\n","protected":false},"featured_media":83492,"comment_status":"open","ping_status":"closed","template":"","meta":{"_kad_post_transparent":"","_kad_post_title":"","_kad_post_layout":"","_kad_post_sidebar_id":"","_kad_post_content_style":"","_kad_post_vertical_padding":"","_kad_post_feature":"","_kad_post_feature_position":"","_kad_post_header":false,"_kad_post_footer":false,"_kad_post_classname":""},"product_brand":[],"product_cat":[557,558,560],"product_tag":[],"class_list":{"0":"post-83493","1":"product","2":"type-product","3":"status-publish","4":"has-post-thumbnail","6":"product_cat-ev-yasam","7":"product_cat-sofra-mutfak-2","8":"product_cat-yemek-hazirlik","10":"first","11":"instock","12":"shipping-taxable","13":"purchasable","14":"product-type-simple","15":"entry","16":"content-bg","17":"loop-entry"},"_links":{"self":[{"href":"https:\/\/www.hediyepazar.com\/index.php?rest_route=\/wp\/v2\/product\/83493","targetHints":{"allow":["GET"]}}],"collection":[{"href":"https:\/\/www.hediyepazar.com\/index.php?rest_route=\/wp\/v2\/product"}],"about":[{"href":"https:\/\/www.hediyepazar.com\/index.php?rest_route=\/wp\/v2\/types\/product"}],"replies":[{"embeddable":true,"href":"https:\/\/www.hediyepazar.com\/index.php?rest_route=%2Fwp%2Fv2%2Fcomments&post=83493"}],"wp:featuredmedia":[{"embeddable":true,"href":"https:\/\/www.hediyepazar.com\/index.php?rest_route=\/wp\/v2\/media\/83492"}],"wp:attachment":[{"href":"https:\/\/www.hediyepazar.com\/index.php?rest_route=%2Fwp%2Fv2%2Fmedia&parent=83493"}],"wp:term":[{"taxonomy":"product_brand","embeddable":true,"href":"https:\/\/www.hediyepazar.com\/index.php?rest_route=%2Fwp%2Fv2%2Fproduct_brand&post=83493"},{"taxonomy":"product_cat","embeddable":true,"href":"https:\/\/www.hediyepazar.com\/index.php?rest_route=%2Fwp%2Fv2%2Fproduct_cat&post=83493"},{"taxonomy":"product_tag","embeddable":true,"href":"https:\/\/www.hediyepazar.com\/index.php?rest_route=%2Fwp%2Fv2%2Fproduct_tag&post=83493"}],"curies":[{"name":"wp","href":"https:\/\/api.w.org\/{rel}","templated":true}]}}