{"id":83499,"date":"2026-04-30T07:06:18","date_gmt":"2026-04-30T10:06:18","guid":{"rendered":"https:\/\/www.hediyepazar.com\/?product=2-adet-dogal-kabak-lifli-esek-sutu-sabunu"},"modified":"2026-04-30T07:06:18","modified_gmt":"2026-04-30T10:06:18","slug":"2-adet-dogal-kabak-lifli-esek-sutu-sabunu","status":"publish","type":"product","link":"https:\/\/www.hediyepazar.com\/?product=2-adet-dogal-kabak-lifli-esek-sutu-sabunu","title":{"rendered":"2 Adet Do\u011fal Kabak Lifli E\u015fek S\u00fct\u00fc Sabunu"},"content":{"rendered":"<table style=\"border-collapse:collapse; width:48pt; border:none\" width=\"64\">\n<colgroup>\n<col style=\"width:48pt\" width=\"64\" \/>\n\t<\/colgroup>\n<tbody>\n<tr height=\"20\" style=\"height:15.0pt\">\n<td height=\"20\" style=\"border:none; height:15.0pt; width:48pt; padding-top:1px; padding-right:1px; padding-left:1px; vertical-align:bottom; white-space:nowrap\" width=\"64\"><span style=\"font-size:11pt\"><span style=\"color:black\"><span style=\"font-weight:400\"><span style=\"font-style:normal\"><span style=\"text-decoration:none\"><span style=\"font-family:Calibri,sans-serif\">\u0130&ccedil;eri\u011findeki D ve B vitaminleri ile cilde parlakl\u0131k verir.<br \/>\n\t\t\tSivilce, akne ve ya\u015flanmaya ba\u011fl\u0131 k\u0131r\u0131\u015f\u0131kl\u0131klar\u0131n tedavisinde etkilidir.<br \/>\n\t\t\tD&uuml;zenli kullan\u0131mda cildi p&uuml;r&uuml;zs&uuml; le\u015ftirir, iyile\u015ftirici etkisi bulunur ve<br \/>\n\t\t\t&ouml;zellikle do\u011fum sonras\u0131 olu\u015fmu\u015f lekelerin iyile\u015fmesine yard\u0131mc\u0131 olur.<br \/>\n\t\t\tPaket \u0130&ccedil;eri\u011fi : 2 Adet 125 Gram Sabun<\/span><\/span><\/span><\/span><\/span><\/span><\/td>\n<\/tr>\n<\/tbody>\n<\/table>\n","protected":false},"excerpt":{"rendered":"<p>2 Adet Do\u011fal Kabak Lifli E\u015fek S\u00fct\u00fc Sabunu<\/p>\n","protected":false},"featured_media":83498,"comment_status":"open","ping_status":"closed","template":"","meta":{"_kad_post_transparent":"","_kad_post_title":"","_kad_post_layout":"","_kad_post_sidebar_id":"","_kad_post_content_style":"","_kad_post_vertical_padding":"","_kad_post_feature":"","_kad_post_feature_position":"","_kad_post_header":false,"_kad_post_footer":false,"_kad_post_classname":""},"product_brand":[],"product_cat":[582,566,452],"product_tag":[],"class_list":{"0":"post-83499","1":"product","2":"type-product","3":"status-publish","4":"has-post-thumbnail","6":"product_cat-banyo-dus-urunleri","7":"product_cat-cilt-bakimi","8":"product_cat-kozmetik","10":"first","11":"instock","12":"shipping-taxable","13":"purchasable","14":"product-type-simple","15":"entry","16":"content-bg","17":"loop-entry"},"_links":{"self":[{"href":"https:\/\/www.hediyepazar.com\/index.php?rest_route=\/wp\/v2\/product\/83499","targetHints":{"allow":["GET"]}}],"collection":[{"href":"https:\/\/www.hediyepazar.com\/index.php?rest_route=\/wp\/v2\/product"}],"about":[{"href":"https:\/\/www.hediyepazar.com\/index.php?rest_route=\/wp\/v2\/types\/product"}],"replies":[{"embeddable":true,"href":"https:\/\/www.hediyepazar.com\/index.php?rest_route=%2Fwp%2Fv2%2Fcomments&post=83499"}],"wp:featuredmedia":[{"embeddable":true,"href":"https:\/\/www.hediyepazar.com\/index.php?rest_route=\/wp\/v2\/media\/83498"}],"wp:attachment":[{"href":"https:\/\/www.hediyepazar.com\/index.php?rest_route=%2Fwp%2Fv2%2Fmedia&parent=83499"}],"wp:term":[{"taxonomy":"product_brand","embeddable":true,"href":"https:\/\/www.hediyepazar.com\/index.php?rest_route=%2Fwp%2Fv2%2Fproduct_brand&post=83499"},{"taxonomy":"product_cat","embeddable":true,"href":"https:\/\/www.hediyepazar.com\/index.php?rest_route=%2Fwp%2Fv2%2Fproduct_cat&post=83499"},{"taxonomy":"product_tag","embeddable":true,"href":"https:\/\/www.hediyepazar.com\/index.php?rest_route=%2Fwp%2Fv2%2Fproduct_tag&post=83499"}],"curies":[{"name":"wp","href":"https:\/\/api.w.org\/{rel}","templated":true}]}}