{"id":83529,"date":"2026-04-30T07:07:37","date_gmt":"2026-04-30T10:07:37","guid":{"rendered":"https:\/\/www.hediyepazar.com\/?product=aserola-ekstresi-iceren-karisik-bitki-tozu-200-gr-metal-kutu"},"modified":"2026-04-30T07:07:37","modified_gmt":"2026-04-30T10:07:37","slug":"aserola-ekstresi-iceren-karisik-bitki-tozu-200-gr-metal-kutu","status":"publish","type":"product","link":"https:\/\/www.hediyepazar.com\/?product=aserola-ekstresi-iceren-karisik-bitki-tozu-200-gr-metal-kutu","title":{"rendered":"Aserola Ekstresi \u0130\u00e7eren Kar\u0131\u015f\u0131k Bitki Tozu 200 GR Metal Kutu"},"content":{"rendered":"<p>Aserola Ekstresi \u0130&ccedil;eren Kar\u0131\u015f\u0131k Bitki Tozu 200 GR Metal Kutu<\/p>\n<p>\u0130&ccedil;eri\u011finde Aserola , Bamya &Ccedil;i&ccedil;e\u011fi , Bu\u011fday &Ccedil;imi Tozu , Ananas , Ye\u015fil &Ccedil;ay , Kamu Kamu ve Hurma Tozu vard\u0131r.<br \/>\nKullan\u0131\u015f\u0131 : Kaynam\u0131\u015f bir fincan suya 1 &ouml;l&ccedil;ek Aserola Bitkisel Tozunu ekleyin ve kar\u0131\u015ft\u0131r\u0131n.<br \/>\n3-5 dakika bekledikten sonra i&ccedil;iniz.<br \/>\nTercihinize g&ouml;re 1 &ouml;l&ccedil;ek aserola bitkisel tozunu bir kase yo\u011furt ile beraber kar\u0131\u015ft\u0131rarak t&uuml;ketebilirsiniz.<br \/>\n200 gr l\u0131k metal kutusunda g&ouml;nderilmektedir.<\/p>\n<p>1 &ouml;l&ccedil;ek 10 ml dir.<br \/>\nAserola Ekstresi \u0130&ccedil;eren Kar\u0131\u015f\u0131k Bitki Tozu 200 GR Metal Kutu<\/p>\n","protected":false},"excerpt":{"rendered":"<p>Aserola Ekstresi \u0130\u00e7eren Kar\u0131\u015f\u0131k Bitki Tozu 200 GR Metal Kutu<\/p>\n","protected":false},"featured_media":83528,"comment_status":"open","ping_status":"closed","template":"","meta":{"_kad_post_transparent":"","_kad_post_title":"","_kad_post_layout":"","_kad_post_sidebar_id":"","_kad_post_content_style":"","_kad_post_vertical_padding":"","_kad_post_feature":"","_kad_post_feature_position":"","_kad_post_header":false,"_kad_post_footer":false,"_kad_post_classname":""},"product_brand":[],"product_cat":[627,625,692],"product_tag":[],"class_list":{"0":"post-83529","1":"product","2":"type-product","3":"status-publish","4":"has-post-thumbnail","6":"product_cat-bitki-cayi","7":"product_cat-bitkisel-organik","8":"product_cat-diger-bitki-caylari","10":"first","11":"instock","12":"shipping-taxable","13":"purchasable","14":"product-type-simple","15":"entry","16":"content-bg","17":"loop-entry"},"_links":{"self":[{"href":"https:\/\/www.hediyepazar.com\/index.php?rest_route=\/wp\/v2\/product\/83529","targetHints":{"allow":["GET"]}}],"collection":[{"href":"https:\/\/www.hediyepazar.com\/index.php?rest_route=\/wp\/v2\/product"}],"about":[{"href":"https:\/\/www.hediyepazar.com\/index.php?rest_route=\/wp\/v2\/types\/product"}],"replies":[{"embeddable":true,"href":"https:\/\/www.hediyepazar.com\/index.php?rest_route=%2Fwp%2Fv2%2Fcomments&post=83529"}],"wp:featuredmedia":[{"embeddable":true,"href":"https:\/\/www.hediyepazar.com\/index.php?rest_route=\/wp\/v2\/media\/83528"}],"wp:attachment":[{"href":"https:\/\/www.hediyepazar.com\/index.php?rest_route=%2Fwp%2Fv2%2Fmedia&parent=83529"}],"wp:term":[{"taxonomy":"product_brand","embeddable":true,"href":"https:\/\/www.hediyepazar.com\/index.php?rest_route=%2Fwp%2Fv2%2Fproduct_brand&post=83529"},{"taxonomy":"product_cat","embeddable":true,"href":"https:\/\/www.hediyepazar.com\/index.php?rest_route=%2Fwp%2Fv2%2Fproduct_cat&post=83529"},{"taxonomy":"product_tag","embeddable":true,"href":"https:\/\/www.hediyepazar.com\/index.php?rest_route=%2Fwp%2Fv2%2Fproduct_tag&post=83529"}],"curies":[{"name":"wp","href":"https:\/\/api.w.org\/{rel}","templated":true}]}}