{"id":83534,"date":"2026-04-30T07:07:57","date_gmt":"2026-04-30T10:07:57","guid":{"rendered":"https:\/\/www.hediyepazar.com\/?product=cok-fonksiyonlu-tirbuson-sise-acacagi-ve-folyo-kesici-pratik-caki"},"modified":"2026-04-30T07:07:57","modified_gmt":"2026-04-30T10:07:57","slug":"cok-fonksiyonlu-tirbuson-sise-acacagi-ve-folyo-kesici-pratik-caki","status":"publish","type":"product","link":"https:\/\/www.hediyepazar.com\/?product=cok-fonksiyonlu-tirbuson-sise-acacagi-ve-folyo-kesici-pratik-caki","title":{"rendered":"\u00c7ok Fonksiyonlu Tirbu\u015fon \u015ei\u015fe Acaca\u011f\u0131 ve Folyo Kesici Pratik \u00c7ak\u0131"},"content":{"rendered":"<p>\u00c7ok Fonksiyonlu Tirbu\u015fon \u015ei\u015fe Acaca\u011f\u0131 ve Folyo Kesici Pratik \u00c7ak\u0131<br \/>\n\u015earap a\u00e7aca\u011f\u0131 tirbu\u015fon , \u015fi\u015fe a\u00e7aca\u011f\u0131 ve folya kesici mini b\u0131\u00e7aktan olu\u015fan 3 l\u00fc pratik \u00e7ak\u0131<br \/>\nt\u00fcm fonksiyonlar\u0131 ayn\u0131 anda bulaca\u011f\u0131n\u0131z her evde olmas\u0131 gereken genel a\u00e7acak.<\/p>\n","protected":false},"excerpt":{"rendered":"<p>\u00c7ok Fonksiyonlu Tirbu\u015fon \u015ei\u015fe Acaca\u011f\u0131 ve Folyo Kesici Pratik \u00c7ak\u0131<\/p>\n","protected":false},"featured_media":0,"comment_status":"open","ping_status":"closed","template":"","meta":{"_kad_post_transparent":"","_kad_post_title":"","_kad_post_layout":"","_kad_post_sidebar_id":"","_kad_post_content_style":"","_kad_post_vertical_padding":"","_kad_post_feature":"","_kad_post_feature_position":"","_kad_post_header":false,"_kad_post_footer":false,"_kad_post_classname":""},"product_brand":[],"product_cat":[557,558,560],"product_tag":[],"class_list":{"0":"post-83534","1":"product","2":"type-product","3":"status-publish","5":"product_cat-ev-yasam","6":"product_cat-sofra-mutfak-2","7":"product_cat-yemek-hazirlik","9":"first","10":"instock","11":"shipping-taxable","12":"purchasable","13":"product-type-simple","14":"entry","15":"content-bg","16":"loop-entry"},"_links":{"self":[{"href":"https:\/\/www.hediyepazar.com\/index.php?rest_route=\/wp\/v2\/product\/83534","targetHints":{"allow":["GET"]}}],"collection":[{"href":"https:\/\/www.hediyepazar.com\/index.php?rest_route=\/wp\/v2\/product"}],"about":[{"href":"https:\/\/www.hediyepazar.com\/index.php?rest_route=\/wp\/v2\/types\/product"}],"replies":[{"embeddable":true,"href":"https:\/\/www.hediyepazar.com\/index.php?rest_route=%2Fwp%2Fv2%2Fcomments&post=83534"}],"wp:attachment":[{"href":"https:\/\/www.hediyepazar.com\/index.php?rest_route=%2Fwp%2Fv2%2Fmedia&parent=83534"}],"wp:term":[{"taxonomy":"product_brand","embeddable":true,"href":"https:\/\/www.hediyepazar.com\/index.php?rest_route=%2Fwp%2Fv2%2Fproduct_brand&post=83534"},{"taxonomy":"product_cat","embeddable":true,"href":"https:\/\/www.hediyepazar.com\/index.php?rest_route=%2Fwp%2Fv2%2Fproduct_cat&post=83534"},{"taxonomy":"product_tag","embeddable":true,"href":"https:\/\/www.hediyepazar.com\/index.php?rest_route=%2Fwp%2Fv2%2Fproduct_tag&post=83534"}],"curies":[{"name":"wp","href":"https:\/\/api.w.org\/{rel}","templated":true}]}}