{"id":83539,"date":"2026-04-30T07:08:21","date_gmt":"2026-04-30T10:08:21","guid":{"rendered":"https:\/\/www.hediyepazar.com\/?product=2li-mika-dekoratif-sekerlik-lokumluk-seti"},"modified":"2026-04-30T07:08:21","modified_gmt":"2026-04-30T10:08:21","slug":"2li-mika-dekoratif-sekerlik-lokumluk-seti","status":"publish","type":"product","link":"https:\/\/www.hediyepazar.com\/?product=2li-mika-dekoratif-sekerlik-lokumluk-seti","title":{"rendered":"2&#8217;Li Mika Dekoratif \u015eekerlik Lokumluk Seti"},"content":{"rendered":"<table style=\"border-collapse:collapse; width:175pt; border:none\" width=\"234\">\n<colgroup>\n<col style=\"width:175pt\" width=\"234\" \/>\n\t<\/colgroup>\n<tbody>\n<tr height=\"21\" style=\"height:15.6pt\">\n<td height=\"21\" style=\"border:none; height:15.6pt; width:175pt; padding-top:1px; padding-right:1px; padding-left:1px; vertical-align:bottom; white-space:nowrap\" width=\"234\"><span style=\"font-size:11pt\"><span style=\"color:black\"><span style=\"font-weight:400\"><span style=\"font-style:normal\"><span style=\"text-decoration:none\"><span style=\"font-family:Calibri,sans-serif\">2&#39;Li Mika Dekoratif \u015eekerlik Lokumluk Seti<\/p>\n<p>\t\t\tEvinizin yeni g&ouml;zdesi 2&#39;Li Mika Dekoratif \u015eekerlik Lokumluk Seti!<br \/>\n\t\t\tKlasik ve nostaljik tasar\u0131m\u0131yla g&ouml;z alan yuvarlak kesim<br \/>\n\t\t\t2&#39;Li Mika Dekoratif \u015eekerlik Lokumluk Seti ile misafirlerinize \u015feker,<br \/>\n\t\t\t&ccedil;ikolata, lokum vb. ikramlar\u0131n\u0131z\u0131 sunabilir, sohbete tatl\u0131 bir ba\u015flang\u0131&ccedil; yapabilirsiniz.<br \/>\n\t\t\t&Ccedil;ok \u015f\u0131k ve farkl\u0131 bir tasar\u0131ma sahip olup, tasar\u0131m\u0131yla g&ouml;z kama\u015ft\u0131rmaktad\u0131r.<br \/>\n\t\t\tBayram \u015fekerli\u011fi ya da normal \u015fekerlik olarak kullan\u0131labilir.<br \/>\n\t\t\tSadece \u015fekerlik olarak de\u011fil, farkl\u0131 at\u0131\u015ft\u0131rmal\u0131klar i&ccedil;in de kullanabilirsiniz.<br \/>\n\t\t\t2 farkl\u0131 tasar\u0131ma sahip bu &uuml;r&uuml;nler sunumlar\u0131n\u0131za \u015f\u0131kl\u0131k katacak.<br \/>\n\t\t\tlk kullan\u0131mdan &ouml;nce y\u0131kanmal\u0131d\u0131r.<\/p>\n<p>\t\t\t&Uuml;r&uuml;n Rengi: \u015eeffaf<\/p>\n<p>\t\t\t&Uuml;r&uuml;n &Ouml;l&ccedil;&uuml;leri: 12 cm x 12 cm &ccedil;ap\u0131ndad\u0131r.<\/p>\n<p>\t\t\tPaket \u0130&ccedil;eri\u011fi: 1 Adet 2&#39;Li Mika Dekoratif \u015eekerlik Lokumluk Seti<\/span><\/span><\/span><\/span><\/span><\/span><\/td>\n<\/tr>\n<\/tbody>\n<\/table>\n","protected":false},"excerpt":{"rendered":"<p>2&#8217;Li Mika Dekoratif \u015eekerlik Lokumluk Seti<\/p>\n","protected":false},"featured_media":83538,"comment_status":"open","ping_status":"closed","template":"","meta":{"_kad_post_transparent":"","_kad_post_title":"","_kad_post_layout":"","_kad_post_sidebar_id":"","_kad_post_content_style":"","_kad_post_vertical_padding":"","_kad_post_feature":"","_kad_post_feature_position":"","_kad_post_header":false,"_kad_post_footer":false,"_kad_post_classname":""},"product_brand":[],"product_cat":[557,559,558],"product_tag":[],"class_list":{"0":"post-83539","1":"product","2":"type-product","3":"status-publish","4":"has-post-thumbnail","6":"product_cat-ev-yasam","7":"product_cat-sofra","8":"product_cat-sofra-mutfak-2","10":"first","11":"instock","12":"shipping-taxable","13":"purchasable","14":"product-type-simple","15":"entry","16":"content-bg","17":"loop-entry"},"_links":{"self":[{"href":"https:\/\/www.hediyepazar.com\/index.php?rest_route=\/wp\/v2\/product\/83539","targetHints":{"allow":["GET"]}}],"collection":[{"href":"https:\/\/www.hediyepazar.com\/index.php?rest_route=\/wp\/v2\/product"}],"about":[{"href":"https:\/\/www.hediyepazar.com\/index.php?rest_route=\/wp\/v2\/types\/product"}],"replies":[{"embeddable":true,"href":"https:\/\/www.hediyepazar.com\/index.php?rest_route=%2Fwp%2Fv2%2Fcomments&post=83539"}],"wp:featuredmedia":[{"embeddable":true,"href":"https:\/\/www.hediyepazar.com\/index.php?rest_route=\/wp\/v2\/media\/83538"}],"wp:attachment":[{"href":"https:\/\/www.hediyepazar.com\/index.php?rest_route=%2Fwp%2Fv2%2Fmedia&parent=83539"}],"wp:term":[{"taxonomy":"product_brand","embeddable":true,"href":"https:\/\/www.hediyepazar.com\/index.php?rest_route=%2Fwp%2Fv2%2Fproduct_brand&post=83539"},{"taxonomy":"product_cat","embeddable":true,"href":"https:\/\/www.hediyepazar.com\/index.php?rest_route=%2Fwp%2Fv2%2Fproduct_cat&post=83539"},{"taxonomy":"product_tag","embeddable":true,"href":"https:\/\/www.hediyepazar.com\/index.php?rest_route=%2Fwp%2Fv2%2Fproduct_tag&post=83539"}],"curies":[{"name":"wp","href":"https:\/\/api.w.org\/{rel}","templated":true}]}}