{"id":83547,"date":"2026-04-30T07:08:50","date_gmt":"2026-04-30T10:08:50","guid":{"rendered":"https:\/\/www.hediyepazar.com\/?product=41-surahi-ve-bardak-su-seti-2-2-lt"},"modified":"2026-04-30T07:08:50","modified_gmt":"2026-04-30T10:08:50","slug":"41-surahi-ve-bardak-su-seti-2-2-lt","status":"publish","type":"product","link":"https:\/\/www.hediyepazar.com\/?product=41-surahi-ve-bardak-su-seti-2-2-lt","title":{"rendered":"4+1 S\u00fcrahi Ve Bardak Su Seti 2.2 Lt"},"content":{"rendered":"<table style=\"border-collapse:collapse; width:170pt; border:none\" width=\"227\">\n<colgroup>\n<col style=\"width:170pt\" width=\"227\" \/>\n\t<\/colgroup>\n<tbody>\n<tr height=\"21\" style=\"height:15.75pt\">\n<td height=\"21\" style=\"border:none; height:15.75pt; width:170pt; padding-top:1px; padding-right:1px; padding-left:1px; vertical-align:bottom; white-space:nowrap\" width=\"227\"><span style=\"font-size:11pt\"><span style=\"color:black\"><span style=\"font-weight:400\"><span style=\"font-style:normal\"><span style=\"text-decoration:none\"><span style=\"font-family:Calibri,sans-serif\">4+1 S&uuml;rahi Ve Bardak Su Seti 2.2 Lt ateryal : Polipropilen<br \/>\n\t\t\t&Ouml;l&ccedil;&uuml;ler : 2.2 L\u0130TRE kapasite<br \/>\n\t\t\tY&Uuml;KSEK KAL\u0130TE: Bu s&uuml;rahi Polipropilen&rsquo;den yap\u0131lm\u0131\u015ft\u0131r,<br \/>\n\t\t\them so\u011fuk hem de s\u0131cak i&ccedil;ecekler i&ccedil;in uygundur.<br \/>\n\t\t\tB&Uuml;Y&Uuml;K KAPAS\u0130TE: 2200 ml ailenizin g&uuml;nl&uuml;k su i&ccedil;mesi<br \/>\n\t\t\tveya partide\/misafirlikte konuklar\u0131 a\u011f\u0131rlamas\u0131 i&ccedil;in yeterince b&uuml;y&uuml;k.<br \/>\n\t\t\t&Ccedil;o\u011fu buzdolab\u0131na iyi oturur.<\/p>\n<p>\t\t\tDaha b&uuml;y&uuml;k tutamak, s&uuml;rahiyi rahat tutman\u0131z\u0131 sa\u011flar.<br \/>\n\t\t\tKapa\u011f\u0131n etraf\u0131ndaki tasar\u0131m, kapa\u011f\u0131n s\u0131k\u0131ca kapanmas\u0131n\u0131 sa\u011flar,<br \/>\n\t\t\ti&ccedil;ecek d&ouml;kt&uuml;\u011f&uuml;n&uuml;zde kapa\u011f\u0131n d&uuml;\u015fece\u011finden endi\u015felenmenize gerek yoktur,<br \/>\n\t\t\tayr\u0131ca i&ccedil;indeki suyu taze tutabilir.<\/p>\n<p>\t\t\tTEM\u0130ZL\u0130\u011e\u0130 KOLAY: Temizlenmesi kolayd\u0131r, eliniz dibe ula\u015fabilir, s&uuml;rahiyi i&ccedil;eride y\u0131kamak uygundur.<br \/>\n\t\t\tS&uuml;rahiyi bula\u015f\u0131k makinesinde y\u0131kamak g&uuml;venlidir, ancak elde y\u0131kama &ouml;nerilir.<\/p>\n<p>\t\t\tGEN\u0130\u015e KULLANIM: Bu s&uuml;rahi g&uuml;zel oldu\u011fu kadar pratiktir, parti, do\u011fum g&uuml;n&uuml;,<br \/>\n\t\t\tev ve ofis g&uuml;nl&uuml;k kullan\u0131m\u0131 i&ccedil;in m&uuml;kemmeldir.<br \/>\n\t\t\tSu, buzlu &ccedil;ay, s\u0131cak &ccedil;ay, meyve suyu, kahve, sangria, s&uuml;t, di\u011fer ev yap\u0131m\u0131<br \/>\n\t\t\ti&ccedil;ecekler i&ccedil;in uygundur.<br \/>\n\t\t\tEbeveynler ve arkada\u015flar i&ccedil;in m&uuml;kemmel bir hediye.<\/span><\/span><\/span><\/span><\/span><\/span><\/td>\n<\/tr>\n<\/tbody>\n<\/table>\n","protected":false},"excerpt":{"rendered":"<p>4+1 S\u00fcrahi Ve Bardak Su Seti 2.2 Lt<\/p>\n","protected":false},"featured_media":83546,"comment_status":"open","ping_status":"closed","template":"","meta":{"_kad_post_transparent":"","_kad_post_title":"","_kad_post_layout":"","_kad_post_sidebar_id":"","_kad_post_content_style":"","_kad_post_vertical_padding":"","_kad_post_feature":"","_kad_post_feature_position":"","_kad_post_header":false,"_kad_post_footer":false,"_kad_post_classname":""},"product_brand":[],"product_cat":[557,559,558],"product_tag":[],"class_list":{"0":"post-83547","1":"product","2":"type-product","3":"status-publish","4":"has-post-thumbnail","6":"product_cat-ev-yasam","7":"product_cat-sofra","8":"product_cat-sofra-mutfak-2","10":"first","11":"instock","12":"shipping-taxable","13":"purchasable","14":"product-type-simple","15":"entry","16":"content-bg","17":"loop-entry"},"_links":{"self":[{"href":"https:\/\/www.hediyepazar.com\/index.php?rest_route=\/wp\/v2\/product\/83547","targetHints":{"allow":["GET"]}}],"collection":[{"href":"https:\/\/www.hediyepazar.com\/index.php?rest_route=\/wp\/v2\/product"}],"about":[{"href":"https:\/\/www.hediyepazar.com\/index.php?rest_route=\/wp\/v2\/types\/product"}],"replies":[{"embeddable":true,"href":"https:\/\/www.hediyepazar.com\/index.php?rest_route=%2Fwp%2Fv2%2Fcomments&post=83547"}],"wp:featuredmedia":[{"embeddable":true,"href":"https:\/\/www.hediyepazar.com\/index.php?rest_route=\/wp\/v2\/media\/83546"}],"wp:attachment":[{"href":"https:\/\/www.hediyepazar.com\/index.php?rest_route=%2Fwp%2Fv2%2Fmedia&parent=83547"}],"wp:term":[{"taxonomy":"product_brand","embeddable":true,"href":"https:\/\/www.hediyepazar.com\/index.php?rest_route=%2Fwp%2Fv2%2Fproduct_brand&post=83547"},{"taxonomy":"product_cat","embeddable":true,"href":"https:\/\/www.hediyepazar.com\/index.php?rest_route=%2Fwp%2Fv2%2Fproduct_cat&post=83547"},{"taxonomy":"product_tag","embeddable":true,"href":"https:\/\/www.hediyepazar.com\/index.php?rest_route=%2Fwp%2Fv2%2Fproduct_tag&post=83547"}],"curies":[{"name":"wp","href":"https:\/\/api.w.org\/{rel}","templated":true}]}}