{"id":83571,"date":"2026-04-30T07:10:50","date_gmt":"2026-04-30T10:10:50","guid":{"rendered":"https:\/\/www.hediyepazar.com\/?product=asel-priz-3-lu-5-mt-anahtarli"},"modified":"2026-04-30T07:10:50","modified_gmt":"2026-04-30T10:10:50","slug":"asel-priz-3-lu-5-mt-anahtarli","status":"publish","type":"product","link":"https:\/\/www.hediyepazar.com\/?product=asel-priz-3-lu-5-mt-anahtarli","title":{"rendered":"Asel Priz 3 L\u00fc 5 MT Anahtarl\u0131"},"content":{"rendered":"<table style=\"border-collapse:collapse; width:172pt; border:none\" width=\"230\">\n<colgroup>\n<col style=\"width:172pt\" width=\"230\" \/>\n\t<\/colgroup>\n<tbody>\n<tr height=\"16\" style=\"height:12.0pt\">\n<td class=\"xl69\" height=\"16\" style=\"border:none; height:12.0pt; width:172pt; padding-top:1px; padding-right:1px; padding-left:1px; vertical-align:bottom; white-space:nowrap\" width=\"230\"><span style=\"font-size:9pt\"><span style=\"font-family:Arial,sans-serif\"><span style=\"font-weight:400\"><span style=\"font-style:normal\"><span style=\"text-decoration:none\">Asel Priz 3 L&uuml; 5 MT Anahtarl\u0131 Barkodu : 8697464042626 Paket \u0130&ccedil;eri\u011fi : 1 Adet&nbsp;<\/span><\/span><\/span><\/span><\/span><\/td>\n<\/tr>\n<\/tbody>\n<\/table>\n","protected":false},"excerpt":{"rendered":"<p>Asel Priz 3 L\u00fc 5 MT Anahtarl\u0131<\/p>\n","protected":false},"featured_media":83570,"comment_status":"open","ping_status":"closed","template":"","meta":{"_kad_post_transparent":"","_kad_post_title":"","_kad_post_layout":"","_kad_post_sidebar_id":"","_kad_post_content_style":"","_kad_post_vertical_padding":"","_kad_post_feature":"","_kad_post_feature_position":"","_kad_post_header":false,"_kad_post_footer":false,"_kad_post_classname":""},"product_brand":[],"product_cat":[656,557,657],"product_tag":[],"class_list":{"0":"post-83571","1":"product","2":"type-product","3":"status-publish","4":"has-post-thumbnail","6":"product_cat-bahce-yapi-market","7":"product_cat-ev-yasam","8":"product_cat-yapi-market","10":"first","11":"instock","12":"shipping-taxable","13":"purchasable","14":"product-type-simple","15":"entry","16":"content-bg","17":"loop-entry"},"_links":{"self":[{"href":"https:\/\/www.hediyepazar.com\/index.php?rest_route=\/wp\/v2\/product\/83571","targetHints":{"allow":["GET"]}}],"collection":[{"href":"https:\/\/www.hediyepazar.com\/index.php?rest_route=\/wp\/v2\/product"}],"about":[{"href":"https:\/\/www.hediyepazar.com\/index.php?rest_route=\/wp\/v2\/types\/product"}],"replies":[{"embeddable":true,"href":"https:\/\/www.hediyepazar.com\/index.php?rest_route=%2Fwp%2Fv2%2Fcomments&post=83571"}],"wp:featuredmedia":[{"embeddable":true,"href":"https:\/\/www.hediyepazar.com\/index.php?rest_route=\/wp\/v2\/media\/83570"}],"wp:attachment":[{"href":"https:\/\/www.hediyepazar.com\/index.php?rest_route=%2Fwp%2Fv2%2Fmedia&parent=83571"}],"wp:term":[{"taxonomy":"product_brand","embeddable":true,"href":"https:\/\/www.hediyepazar.com\/index.php?rest_route=%2Fwp%2Fv2%2Fproduct_brand&post=83571"},{"taxonomy":"product_cat","embeddable":true,"href":"https:\/\/www.hediyepazar.com\/index.php?rest_route=%2Fwp%2Fv2%2Fproduct_cat&post=83571"},{"taxonomy":"product_tag","embeddable":true,"href":"https:\/\/www.hediyepazar.com\/index.php?rest_route=%2Fwp%2Fv2%2Fproduct_tag&post=83571"}],"curies":[{"name":"wp","href":"https:\/\/api.w.org\/{rel}","templated":true}]}}