{"id":83611,"date":"2026-04-30T07:14:42","date_gmt":"2026-04-30T10:14:42","guid":{"rendered":"https:\/\/www.hediyepazar.com\/?product=gondol-shell-mini-kase-asorti-520-ml"},"modified":"2026-04-30T07:14:42","modified_gmt":"2026-04-30T10:14:42","slug":"gondol-shell-mini-kase-asorti-520-ml","status":"publish","type":"product","link":"https:\/\/www.hediyepazar.com\/?product=gondol-shell-mini-kase-asorti-520-ml","title":{"rendered":"Gondol Shell Mini Kase &#8211; Asorti &#8211; 520 ml"},"content":{"rendered":"<table style=\"border-collapse:collapse; width:170pt; border:none\" width=\"227\">\n<colgroup>\n<col style=\"width:170pt\" width=\"227\" \/>\n\t<\/colgroup>\n<tbody>\n<tr height=\"20\" style=\"height:15.0pt\">\n<td height=\"20\" style=\"border:none; height:15.0pt; width:170pt; padding-top:1px; padding-right:1px; padding-left:1px; vertical-align:bottom; white-space:nowrap\" width=\"227\"><span style=\"font-size:11pt\"><span style=\"color:black\"><span style=\"font-weight:400\"><span style=\"font-style:normal\"><span style=\"text-decoration:none\"><span style=\"font-family:Calibri,sans-serif\">&Uuml;r&uuml;n &Ouml;zellikleri<\/p>\n<p>\t\t\tMalzeme\/Materyal: Plastik<br \/>\n\t\t\t&Ouml;l&ccedil;&uuml;: 11,5 cm<br \/>\n\t\t\tHacim: 520 ml<br \/>\n\t\t\tPar&ccedil;a Say\u0131s\u0131: Tek Par&ccedil;a Gondol Shell Mini Kase ile birbirinden g&uuml;zel lezzetleri<br \/>\n\t\t\tbir araya getirerek kar\u0131\u015ft\u0131rabilir veya sofran\u0131zda servis edebilirsiniz.<\/p>\n<p>\t\t\tUzun &ouml;m&uuml;rl&uuml; plastik malzeme ile &uuml;retilmi\u015f olup, sa\u011flam ve dayan\u0131kl\u0131d\u0131r.<br \/>\n\t\t\tDi\u011fer sofra aksesuarlar\u0131n\u0131zda masa dekorunuzu olu\u015fturmak i&ccedil;in kolayl\u0131kla kombin yapabilirsiniz.<\/p>\n<p>\t\t\tKullan\u0131m ve Bak\u0131m Bilgileri<br \/>\n\t\t\t&bull; Bula\u015f\u0131k makinesinde y\u0131kanabilir.<br \/>\n\t\t\t&bull; Temizlikte s\u0131v\u0131 veya krem deterjan kullan\u0131n\u0131z.<br \/>\n\t\t\t&bull; Telle ovmay\u0131n\u0131z.<\/span><\/span><\/span><\/span><\/span><\/span><\/td>\n<\/tr>\n<\/tbody>\n<\/table>\n","protected":false},"excerpt":{"rendered":"<p>Gondol Shell Mini Kase &#8211; Asorti &#8211; 520 ml<\/p>\n","protected":false},"featured_media":83610,"comment_status":"open","ping_status":"closed","template":"","meta":{"_kad_post_transparent":"","_kad_post_title":"","_kad_post_layout":"","_kad_post_sidebar_id":"","_kad_post_content_style":"","_kad_post_vertical_padding":"","_kad_post_feature":"","_kad_post_feature_position":"","_kad_post_header":false,"_kad_post_footer":false,"_kad_post_classname":""},"product_brand":[],"product_cat":[557,559,558],"product_tag":[],"class_list":{"0":"post-83611","1":"product","2":"type-product","3":"status-publish","4":"has-post-thumbnail","6":"product_cat-ev-yasam","7":"product_cat-sofra","8":"product_cat-sofra-mutfak-2","10":"first","11":"instock","12":"shipping-taxable","13":"purchasable","14":"product-type-simple","15":"entry","16":"content-bg","17":"loop-entry"},"_links":{"self":[{"href":"https:\/\/www.hediyepazar.com\/index.php?rest_route=\/wp\/v2\/product\/83611","targetHints":{"allow":["GET"]}}],"collection":[{"href":"https:\/\/www.hediyepazar.com\/index.php?rest_route=\/wp\/v2\/product"}],"about":[{"href":"https:\/\/www.hediyepazar.com\/index.php?rest_route=\/wp\/v2\/types\/product"}],"replies":[{"embeddable":true,"href":"https:\/\/www.hediyepazar.com\/index.php?rest_route=%2Fwp%2Fv2%2Fcomments&post=83611"}],"wp:featuredmedia":[{"embeddable":true,"href":"https:\/\/www.hediyepazar.com\/index.php?rest_route=\/wp\/v2\/media\/83610"}],"wp:attachment":[{"href":"https:\/\/www.hediyepazar.com\/index.php?rest_route=%2Fwp%2Fv2%2Fmedia&parent=83611"}],"wp:term":[{"taxonomy":"product_brand","embeddable":true,"href":"https:\/\/www.hediyepazar.com\/index.php?rest_route=%2Fwp%2Fv2%2Fproduct_brand&post=83611"},{"taxonomy":"product_cat","embeddable":true,"href":"https:\/\/www.hediyepazar.com\/index.php?rest_route=%2Fwp%2Fv2%2Fproduct_cat&post=83611"},{"taxonomy":"product_tag","embeddable":true,"href":"https:\/\/www.hediyepazar.com\/index.php?rest_route=%2Fwp%2Fv2%2Fproduct_tag&post=83611"}],"curies":[{"name":"wp","href":"https:\/\/api.w.org\/{rel}","templated":true}]}}