{"id":83629,"date":"2026-04-30T07:15:58","date_gmt":"2026-04-30T10:15:58","guid":{"rendered":"https:\/\/www.hediyepazar.com\/?product=gondol-shell-oval-tabak-asorti-18x14-cm"},"modified":"2026-04-30T07:15:58","modified_gmt":"2026-04-30T10:15:58","slug":"gondol-shell-oval-tabak-asorti-18x14-cm","status":"publish","type":"product","link":"https:\/\/www.hediyepazar.com\/?product=gondol-shell-oval-tabak-asorti-18x14-cm","title":{"rendered":"Gondol Shell Oval Tabak &#8211; Asorti &#8211; 18&#215;14 cm"},"content":{"rendered":"<table style=\"border-collapse:collapse; width:170pt; border:none\" width=\"227\">\n<colgroup>\n<col style=\"width:170pt\" width=\"227\" \/>\n\t<\/colgroup>\n<tbody>\n<tr height=\"20\" style=\"height:15.0pt\">\n<td height=\"20\" style=\"border:none; height:15.0pt; width:170pt; padding-top:1px; padding-right:1px; padding-left:1px; vertical-align:bottom; white-space:nowrap\" width=\"227\"><span style=\"font-size:11pt\"><span style=\"color:black\"><span style=\"font-weight:400\"><span style=\"font-style:normal\"><span style=\"text-decoration:none\"><span style=\"font-family:Calibri,sans-serif\">Malzeme\/Materyal: Plastik<br \/>\n\t\t\t&Ouml;l&ccedil;&uuml;: 18&#215;14 cm<br \/>\n\t\t\t&Uuml;r&uuml;n Tipi: Servis ve Sunum Tabaklar\u0131<br \/>\n\t\t\tPar&ccedil;a Say\u0131s\u0131: Tek Par&ccedil;a Gondol Shell Oval Tabak, nefis yemek ve tatl\u0131lar\u0131<br \/>\n\t\t\tmisafirlerinize kolayca servis etmenizi sa\u011flayacak, dayan\u0131kl\u0131 ve kullan\u0131\u015fl\u0131 yap\u0131s\u0131 ile sizler i&ccedil;in tasarlanm\u0131\u015ft\u0131r.<br \/>\n\t\t\tSon d&ouml;nemlerde sunumlar\u0131 vazge&ccedil;ilmez \u015f\u0131k detaylar\u0131 aras\u0131nda yer alan bu tabaklar masalar\u0131n\u0131z\u0131 renklendirecektir.<br \/>\n\t\t\tG&uuml;n&uuml;m&uuml;z d&uuml;nyas\u0131n\u0131n h\u0131zla de\u011fi\u015fen trendlerine uygun olarak her ge&ccedil;en g&uuml;n say\u0131s\u0131<br \/>\n\t\t\th\u0131zla artan bu &uuml;r&uuml;nlerimiz, sizler i&ccedil;in g&uuml;zel bir hediye se&ccedil;ene\u011fi olacakt\u0131r.<\/p>\n<p>\t\t\tKullan\u0131m ve Bak\u0131m Bilgileri<br \/>\n\t\t\t&bull; Renkleri solmaz.<br \/>\n\t\t\t&bull; Kolay temizlenir, mikrop bar\u0131nd\u0131rmaz.<br \/>\n\t\t\t&bull; Bula\u015f\u0131k makinesinde 50&deg;C&#39;de y\u0131kanabilir.<\/span><\/span><\/span><\/span><\/span><\/span><\/td>\n<\/tr>\n<\/tbody>\n<\/table>\n","protected":false},"excerpt":{"rendered":"<p>Gondol Shell Oval Tabak &#8211; Asorti &#8211; 18&#215;14 cm<\/p>\n","protected":false},"featured_media":83628,"comment_status":"open","ping_status":"closed","template":"","meta":{"_kad_post_transparent":"","_kad_post_title":"","_kad_post_layout":"","_kad_post_sidebar_id":"","_kad_post_content_style":"","_kad_post_vertical_padding":"","_kad_post_feature":"","_kad_post_feature_position":"","_kad_post_header":false,"_kad_post_footer":false,"_kad_post_classname":""},"product_brand":[],"product_cat":[557,559,558],"product_tag":[],"class_list":{"0":"post-83629","1":"product","2":"type-product","3":"status-publish","4":"has-post-thumbnail","6":"product_cat-ev-yasam","7":"product_cat-sofra","8":"product_cat-sofra-mutfak-2","10":"first","11":"instock","12":"shipping-taxable","13":"purchasable","14":"product-type-simple","15":"entry","16":"content-bg","17":"loop-entry"},"_links":{"self":[{"href":"https:\/\/www.hediyepazar.com\/index.php?rest_route=\/wp\/v2\/product\/83629","targetHints":{"allow":["GET"]}}],"collection":[{"href":"https:\/\/www.hediyepazar.com\/index.php?rest_route=\/wp\/v2\/product"}],"about":[{"href":"https:\/\/www.hediyepazar.com\/index.php?rest_route=\/wp\/v2\/types\/product"}],"replies":[{"embeddable":true,"href":"https:\/\/www.hediyepazar.com\/index.php?rest_route=%2Fwp%2Fv2%2Fcomments&post=83629"}],"wp:featuredmedia":[{"embeddable":true,"href":"https:\/\/www.hediyepazar.com\/index.php?rest_route=\/wp\/v2\/media\/83628"}],"wp:attachment":[{"href":"https:\/\/www.hediyepazar.com\/index.php?rest_route=%2Fwp%2Fv2%2Fmedia&parent=83629"}],"wp:term":[{"taxonomy":"product_brand","embeddable":true,"href":"https:\/\/www.hediyepazar.com\/index.php?rest_route=%2Fwp%2Fv2%2Fproduct_brand&post=83629"},{"taxonomy":"product_cat","embeddable":true,"href":"https:\/\/www.hediyepazar.com\/index.php?rest_route=%2Fwp%2Fv2%2Fproduct_cat&post=83629"},{"taxonomy":"product_tag","embeddable":true,"href":"https:\/\/www.hediyepazar.com\/index.php?rest_route=%2Fwp%2Fv2%2Fproduct_tag&post=83629"}],"curies":[{"name":"wp","href":"https:\/\/api.w.org\/{rel}","templated":true}]}}