{"id":83634,"date":"2026-04-30T07:16:21","date_gmt":"2026-04-30T10:16:21","guid":{"rendered":"https:\/\/www.hediyepazar.com\/?product=3-boyutlu-sac-fircasi-elastik-kolay-tarama"},"modified":"2026-04-30T07:16:21","modified_gmt":"2026-04-30T10:16:21","slug":"3-boyutlu-sac-fircasi-elastik-kolay-tarama","status":"publish","type":"product","link":"https:\/\/www.hediyepazar.com\/?product=3-boyutlu-sac-fircasi-elastik-kolay-tarama","title":{"rendered":"3 Boyutlu Sa\u00e7 F\u0131r\u00e7as\u0131 Elastik Kolay Tarama"},"content":{"rendered":"<table style=\"border-collapse:collapse; width:170pt; border:none\" width=\"227\">\n<colgroup>\n<col style=\"width:170pt\" width=\"227\" \/>\n\t<\/colgroup>\n<tbody>\n<tr height=\"20\" style=\"height:15.0pt\">\n<td height=\"20\" style=\"border:none; height:15.0pt; width:170pt; padding-top:1px; padding-right:1px; padding-left:1px; vertical-align:bottom; white-space:nowrap\" width=\"227\"><span style=\"font-size:11pt\"><span style=\"color:black\"><span style=\"font-weight:400\"><span style=\"font-style:normal\"><span style=\"text-decoration:none\"><span style=\"font-family:Calibri,sans-serif\">Sa&ccedil; yap\u0131s\u0131na uygun sa&ccedil; a&ccedil;ma ve tarama f\u0131r&ccedil;as\u0131 kolayl\u0131kla sa&ccedil;lar\u0131n a&ccedil;\u0131lmas\u0131n\u0131 sa\u011flar<br \/>\n\t\t\tSa&ccedil; derinizi zedelemeden ve sa&ccedil; tellerinizi y\u0131pratmadan taraman\u0131za yard\u0131mc\u0131 olur.<br \/>\n\t\t\t&Uuml;r&uuml;n %100 orijinaldir.<\/span><\/span><\/span><\/span><\/span><\/span><\/td>\n<\/tr>\n<\/tbody>\n<\/table>\n","protected":false},"excerpt":{"rendered":"<p>3 Boyutlu Sa\u00e7 F\u0131r\u00e7as\u0131 Elastik Kolay Tarama<\/p>\n","protected":false},"featured_media":83630,"comment_status":"open","ping_status":"closed","template":"","meta":{"_kad_post_transparent":"","_kad_post_title":"","_kad_post_layout":"","_kad_post_sidebar_id":"","_kad_post_content_style":"","_kad_post_vertical_padding":"","_kad_post_feature":"","_kad_post_feature_position":"","_kad_post_header":false,"_kad_post_footer":false,"_kad_post_classname":""},"product_brand":[],"product_cat":[452,586,587],"product_tag":[],"class_list":{"0":"post-83634","1":"product","2":"type-product","3":"status-publish","4":"has-post-thumbnail","6":"product_cat-kozmetik","7":"product_cat-sac-bakimi","8":"product_cat-sac-fircasi-ve-tarak","10":"first","11":"instock","12":"shipping-taxable","13":"purchasable","14":"product-type-simple","15":"entry","16":"content-bg","17":"loop-entry"},"_links":{"self":[{"href":"https:\/\/www.hediyepazar.com\/index.php?rest_route=\/wp\/v2\/product\/83634","targetHints":{"allow":["GET"]}}],"collection":[{"href":"https:\/\/www.hediyepazar.com\/index.php?rest_route=\/wp\/v2\/product"}],"about":[{"href":"https:\/\/www.hediyepazar.com\/index.php?rest_route=\/wp\/v2\/types\/product"}],"replies":[{"embeddable":true,"href":"https:\/\/www.hediyepazar.com\/index.php?rest_route=%2Fwp%2Fv2%2Fcomments&post=83634"}],"wp:featuredmedia":[{"embeddable":true,"href":"https:\/\/www.hediyepazar.com\/index.php?rest_route=\/wp\/v2\/media\/83630"}],"wp:attachment":[{"href":"https:\/\/www.hediyepazar.com\/index.php?rest_route=%2Fwp%2Fv2%2Fmedia&parent=83634"}],"wp:term":[{"taxonomy":"product_brand","embeddable":true,"href":"https:\/\/www.hediyepazar.com\/index.php?rest_route=%2Fwp%2Fv2%2Fproduct_brand&post=83634"},{"taxonomy":"product_cat","embeddable":true,"href":"https:\/\/www.hediyepazar.com\/index.php?rest_route=%2Fwp%2Fv2%2Fproduct_cat&post=83634"},{"taxonomy":"product_tag","embeddable":true,"href":"https:\/\/www.hediyepazar.com\/index.php?rest_route=%2Fwp%2Fv2%2Fproduct_tag&post=83634"}],"curies":[{"name":"wp","href":"https:\/\/api.w.org\/{rel}","templated":true}]}}