{"id":83640,"date":"2026-04-30T07:16:53","date_gmt":"2026-04-30T10:16:53","guid":{"rendered":"https:\/\/www.hediyepazar.com\/?product=boncuklu-pleksi-gold-ayakli-kahve-cikolata-pasta-sunum-servis-tepsisi"},"modified":"2026-04-30T07:16:53","modified_gmt":"2026-04-30T10:16:53","slug":"boncuklu-pleksi-gold-ayakli-kahve-cikolata-pasta-sunum-servis-tepsisi","status":"publish","type":"product","link":"https:\/\/www.hediyepazar.com\/?product=boncuklu-pleksi-gold-ayakli-kahve-cikolata-pasta-sunum-servis-tepsisi","title":{"rendered":"Boncuklu Pleksi Gold Ayakl\u0131 Kahve \u00c7ikolata Pasta Sunum Servis Tepsisi"},"content":{"rendered":"<table style=\"border-collapse:collapse; width:175pt; border:none\" width=\"234\">\n<colgroup>\n<col style=\"width:175pt\" width=\"234\" \/>\n\t<\/colgroup>\n<tbody>\n<tr height=\"19\" style=\"height:14.4pt\">\n<td height=\"19\" style=\"border:none; height:14.4pt; width:175pt; padding-top:1px; padding-right:1px; padding-left:1px; vertical-align:bottom; white-space:nowrap\" width=\"234\"><span style=\"font-size:11pt\"><span style=\"color:black\"><span style=\"font-weight:400\"><span style=\"font-style:normal\"><span style=\"text-decoration:none\"><span style=\"font-family:Calibri,sans-serif\">Pleksi malzemeden &uuml;retilmi\u015ftir.<br \/>\n\t\t\tAlt\u0131n ayakl\u0131 boncuk detayl\u0131 g&ouml;r&uuml;nt&uuml;s&uuml; ile sunumlar\u0131n\u0131za \u015f\u0131kl\u0131k katacakt\u0131r.<br \/>\n\t\t\tKahve, &ccedil;ikolata ve pasta servisi i&ccedil;in uygundur.<br \/>\n\t\t\tKahvalt\u0131 sofralar\u0131n\u0131zda farkl\u0131 sunumlar yapabilirsiniz.<br \/>\n\t\t\tKahve yanlar\u0131na meyve servisi yapabilir sunumlar\u0131n\u0131zda fark yarat\u0131rs\u0131n\u0131z.<br \/>\n\t\t\t&Ouml;l&ccedil;&uuml;leri: 23*8 cm dir.<\/span><\/span><\/span><\/span><\/span><\/span><\/td>\n<\/tr>\n<\/tbody>\n<\/table>\n","protected":false},"excerpt":{"rendered":"<p>Boncuklu Pleksi Gold Ayakl\u0131 Kahve \u00c7ikolata Pasta Sunum Servis Tepsisi<\/p>\n","protected":false},"featured_media":83639,"comment_status":"open","ping_status":"closed","template":"","meta":{"_kad_post_transparent":"","_kad_post_title":"","_kad_post_layout":"","_kad_post_sidebar_id":"","_kad_post_content_style":"","_kad_post_vertical_padding":"","_kad_post_feature":"","_kad_post_feature_position":"","_kad_post_header":false,"_kad_post_footer":false,"_kad_post_classname":""},"product_brand":[],"product_cat":[557,559,558],"product_tag":[],"class_list":{"0":"post-83640","1":"product","2":"type-product","3":"status-publish","4":"has-post-thumbnail","6":"product_cat-ev-yasam","7":"product_cat-sofra","8":"product_cat-sofra-mutfak-2","10":"first","11":"instock","12":"shipping-taxable","13":"purchasable","14":"product-type-simple","15":"entry","16":"content-bg","17":"loop-entry"},"_links":{"self":[{"href":"https:\/\/www.hediyepazar.com\/index.php?rest_route=\/wp\/v2\/product\/83640","targetHints":{"allow":["GET"]}}],"collection":[{"href":"https:\/\/www.hediyepazar.com\/index.php?rest_route=\/wp\/v2\/product"}],"about":[{"href":"https:\/\/www.hediyepazar.com\/index.php?rest_route=\/wp\/v2\/types\/product"}],"replies":[{"embeddable":true,"href":"https:\/\/www.hediyepazar.com\/index.php?rest_route=%2Fwp%2Fv2%2Fcomments&post=83640"}],"wp:featuredmedia":[{"embeddable":true,"href":"https:\/\/www.hediyepazar.com\/index.php?rest_route=\/wp\/v2\/media\/83639"}],"wp:attachment":[{"href":"https:\/\/www.hediyepazar.com\/index.php?rest_route=%2Fwp%2Fv2%2Fmedia&parent=83640"}],"wp:term":[{"taxonomy":"product_brand","embeddable":true,"href":"https:\/\/www.hediyepazar.com\/index.php?rest_route=%2Fwp%2Fv2%2Fproduct_brand&post=83640"},{"taxonomy":"product_cat","embeddable":true,"href":"https:\/\/www.hediyepazar.com\/index.php?rest_route=%2Fwp%2Fv2%2Fproduct_cat&post=83640"},{"taxonomy":"product_tag","embeddable":true,"href":"https:\/\/www.hediyepazar.com\/index.php?rest_route=%2Fwp%2Fv2%2Fproduct_tag&post=83640"}],"curies":[{"name":"wp","href":"https:\/\/api.w.org\/{rel}","templated":true}]}}