{"id":83658,"date":"2026-04-30T07:18:21","date_gmt":"2026-04-30T10:18:21","guid":{"rendered":"https:\/\/www.hediyepazar.com\/?product=agiss-kartus-sir-agda-azulen"},"modified":"2026-04-30T07:18:21","modified_gmt":"2026-04-30T10:18:21","slug":"agiss-kartus-sir-agda-azulen","status":"publish","type":"product","link":"https:\/\/www.hediyepazar.com\/?product=agiss-kartus-sir-agda-azulen","title":{"rendered":"AGISS Kartu\u015f Sir A\u011fda Azulen"},"content":{"rendered":"<table style=\"border-collapse:collapse; width:229pt; border:none\" width=\"305\">\n<colgroup>\n<col style=\"width:229pt\" width=\"305\" \/>\n\t<\/colgroup>\n<tbody>\n<tr height=\"20\" style=\"height:15.0pt\">\n<td height=\"20\" style=\"border:none; height:15.0pt; width:229pt; padding-top:1px; padding-right:1px; padding-left:1px; vertical-align:bottom; white-space:nowrap\" width=\"305\"><span style=\"font-size:11pt\"><span style=\"color:black\"><span style=\"font-weight:400\"><span style=\"font-style:normal\"><span style=\"text-decoration:none\"><span style=\"font-family:Calibri,sans-serif\">Agiss T&uuml;m Ciltler \u0130&ccedil;in Roll-On Sir A\u011fda Azulen 100 ml Do\u011fal re&ccedil;ine bazl\u0131d\u0131r,<br \/>\n\t\t\t\u015feker i&ccedil;ermez.Sir yap\u0131s\u0131 sayesinde en k\u0131sa t&uuml;yleri bile k&ouml;k&uuml;nden al\u0131r.<br \/>\n\t\t\tD&uuml;zenli kullan\u0131ld\u0131\u011f\u0131nda t&uuml;ylerin incelip, daha ge&ccedil; &ccedil;\u0131kmas\u0131n\u0131 sa\u011flar.<br \/>\n\t\t\tCildin &uuml;zerindeki &ouml;l&uuml; deriyi temizler.Roll-on A\u011fda Nas\u0131l Kullan\u0131l\u0131r?<br \/>\n\t\t\t\u0130lk a\u015famada kullan\u0131ma ba\u015flamadan &ouml;nce, Agiss sir a\u011fda sonras\u0131 temizleme ve masaj ya\u011f\u0131n\u0131 temin ediniz.<br \/>\n\t\t\t\u0130kinci a\u015famada &ouml;celikle cildinizin temiz ve kuru oldu\u011fundan emin olunuz.<br \/>\n\t\t\tAgiss roll-on sir a\u011fday\u0131 &ouml;zel \u0131s\u0131t\u0131c\u0131s\u0131nda ya da kaynayan su i&ccedil;erinde a\u011fda tamamen eriyene kadar \u0131s\u0131t\u0131n\u0131z.<br \/>\n\t\t\tRoll-on ba\u015fl\u0131k &uuml;zerindeki koruma kapa\u011f\u0131n\u0131 &ccedil;\u0131kart\u0131p, ba\u015fl\u0131\u011f\u0131 t&uuml;ylerin &ccedil;\u0131k\u0131\u015f y&ouml;n&uuml;ne do\u011fru a\u011fday\u0131 s&uuml;r&uuml;n&uuml;z,<br \/>\n\t\t\tt&uuml;ylerin &ccedil;\u0131k\u0131\u015f y&ouml;n&uuml;n&uuml;n tersine tek bir ani hareketle &ccedil;ekiniz.<br \/>\n\t\t\tUygulama bittikten sonra Agiss temizleme ya\u011f\u0131 ile cildinizi temizleyiniz.<br \/>\n\t\t\tIs\u0131tma s\u0131ras\u0131nda a\u011fda i&ccedil;erisine su ka&ccedil;\u0131rmay\u0131n\u0131z.<br \/>\n\t\t\tKol ve bacak b&ouml;lgesi i&ccedil;in uygundur.<br \/>\n\t\t\tSir yap\u0131s\u0131ndan dolay\u0131 ayn\u0131 b&ouml;lgeye bir ka&ccedil; kez uygulanmamal\u0131d\u0131r.<br \/>\n\t\t\tDermatolojik olarak test edilmi\u015ftir.<\/span><\/span><\/span><\/span><\/span><\/span><\/td>\n<\/tr>\n<\/tbody>\n<\/table>\n","protected":false},"excerpt":{"rendered":"<p>AGISS Kartu\u015f Sir A\u011fda Azulen<\/p>\n","protected":false},"featured_media":83657,"comment_status":"open","ping_status":"closed","template":"","meta":{"_kad_post_transparent":"","_kad_post_title":"","_kad_post_layout":"","_kad_post_sidebar_id":"","_kad_post_content_style":"","_kad_post_vertical_padding":"","_kad_post_feature":"","_kad_post_feature_position":"","_kad_post_header":false,"_kad_post_footer":false,"_kad_post_classname":""},"product_brand":[],"product_cat":[650,578,452],"product_tag":[],"class_list":{"0":"post-83658","1":"product","2":"type-product","3":"status-publish","4":"has-post-thumbnail","6":"product_cat-agda-ve-tuy-dokucu","7":"product_cat-epilasyon-tiras","8":"product_cat-kozmetik","10":"first","11":"instock","12":"shipping-taxable","13":"purchasable","14":"product-type-simple","15":"entry","16":"content-bg","17":"loop-entry"},"_links":{"self":[{"href":"https:\/\/www.hediyepazar.com\/index.php?rest_route=\/wp\/v2\/product\/83658","targetHints":{"allow":["GET"]}}],"collection":[{"href":"https:\/\/www.hediyepazar.com\/index.php?rest_route=\/wp\/v2\/product"}],"about":[{"href":"https:\/\/www.hediyepazar.com\/index.php?rest_route=\/wp\/v2\/types\/product"}],"replies":[{"embeddable":true,"href":"https:\/\/www.hediyepazar.com\/index.php?rest_route=%2Fwp%2Fv2%2Fcomments&post=83658"}],"wp:featuredmedia":[{"embeddable":true,"href":"https:\/\/www.hediyepazar.com\/index.php?rest_route=\/wp\/v2\/media\/83657"}],"wp:attachment":[{"href":"https:\/\/www.hediyepazar.com\/index.php?rest_route=%2Fwp%2Fv2%2Fmedia&parent=83658"}],"wp:term":[{"taxonomy":"product_brand","embeddable":true,"href":"https:\/\/www.hediyepazar.com\/index.php?rest_route=%2Fwp%2Fv2%2Fproduct_brand&post=83658"},{"taxonomy":"product_cat","embeddable":true,"href":"https:\/\/www.hediyepazar.com\/index.php?rest_route=%2Fwp%2Fv2%2Fproduct_cat&post=83658"},{"taxonomy":"product_tag","embeddable":true,"href":"https:\/\/www.hediyepazar.com\/index.php?rest_route=%2Fwp%2Fv2%2Fproduct_tag&post=83658"}],"curies":[{"name":"wp","href":"https:\/\/api.w.org\/{rel}","templated":true}]}}