{"id":83674,"date":"2026-04-30T07:19:21","date_gmt":"2026-04-30T10:19:21","guid":{"rendered":"https:\/\/www.hediyepazar.com\/?product=metal-tuzluk-biberlik-baharatlik-8-cm"},"modified":"2026-04-30T07:19:21","modified_gmt":"2026-04-30T10:19:21","slug":"metal-tuzluk-biberlik-baharatlik-8-cm","status":"publish","type":"product","link":"https:\/\/www.hediyepazar.com\/?product=metal-tuzluk-biberlik-baharatlik-8-cm","title":{"rendered":"Metal Tuzluk Biberlik Baharatl\u0131k 8 cm"},"content":{"rendered":"<table style=\"border-collapse:collapse; width:170pt; border:none\" width=\"227\">\n<colgroup>\n<col style=\"width:170pt\" width=\"227\" \/>\n\t<\/colgroup>\n<tbody>\n<tr height=\"20\" style=\"height:15.0pt\">\n<td height=\"20\" style=\"border:none; height:15.0pt; width:170pt; padding-top:1px; padding-right:1px; padding-left:1px; vertical-align:bottom; white-space:nowrap\" width=\"227\"><span style=\"font-size:11pt\"><span style=\"color:black\"><span style=\"font-weight:400\"><span style=\"font-style:normal\"><span style=\"text-decoration:none\"><span style=\"font-family:Calibri,sans-serif\">&Uuml;r&uuml;n &Ouml;zellikleri<\/p>\n<p>\t\t\tMalzeme\/Materyal: &Ccedil;elik<br \/>\n\t\t\t&Ouml;l&ccedil;&uuml;: 8 cm S\u0131zd\u0131rmaz kapakl\u0131 yap\u0131s\u0131yla baharatlar\u0131n\u0131z\u0131 nem ve tozdan uzak tutar ve istenmeyen kal\u0131nt\u0131lardan ar\u0131nd\u0131r\u0131r.<\/p>\n<p>\t\t\tMutfak tezgah\u0131n\u0131zda veya masan\u0131zda harika g&ouml;r&uuml;necek &ccedil;ekici bir vurgu yapar ve elinize rahat&ccedil;a s\u0131\u011facak \u015fekilde m&uuml;kemmel boyuttad\u0131r.<\/p>\n<p>\t\t\tKullan\u0131m ve Bak\u0131m Bilgileri<br \/>\n\t\t\t&bull; Bula\u015f\u0131k makinesinde y\u0131kanmas\u0131 uygun de\u011fildir.<br \/>\n\t\t\t&bull; Elde temizlenmesi &ouml;nerilir.<\/span><\/span><\/span><\/span><\/span><\/span><\/td>\n<\/tr>\n<\/tbody>\n<\/table>\n","protected":false},"excerpt":{"rendered":"<p>Metal Tuzluk Biberlik Baharatl\u0131k 8 cm<\/p>\n","protected":false},"featured_media":83673,"comment_status":"open","ping_status":"closed","template":"","meta":{"_kad_post_transparent":"","_kad_post_title":"","_kad_post_layout":"","_kad_post_sidebar_id":"","_kad_post_content_style":"","_kad_post_vertical_padding":"","_kad_post_feature":"","_kad_post_feature_position":"","_kad_post_header":false,"_kad_post_footer":false,"_kad_post_classname":""},"product_brand":[],"product_cat":[557,602,558],"product_tag":[],"class_list":{"0":"post-83674","1":"product","2":"type-product","3":"status-publish","4":"has-post-thumbnail","6":"product_cat-ev-yasam","7":"product_cat-mutfak-saklama-duzenleme","8":"product_cat-sofra-mutfak-2","10":"first","11":"instock","12":"shipping-taxable","13":"purchasable","14":"product-type-simple","15":"entry","16":"content-bg","17":"loop-entry"},"_links":{"self":[{"href":"https:\/\/www.hediyepazar.com\/index.php?rest_route=\/wp\/v2\/product\/83674","targetHints":{"allow":["GET"]}}],"collection":[{"href":"https:\/\/www.hediyepazar.com\/index.php?rest_route=\/wp\/v2\/product"}],"about":[{"href":"https:\/\/www.hediyepazar.com\/index.php?rest_route=\/wp\/v2\/types\/product"}],"replies":[{"embeddable":true,"href":"https:\/\/www.hediyepazar.com\/index.php?rest_route=%2Fwp%2Fv2%2Fcomments&post=83674"}],"wp:featuredmedia":[{"embeddable":true,"href":"https:\/\/www.hediyepazar.com\/index.php?rest_route=\/wp\/v2\/media\/83673"}],"wp:attachment":[{"href":"https:\/\/www.hediyepazar.com\/index.php?rest_route=%2Fwp%2Fv2%2Fmedia&parent=83674"}],"wp:term":[{"taxonomy":"product_brand","embeddable":true,"href":"https:\/\/www.hediyepazar.com\/index.php?rest_route=%2Fwp%2Fv2%2Fproduct_brand&post=83674"},{"taxonomy":"product_cat","embeddable":true,"href":"https:\/\/www.hediyepazar.com\/index.php?rest_route=%2Fwp%2Fv2%2Fproduct_cat&post=83674"},{"taxonomy":"product_tag","embeddable":true,"href":"https:\/\/www.hediyepazar.com\/index.php?rest_route=%2Fwp%2Fv2%2Fproduct_tag&post=83674"}],"curies":[{"name":"wp","href":"https:\/\/api.w.org\/{rel}","templated":true}]}}