{"id":83706,"date":"2026-04-30T07:21:11","date_gmt":"2026-04-30T10:21:11","guid":{"rendered":"https:\/\/www.hediyepazar.com\/?product=agiva-sac-sekillendirici-pudra-wax-20-gr-02-sert-tutus"},"modified":"2026-04-30T07:21:11","modified_gmt":"2026-04-30T10:21:11","slug":"agiva-sac-sekillendirici-pudra-wax-20-gr-02-sert-tutus","status":"publish","type":"product","link":"https:\/\/www.hediyepazar.com\/?product=agiva-sac-sekillendirici-pudra-wax-20-gr-02-sert-tutus","title":{"rendered":"Agiva Sa\u00e7 \u015eekillendirici Pudra Wax 20 GR \/02 Sert Tutu\u015f"},"content":{"rendered":"<table style=\"border-collapse:collapse; width:235pt; border:none\" width=\"314\">\n<colgroup>\n<col style=\"width:235pt\" width=\"314\" \/>\n\t<\/colgroup>\n<tbody>\n<tr height=\"20\" style=\"height:15.0pt\">\n<td height=\"20\" style=\"border:none; height:15.0pt; width:235pt; padding-top:1px; padding-right:1px; padding-left:1px; vertical-align:bottom; white-space:nowrap\" width=\"314\"><span style=\"font-size:11pt\"><span style=\"color:black\"><span style=\"font-weight:400\"><span style=\"font-style:normal\"><span style=\"text-decoration:none\"><span style=\"font-family:Calibri,sans-serif\">AG\u0130VA SA&Ccedil;\u015eEK\u0130LLEND\u0130R\u0130C\u0130 PUDRA WAX 20 GR \/02 SERT TUTU\u015e<br \/>\n\t\t\t&Ouml;ZEL FORM&Uuml;L&Uuml; \u0130LE SA&Ccedil; VE SA&Ccedil; D\u0130PLER\u0130NDE MEYDANA GELENYA\u011eLANMAYI &Ouml;NLER.<br \/>\n\t\t\tSA&Ccedil;INIZDA HAC\u0130M, DOKU, MAT EFEKT VEUZUN S&Uuml;RE TUTUCULUKSA\u011eLAR.<br \/>\n\t\t\tKURU SA&Ccedil;A UYGULANIR, SONRASINDA EL\u0130N\u0130ZLE VEYA TARAK YARDIMI \u0130LESA&Ccedil;INIZA<br \/>\n\t\t\t\u0130STED\u0130\u011e\u0130N\u0130Z \u015eEKL\u0130 VEREB\u0130L\u0130RS\u0130N\u0130Z. KULLANIM \u015eEKL\u0130:SA&Ccedil;PUDRASINI AVUCUNUZA VEYA SA&Ccedil;INIZA<br \/>\n\t\t\tAZ M\u0130KTARDA D&Ouml;K&Uuml;N. SONRA SA&Ccedil;INIZA PUDRA KAYBOLANAKADAR YED\u0130R\u0130N.<br \/>\n\t\t\tBU \u0130\u015eLEMDEN SONRA SA&Ccedil;INIZ DOLGUN G&Ouml;R&Uuml;N&Uuml;P AYNI ZAMANDA\u0130STED\u0130\u011e\u0130N\u0130Z<br \/>\n\t\t\t\u015eEKL\u0130 KOLAYLIKLA VEREB\u0130L\u0130RS\u0130N\u0130Z. UYARILAR:SADECEHAR\u0130C\u0130 KULLANIM \u0130&Ccedil;\u0130ND\u0130R.<br \/>\n\t\t\tG&Ouml;ZLE TEMASINDAN KA&Ccedil;ININIZ. TEMAS HAL\u0130NDE SUYLAYIKAYINIZ.<br \/>\n\t\t\t&Ccedil;OCUKLARIN ULA\u015eAMAYACA\u011eI YERLERDE VE ODA KO\u015eULLARINDA SAKLAYINIZ.<\/span><\/span><\/span><\/span><\/span><\/span><\/td>\n<\/tr>\n<\/tbody>\n<\/table>\n","protected":false},"excerpt":{"rendered":"<p>Agiva Sa\u00e7 \u015eekillendirici Pudra Wax 20 GR \/02 Sert Tutu\u015f<\/p>\n","protected":false},"featured_media":83705,"comment_status":"open","ping_status":"closed","template":"","meta":{"_kad_post_transparent":"","_kad_post_title":"","_kad_post_layout":"","_kad_post_sidebar_id":"","_kad_post_content_style":"","_kad_post_vertical_padding":"","_kad_post_feature":"","_kad_post_feature_position":"","_kad_post_header":false,"_kad_post_footer":false,"_kad_post_classname":""},"product_brand":[],"product_cat":[452,586,711],"product_tag":[],"class_list":{"0":"post-83706","1":"product","2":"type-product","3":"status-publish","4":"has-post-thumbnail","6":"product_cat-kozmetik","7":"product_cat-sac-bakimi","8":"product_cat-sac-sekillendirici-urunler","10":"first","11":"instock","12":"shipping-taxable","13":"purchasable","14":"product-type-simple","15":"entry","16":"content-bg","17":"loop-entry"},"_links":{"self":[{"href":"https:\/\/www.hediyepazar.com\/index.php?rest_route=\/wp\/v2\/product\/83706","targetHints":{"allow":["GET"]}}],"collection":[{"href":"https:\/\/www.hediyepazar.com\/index.php?rest_route=\/wp\/v2\/product"}],"about":[{"href":"https:\/\/www.hediyepazar.com\/index.php?rest_route=\/wp\/v2\/types\/product"}],"replies":[{"embeddable":true,"href":"https:\/\/www.hediyepazar.com\/index.php?rest_route=%2Fwp%2Fv2%2Fcomments&post=83706"}],"wp:featuredmedia":[{"embeddable":true,"href":"https:\/\/www.hediyepazar.com\/index.php?rest_route=\/wp\/v2\/media\/83705"}],"wp:attachment":[{"href":"https:\/\/www.hediyepazar.com\/index.php?rest_route=%2Fwp%2Fv2%2Fmedia&parent=83706"}],"wp:term":[{"taxonomy":"product_brand","embeddable":true,"href":"https:\/\/www.hediyepazar.com\/index.php?rest_route=%2Fwp%2Fv2%2Fproduct_brand&post=83706"},{"taxonomy":"product_cat","embeddable":true,"href":"https:\/\/www.hediyepazar.com\/index.php?rest_route=%2Fwp%2Fv2%2Fproduct_cat&post=83706"},{"taxonomy":"product_tag","embeddable":true,"href":"https:\/\/www.hediyepazar.com\/index.php?rest_route=%2Fwp%2Fv2%2Fproduct_tag&post=83706"}],"curies":[{"name":"wp","href":"https:\/\/api.w.org\/{rel}","templated":true}]}}