{"id":83712,"date":"2026-04-30T07:21:32","date_gmt":"2026-04-30T10:21:32","guid":{"rendered":"https:\/\/www.hediyepazar.com\/?product=agiva-hair-waw-sac-sekillendirici-01-155ml"},"modified":"2026-04-30T07:21:32","modified_gmt":"2026-04-30T10:21:32","slug":"agiva-hair-waw-sac-sekillendirici-01-155ml","status":"publish","type":"product","link":"https:\/\/www.hediyepazar.com\/?product=agiva-hair-waw-sac-sekillendirici-01-155ml","title":{"rendered":"Agiva Hair Waw Sa\u00e7 \u015eekillendirici 01 155ML"},"content":{"rendered":"<table style=\"border-collapse:collapse; width:229pt; border:none\" width=\"305\">\n<colgroup>\n<col style=\"width:229pt\" width=\"305\" \/>\n\t<\/colgroup>\n<tbody>\n<tr height=\"20\" style=\"height:15.0pt\">\n<td height=\"20\" style=\"border:none; height:15.0pt; width:229pt; padding-top:1px; padding-right:1px; padding-left:1px; vertical-align:bottom; white-space:nowrap\" width=\"305\"><span style=\"font-size:11pt\"><span style=\"color:black\"><span style=\"font-weight:400\"><span style=\"font-style:normal\"><span style=\"text-decoration:none\"><span style=\"font-family:Calibri,sans-serif\">Agiva Hair Wax sa&ccedil;\u0131n\u0131z\u0131n do\u011fal nemini koruyarak kurumas\u0131n\u0131 &ouml;nler ve en dayan\u0131kl\u0131 tutu\u015fu sa\u011flar.<br \/>\n\t\t\tKULLANIM : Sa&ccedil;\u0131n uzunlu\u011funa g&ouml;re istedi\u011finiz miktarda wax\u0131 hafif nemli sa&ccedil;a e\u015fit \u015fekilde uygulay\u0131n<br \/>\n\t\t\tve istedi\u011finiz \u015fekilde \u015fekil verin.<br \/>\n\t\t\t&Uuml;r&uuml;n&uuml;n Etiketinde Yer Alan Uyar\u0131lar: Sadece harici kullan\u0131m i&ccedil;indir.<br \/>\n\t\t\tG&ouml;z ile temas\u0131ndan sak\u0131n\u0131n\u0131z. Temas halinde bol su ile durulay\u0131n\u0131z.<br \/>\n\t\t\t&Ccedil;ocuklar\u0131n ula\u015famayaca\u011f\u0131 yerde ve oda s\u0131cakl\u0131\u011f\u0131nda muhafaza ediniz.<\/span><\/span><\/span><\/span><\/span><\/span><\/td>\n<\/tr>\n<\/tbody>\n<\/table>\n","protected":false},"excerpt":{"rendered":"<p>Agiva Hair Waw Sa\u00e7 \u015eekillendirici 01 155ML<\/p>\n","protected":false},"featured_media":83711,"comment_status":"open","ping_status":"closed","template":"","meta":{"_kad_post_transparent":"","_kad_post_title":"","_kad_post_layout":"","_kad_post_sidebar_id":"","_kad_post_content_style":"","_kad_post_vertical_padding":"","_kad_post_feature":"","_kad_post_feature_position":"","_kad_post_header":false,"_kad_post_footer":false,"_kad_post_classname":""},"product_brand":[],"product_cat":[452,586,711],"product_tag":[],"class_list":{"0":"post-83712","1":"product","2":"type-product","3":"status-publish","4":"has-post-thumbnail","6":"product_cat-kozmetik","7":"product_cat-sac-bakimi","8":"product_cat-sac-sekillendirici-urunler","10":"first","11":"instock","12":"shipping-taxable","13":"purchasable","14":"product-type-simple","15":"entry","16":"content-bg","17":"loop-entry"},"_links":{"self":[{"href":"https:\/\/www.hediyepazar.com\/index.php?rest_route=\/wp\/v2\/product\/83712","targetHints":{"allow":["GET"]}}],"collection":[{"href":"https:\/\/www.hediyepazar.com\/index.php?rest_route=\/wp\/v2\/product"}],"about":[{"href":"https:\/\/www.hediyepazar.com\/index.php?rest_route=\/wp\/v2\/types\/product"}],"replies":[{"embeddable":true,"href":"https:\/\/www.hediyepazar.com\/index.php?rest_route=%2Fwp%2Fv2%2Fcomments&post=83712"}],"wp:featuredmedia":[{"embeddable":true,"href":"https:\/\/www.hediyepazar.com\/index.php?rest_route=\/wp\/v2\/media\/83711"}],"wp:attachment":[{"href":"https:\/\/www.hediyepazar.com\/index.php?rest_route=%2Fwp%2Fv2%2Fmedia&parent=83712"}],"wp:term":[{"taxonomy":"product_brand","embeddable":true,"href":"https:\/\/www.hediyepazar.com\/index.php?rest_route=%2Fwp%2Fv2%2Fproduct_brand&post=83712"},{"taxonomy":"product_cat","embeddable":true,"href":"https:\/\/www.hediyepazar.com\/index.php?rest_route=%2Fwp%2Fv2%2Fproduct_cat&post=83712"},{"taxonomy":"product_tag","embeddable":true,"href":"https:\/\/www.hediyepazar.com\/index.php?rest_route=%2Fwp%2Fv2%2Fproduct_tag&post=83712"}],"curies":[{"name":"wp","href":"https:\/\/api.w.org\/{rel}","templated":true}]}}