{"id":83716,"date":"2026-04-30T07:21:44","date_gmt":"2026-04-30T10:21:44","guid":{"rendered":"https:\/\/www.hediyepazar.com\/?product=agiss-boncuk-soyulabilir-inci-el-agdasi-normal-ciltler"},"modified":"2026-04-30T07:21:44","modified_gmt":"2026-04-30T10:21:44","slug":"agiss-boncuk-soyulabilir-inci-el-agdasi-normal-ciltler","status":"publish","type":"product","link":"https:\/\/www.hediyepazar.com\/?product=agiss-boncuk-soyulabilir-inci-el-agdasi-normal-ciltler","title":{"rendered":"AGISS Boncuk Soyulabilir Inci El A\u011fdas\u0131-normal Ciltler"},"content":{"rendered":"<table style=\"border-collapse:collapse; width:229pt; border:none\" width=\"305\">\n<colgroup>\n<col style=\"width:229pt\" width=\"305\" \/>\n\t<\/colgroup>\n<tbody>\n<tr height=\"20\" style=\"height:15.0pt\">\n<td height=\"20\" style=\"border:none; height:15.0pt; width:229pt; padding-top:1px; padding-right:1px; padding-left:1px; vertical-align:bottom; white-space:nowrap\" width=\"305\"><span style=\"font-size:11pt\"><span style=\"color:black\"><span style=\"font-weight:400\"><span style=\"font-style:normal\"><span style=\"text-decoration:none\"><span style=\"font-family:Calibri,sans-serif\">Agiss Boncuk Soyulabilir \u0130nci El A\u011fdas\u0131-Normal Ciltler Agiss Normal Ciltler i&ccedil;in<br \/>\n\t\t\tBoncuk Soyulabilir \u0130nci El A\u011fdas\u0131 220 G \u0130stenmeyen t&uuml;ylerden kurtulman\u0131n en etkili yollar\u0131ndan biri \u015f&uuml;phesiz a\u011fdad\u0131r.<br \/>\n\t\t\t&lsquo;A\u011fda zor ve zahmetli bir y&ouml;ntemdir&rsquo; fikrinizi bu &uuml;r&uuml;nle de\u011fi\u015ftireceksiniz.<br \/>\n\t\t\tKolay kullan\u0131m\u0131 ve etkili sonu&ccedil;lar\u0131yla bu &uuml;r&uuml;nden vazge&ccedil;emeyeceksiniz.<br \/>\n\t\t\tKolay Kullan\u0131m Boncuk a\u011fda ilk olarak a\u011fda \u0131s\u0131t\u0131c\u0131s\u0131nda \u0131s\u0131t\u0131lmal\u0131d\u0131r.<br \/>\n\t\t\tA\u011fda \u0131s\u0131t\u0131c\u0131s\u0131 istenilen s\u0131cakl\u0131\u011fa geldi\u011finde i&ccedil;erisine 2-3 &ccedil;orba ka\u015f\u0131\u011f\u0131 boncuk a\u011fda ilave edilir.<br \/>\n\t\t\tBoncuk a\u011fda 15-20 dakika bekletilerek erimesi sa\u011flan\u0131r.<br \/>\n\t\t\tBoncuklar eridi\u011finde kal\u0131n bir k\u0131vam al\u0131r ve ilgili b&ouml;lgeye s&uuml;r&uuml;lebilir hale gelir.<br \/>\n\t\t\tA\u011fday\u0131 spatula ile alarak k\u0131l k&ouml;klerinin uzad\u0131\u011f\u0131 y&ouml;ne do\u011fru s&uuml;rmeli ve daha sonra kurumas\u0131 i&ccedil;in 2-3 dakika beklemelisiniz.<br \/>\n\t\t\tArd\u0131ndan k\u0131llar\u0131 uzad\u0131\u011f\u0131 y&ouml;n&uuml;n&uuml;n tersine do\u011fru &ccedil;ekerek istenmeyen t&uuml;ylerinizden kurtulacaks\u0131n\u0131z.<br \/>\n\t\t\tNormal Cilt Tiplerine Uygun Agiss, soyulabilir a\u011fda normal cilt tipine uygundur.<br \/>\n\t\t\tBedeninizde herhangi bir olumsuz duruma sebebiyet vermez.<br \/>\n\t\t\tSize sadece p&uuml;r&uuml;zs&uuml;z teninizin tad\u0131n\u0131 &ccedil;\u0131karmak kalacak.<br \/>\n\t\t\t? Kolay kullan\u0131m sa\u011flar. ? Normal cilt tiplerine uygundur. ? Soyulabilir &ouml;zellikte oldu\u011fundan a\u011fda bezi gerektirmez<\/span><\/span><\/span><\/span><\/span><\/span><\/td>\n<\/tr>\n<\/tbody>\n<\/table>\n","protected":false},"excerpt":{"rendered":"<p>AGISS Boncuk Soyulabilir Inci El A\u011fdas\u0131-normal Ciltler<\/p>\n","protected":false},"featured_media":83715,"comment_status":"open","ping_status":"closed","template":"","meta":{"_kad_post_transparent":"","_kad_post_title":"","_kad_post_layout":"","_kad_post_sidebar_id":"","_kad_post_content_style":"","_kad_post_vertical_padding":"","_kad_post_feature":"","_kad_post_feature_position":"","_kad_post_header":false,"_kad_post_footer":false,"_kad_post_classname":""},"product_brand":[],"product_cat":[650,578,452],"product_tag":[],"class_list":{"0":"post-83716","1":"product","2":"type-product","3":"status-publish","4":"has-post-thumbnail","6":"product_cat-agda-ve-tuy-dokucu","7":"product_cat-epilasyon-tiras","8":"product_cat-kozmetik","10":"first","11":"instock","12":"shipping-taxable","13":"purchasable","14":"product-type-simple","15":"entry","16":"content-bg","17":"loop-entry"},"_links":{"self":[{"href":"https:\/\/www.hediyepazar.com\/index.php?rest_route=\/wp\/v2\/product\/83716","targetHints":{"allow":["GET"]}}],"collection":[{"href":"https:\/\/www.hediyepazar.com\/index.php?rest_route=\/wp\/v2\/product"}],"about":[{"href":"https:\/\/www.hediyepazar.com\/index.php?rest_route=\/wp\/v2\/types\/product"}],"replies":[{"embeddable":true,"href":"https:\/\/www.hediyepazar.com\/index.php?rest_route=%2Fwp%2Fv2%2Fcomments&post=83716"}],"wp:featuredmedia":[{"embeddable":true,"href":"https:\/\/www.hediyepazar.com\/index.php?rest_route=\/wp\/v2\/media\/83715"}],"wp:attachment":[{"href":"https:\/\/www.hediyepazar.com\/index.php?rest_route=%2Fwp%2Fv2%2Fmedia&parent=83716"}],"wp:term":[{"taxonomy":"product_brand","embeddable":true,"href":"https:\/\/www.hediyepazar.com\/index.php?rest_route=%2Fwp%2Fv2%2Fproduct_brand&post=83716"},{"taxonomy":"product_cat","embeddable":true,"href":"https:\/\/www.hediyepazar.com\/index.php?rest_route=%2Fwp%2Fv2%2Fproduct_cat&post=83716"},{"taxonomy":"product_tag","embeddable":true,"href":"https:\/\/www.hediyepazar.com\/index.php?rest_route=%2Fwp%2Fv2%2Fproduct_tag&post=83716"}],"curies":[{"name":"wp","href":"https:\/\/api.w.org\/{rel}","templated":true}]}}