{"id":83780,"date":"2026-04-30T07:25:37","date_gmt":"2026-04-30T10:25:37","guid":{"rendered":"https:\/\/www.hediyepazar.com\/?product=pembe-kedi-figurlu-acilmaz-plastik-kumbara-20x13-cm"},"modified":"2026-04-30T07:25:37","modified_gmt":"2026-04-30T10:25:37","slug":"pembe-kedi-figurlu-acilmaz-plastik-kumbara-20x13-cm","status":"publish","type":"product","link":"https:\/\/www.hediyepazar.com\/?product=pembe-kedi-figurlu-acilmaz-plastik-kumbara-20x13-cm","title":{"rendered":"Pembe Kedi Fig\u00fcrl\u00fc A\u00e7\u0131lmaz Plastik Kumbara 20&#215;13 cm"},"content":{"rendered":"<table style=\"border-collapse:collapse; width:294pt; border:none\" width=\"392\">\n<colgroup>\n<col style=\"width:294pt\" width=\"392\" \/>\n\t<\/colgroup>\n<tbody>\n<tr height=\"20\" style=\"height:15.0pt\">\n<td class=\"xl65\" height=\"20\" style=\"border:none; height:15.0pt; width:294pt; text-align:left; padding-top:1px; padding-right:1px; padding-left:1px; vertical-align:bottom; white-space:nowrap\" width=\"392\"><span style=\"font-size:11pt\"><span style=\"color:black\"><span style=\"font-weight:400\"><span style=\"font-style:normal\"><span style=\"text-decoration:none\"><span style=\"font-family:Calibri,sans-serif\">Pembe Kedi Fig&uuml;rl&uuml; A&ccedil;\u0131lmaz Plastik Kumbara 20&#215;13 cm<\/span><\/span><\/span><\/span><\/span><\/span><\/td>\n<\/tr>\n<\/tbody>\n<\/table>\n","protected":false},"excerpt":{"rendered":"<p>Pembe Kedi Fig\u00fcrl\u00fc A\u00e7\u0131lmaz Plastik Kumbara 20&#215;13 cm<\/p>\n","protected":false},"featured_media":83779,"comment_status":"open","ping_status":"closed","template":"","meta":{"_kad_post_transparent":"","_kad_post_title":"","_kad_post_layout":"","_kad_post_sidebar_id":"","_kad_post_content_style":"","_kad_post_vertical_padding":"","_kad_post_feature":"","_kad_post_feature_position":"","_kad_post_header":false,"_kad_post_footer":false,"_kad_post_classname":""},"product_brand":[],"product_cat":[557,698,568],"product_tag":[],"class_list":{"0":"post-83780","1":"product","2":"type-product","3":"status-publish","4":"has-post-thumbnail","6":"product_cat-ev-yasam","7":"product_cat-hediyelik-urunler","8":"product_cat-hobi","10":"first","11":"instock","12":"shipping-taxable","13":"purchasable","14":"product-type-simple","15":"entry","16":"content-bg","17":"loop-entry"},"_links":{"self":[{"href":"https:\/\/www.hediyepazar.com\/index.php?rest_route=\/wp\/v2\/product\/83780","targetHints":{"allow":["GET"]}}],"collection":[{"href":"https:\/\/www.hediyepazar.com\/index.php?rest_route=\/wp\/v2\/product"}],"about":[{"href":"https:\/\/www.hediyepazar.com\/index.php?rest_route=\/wp\/v2\/types\/product"}],"replies":[{"embeddable":true,"href":"https:\/\/www.hediyepazar.com\/index.php?rest_route=%2Fwp%2Fv2%2Fcomments&post=83780"}],"wp:featuredmedia":[{"embeddable":true,"href":"https:\/\/www.hediyepazar.com\/index.php?rest_route=\/wp\/v2\/media\/83779"}],"wp:attachment":[{"href":"https:\/\/www.hediyepazar.com\/index.php?rest_route=%2Fwp%2Fv2%2Fmedia&parent=83780"}],"wp:term":[{"taxonomy":"product_brand","embeddable":true,"href":"https:\/\/www.hediyepazar.com\/index.php?rest_route=%2Fwp%2Fv2%2Fproduct_brand&post=83780"},{"taxonomy":"product_cat","embeddable":true,"href":"https:\/\/www.hediyepazar.com\/index.php?rest_route=%2Fwp%2Fv2%2Fproduct_cat&post=83780"},{"taxonomy":"product_tag","embeddable":true,"href":"https:\/\/www.hediyepazar.com\/index.php?rest_route=%2Fwp%2Fv2%2Fproduct_tag&post=83780"}],"curies":[{"name":"wp","href":"https:\/\/api.w.org\/{rel}","templated":true}]}}