{"id":83784,"date":"2026-04-30T07:25:49","date_gmt":"2026-04-30T10:25:49","guid":{"rendered":"https:\/\/www.hediyepazar.com\/?product=lavin-premium-pilli-ledli-lambader"},"modified":"2026-04-30T07:25:49","modified_gmt":"2026-04-30T10:25:49","slug":"lavin-premium-pilli-ledli-lambader","status":"publish","type":"product","link":"https:\/\/www.hediyepazar.com\/?product=lavin-premium-pilli-ledli-lambader","title":{"rendered":"Lavin Premium Pilli Ledli Lambader"},"content":{"rendered":"<table style=\"border-collapse:collapse; width:170pt; border:none\" width=\"227\">\n<colgroup>\n<col style=\"width:170pt\" width=\"227\" \/>\n\t<\/colgroup>\n<tbody>\n<tr height=\"21\" style=\"height:15.75pt\">\n<td class=\"xl63\" height=\"21\" style=\"border:none; height:15.75pt; width:170pt; padding-top:1px; padding-right:1px; padding-left:1px; vertical-align:bottom; white-space:nowrap\" width=\"227\"><span style=\"font-size:11pt\"><span style=\"font-weight:400\"><span style=\"font-style:normal\"><span style=\"text-decoration:none\"><span style=\"font-family:Calibri,sans-serif\">KISILABILIR KR\u0130STAL LAMBA<br \/>\n\t\t\t&#8211; Tekstap Kristal Masa Lambas\u0131 Lambas\u0131, farkl\u0131 ayd\u0131nlatma ihtiya&ccedil;lar\u0131n\u0131z\u0131 kar\u015f\u0131lamak i&ccedil;in so\u011fuk \u0131\u015f\u0131k,<br \/>\n\t\t\tn&ouml;tr \u0131\u015f\u0131k ve s\u0131cak \u0131\u015f\u0131k 3 ayd\u0131nlatma modu i&ccedil;erir. D&uuml;\u011fmeye nazik&ccedil;e dokunmak ve tutmak parlakl\u0131k<br \/>\n\t\t\tayar\u0131n\u0131% 30 -% 100 aras\u0131nda ger&ccedil;ekle\u015ftirebilir.<br \/>\n\t\t\t\u015eARJ ED\u0130L\u0130R KR\u0130STAL MASA LAMBASI<br \/>\n\t\t\t&#8211; Kristal dokunmatik kontrol lambas\u0131, bir Tip-C ba\u011flant\u0131 noktas\u0131 (USB-C kablosu dahil) &uuml;zerinden rahat&ccedil;a \u015farj edilebilir.<br \/>\n\t\t\tTamamen \u015farj olmas\u0131 sadece 3 saate mal olur ve 8 saate kadar &ccedil;al\u0131\u015fabilir.<br \/>\n\t\t\tSA\u011eLAM DOKUNMATIK LAMBA &#8211; Kristal gece lambas\u0131, darbeye dayanabilen ve kolayca deforme olmayan kat\u0131 akrilik<br \/>\n\t\t\tmalzemeden yap\u0131lm\u0131\u015ft\u0131r. %95 y&uuml;ksek \u0131\u015f\u0131k ge&ccedil;irgenli\u011fi, kristal lambadan yay\u0131lan \u0131\u015f\u0131\u011f\u0131 daha canl\u0131 ve parlak hale getirir.<\/span><\/span><\/span><\/span><\/span><\/td>\n<\/tr>\n<\/tbody>\n<\/table>\n","protected":false},"excerpt":{"rendered":"<p>Lavin Premium Pilli Ledli Lambader<\/p>\n","protected":false},"featured_media":83783,"comment_status":"open","ping_status":"closed","template":"","meta":{"_kad_post_transparent":"","_kad_post_title":"","_kad_post_layout":"","_kad_post_sidebar_id":"","_kad_post_content_style":"","_kad_post_vertical_padding":"","_kad_post_feature":"","_kad_post_feature_position":"","_kad_post_header":false,"_kad_post_footer":false,"_kad_post_classname":""},"product_brand":[],"product_cat":[705,557,623],"product_tag":[],"class_list":{"0":"post-83784","1":"product","2":"type-product","3":"status-publish","4":"has-post-thumbnail","6":"product_cat-aydinlatma","7":"product_cat-ev-yasam","8":"product_cat-mobilya","10":"first","11":"instock","12":"shipping-taxable","13":"purchasable","14":"product-type-simple","15":"entry","16":"content-bg","17":"loop-entry"},"_links":{"self":[{"href":"https:\/\/www.hediyepazar.com\/index.php?rest_route=\/wp\/v2\/product\/83784","targetHints":{"allow":["GET"]}}],"collection":[{"href":"https:\/\/www.hediyepazar.com\/index.php?rest_route=\/wp\/v2\/product"}],"about":[{"href":"https:\/\/www.hediyepazar.com\/index.php?rest_route=\/wp\/v2\/types\/product"}],"replies":[{"embeddable":true,"href":"https:\/\/www.hediyepazar.com\/index.php?rest_route=%2Fwp%2Fv2%2Fcomments&post=83784"}],"wp:featuredmedia":[{"embeddable":true,"href":"https:\/\/www.hediyepazar.com\/index.php?rest_route=\/wp\/v2\/media\/83783"}],"wp:attachment":[{"href":"https:\/\/www.hediyepazar.com\/index.php?rest_route=%2Fwp%2Fv2%2Fmedia&parent=83784"}],"wp:term":[{"taxonomy":"product_brand","embeddable":true,"href":"https:\/\/www.hediyepazar.com\/index.php?rest_route=%2Fwp%2Fv2%2Fproduct_brand&post=83784"},{"taxonomy":"product_cat","embeddable":true,"href":"https:\/\/www.hediyepazar.com\/index.php?rest_route=%2Fwp%2Fv2%2Fproduct_cat&post=83784"},{"taxonomy":"product_tag","embeddable":true,"href":"https:\/\/www.hediyepazar.com\/index.php?rest_route=%2Fwp%2Fv2%2Fproduct_tag&post=83784"}],"curies":[{"name":"wp","href":"https:\/\/api.w.org\/{rel}","templated":true}]}}