{"id":83796,"date":"2026-04-30T07:26:33","date_gmt":"2026-04-30T10:26:33","guid":{"rendered":"https:\/\/www.hediyepazar.com\/?product=nostaljik-polyester-telefon-muzik-ve-taki-mucevher-kutusu-beyaz"},"modified":"2026-04-30T07:26:33","modified_gmt":"2026-04-30T10:26:33","slug":"nostaljik-polyester-telefon-muzik-ve-taki-mucevher-kutusu-beyaz","status":"publish","type":"product","link":"https:\/\/www.hediyepazar.com\/?product=nostaljik-polyester-telefon-muzik-ve-taki-mucevher-kutusu-beyaz","title":{"rendered":"Nostaljik Polyester Telefon M\u00fczik Ve Tak\u0131 M\u00fccevher Kutusu (beyaz)"},"content":{"rendered":"<table style=\"border-collapse:collapse; width:170pt; border:none\" width=\"227\">\n<colgroup>\n<col style=\"width:170pt\" width=\"227\" \/>\n\t<\/colgroup>\n<tbody>\n<tr height=\"21\" style=\"height:15.75pt\">\n<td class=\"xl65\" height=\"21\" style=\"border:none; height:15.75pt; width:170pt; padding-top:1px; padding-right:1px; padding-left:1px; vertical-align:bottom; white-space:nowrap\" width=\"227\"><span style=\"font-size:11pt\"><span style=\"font-weight:400\"><span style=\"font-style:normal\"><span style=\"text-decoration:none\"><span style=\"font-family:Calibri,sans-serif\">Nostaljik Polyester Telefon M&uuml;zik ve Tak\u0131 M&uuml;cevher Kutusu (Beyaz)<br \/>\n\t\t\t-Nostaljik Telefon M&uuml;zik Kutusu ve M&uuml;cevher Kutusu harika bir hediye.<br \/>\n\t\t\t-K&uuml;&ccedil;&uuml;k m&uuml;cevherleri veya hediyelik e\u015fyalar\u0131 saklamak i&ccedil;in m&uuml;kemmel iki k&uuml;&ccedil;&uuml;k &ccedil;ekmece bulunur.<br \/>\n\t\t\t-Bu g&uuml;zel ve e\u015fsiz Kurmal\u0131 M&uuml;zik Kutusu e\u011flendirmek ya da sadece dinlendirici ve rahatlamak i&ccedil;in m&uuml;kemmeldir.<br \/>\n\t\t\t&Uuml;r&uuml;n &Ouml;zellikleri: Kaliteli plastik malzemeden &uuml;retilmi\u015ftir.<br \/>\n\t\t\tDekoratif yap\u0131s\u0131n\u0131n yan\u0131nda M&uuml;zik kutusu &ouml;zelli\u011fine de sahiptir.<br \/>\n\t\t\tTelefon tu\u015flar\u0131n\u0131 &ccedil;evirerek m&uuml;zik kutunuzu kurabilirsiniz.<br \/>\n\t\t\tAhizeyi kald\u0131rd\u0131\u011f\u0131n\u0131zda ise tu\u015flar d&ouml;nmeye ba\u015flar ve m&uuml;zik &ccedil;alar.<br \/>\n\t\t\tSevdikleriniz i&ccedil;in nostaljik hediye m&uuml;zik kutusu<br \/>\n\t\t\t&Ouml;n k\u0131sm\u0131nda k&uuml;&ccedil;&uuml;k e\u015fyalar\u0131n\u0131z i&ccedil;in 2 adet &ccedil;ekmece bulunmaktad\u0131r.<br \/>\n\t\t\t&Uuml;r&uuml;n Ebatlar\u0131 : En : 17 cm Boy : 21 cm Y&uuml;kseklik : 17<\/span><\/span><\/span><\/span><\/span><\/td>\n<\/tr>\n<\/tbody>\n<\/table>\n","protected":false},"excerpt":{"rendered":"<p>Nostaljik Polyester Telefon M\u00fczik Ve Tak\u0131 M\u00fccevher Kutusu (beyaz)<\/p>\n","protected":false},"featured_media":83795,"comment_status":"open","ping_status":"closed","template":"","meta":{"_kad_post_transparent":"","_kad_post_title":"","_kad_post_layout":"","_kad_post_sidebar_id":"","_kad_post_content_style":"","_kad_post_vertical_padding":"","_kad_post_feature":"","_kad_post_feature_position":"","_kad_post_header":false,"_kad_post_footer":false,"_kad_post_classname":""},"product_brand":[],"product_cat":[557,698,568],"product_tag":[],"class_list":{"0":"post-83796","1":"product","2":"type-product","3":"status-publish","4":"has-post-thumbnail","6":"product_cat-ev-yasam","7":"product_cat-hediyelik-urunler","8":"product_cat-hobi","10":"first","11":"instock","12":"shipping-taxable","13":"purchasable","14":"product-type-simple","15":"entry","16":"content-bg","17":"loop-entry"},"_links":{"self":[{"href":"https:\/\/www.hediyepazar.com\/index.php?rest_route=\/wp\/v2\/product\/83796","targetHints":{"allow":["GET"]}}],"collection":[{"href":"https:\/\/www.hediyepazar.com\/index.php?rest_route=\/wp\/v2\/product"}],"about":[{"href":"https:\/\/www.hediyepazar.com\/index.php?rest_route=\/wp\/v2\/types\/product"}],"replies":[{"embeddable":true,"href":"https:\/\/www.hediyepazar.com\/index.php?rest_route=%2Fwp%2Fv2%2Fcomments&post=83796"}],"wp:featuredmedia":[{"embeddable":true,"href":"https:\/\/www.hediyepazar.com\/index.php?rest_route=\/wp\/v2\/media\/83795"}],"wp:attachment":[{"href":"https:\/\/www.hediyepazar.com\/index.php?rest_route=%2Fwp%2Fv2%2Fmedia&parent=83796"}],"wp:term":[{"taxonomy":"product_brand","embeddable":true,"href":"https:\/\/www.hediyepazar.com\/index.php?rest_route=%2Fwp%2Fv2%2Fproduct_brand&post=83796"},{"taxonomy":"product_cat","embeddable":true,"href":"https:\/\/www.hediyepazar.com\/index.php?rest_route=%2Fwp%2Fv2%2Fproduct_cat&post=83796"},{"taxonomy":"product_tag","embeddable":true,"href":"https:\/\/www.hediyepazar.com\/index.php?rest_route=%2Fwp%2Fv2%2Fproduct_tag&post=83796"}],"curies":[{"name":"wp","href":"https:\/\/api.w.org\/{rel}","templated":true}]}}