{"id":83800,"date":"2026-04-30T07:26:43","date_gmt":"2026-04-30T10:26:43","guid":{"rendered":"https:\/\/www.hediyepazar.com\/?product=daktilo-seklinde-hareketli-muzik-kutusu-yf-2287"},"modified":"2026-04-30T07:26:43","modified_gmt":"2026-04-30T10:26:43","slug":"daktilo-seklinde-hareketli-muzik-kutusu-yf-2287","status":"publish","type":"product","link":"https:\/\/www.hediyepazar.com\/?product=daktilo-seklinde-hareketli-muzik-kutusu-yf-2287","title":{"rendered":"Daktilo \u015eeklinde Hareketli M\u00fczik Kutusu Yf-2287"},"content":{"rendered":"<table style=\"border-collapse:collapse; width:170pt; border:none\" width=\"227\">\n<colgroup>\n<col style=\"width:170pt\" width=\"227\" \/>\n\t<\/colgroup>\n<tbody>\n<tr height=\"21\" style=\"height:15.75pt\">\n<td class=\"xl65\" height=\"21\" style=\"border:none; height:15.75pt; width:170pt; padding-top:1px; padding-right:1px; padding-left:1px; vertical-align:bottom; white-space:nowrap\" width=\"227\"><span style=\"font-size:11pt\"><span style=\"font-weight:400\"><span style=\"font-style:normal\"><span style=\"text-decoration:none\"><span style=\"font-family:Calibri,sans-serif\">Daktilo Hareketli M&uuml;zik Kutusu<\/p>\n<p>\t\t\tDaktilo G&ouml;r&uuml;n&uuml;ml&uuml; M&uuml;zik Kutusu<\/p>\n<p>\t\t\tNostaljiyi seven &ouml;zellikle de klasik e\u015fya ve koleksiyon tutkunu sevdiklerinize hediye edebilece\u011finiz Daktilo G&ouml;r&uuml;n&uuml;ml&uuml; M&uuml;zik Kutusu sizlerle&#8230;<br \/>\n\t\t\tNostaljik daktiloyu and\u0131ran tasar\u0131m\u0131yla fark yaratan bu m&uuml;zik kutusu kurulup &ccedil;ekmecesi a&ccedil;\u0131ld\u0131\u011f\u0131nda Beethoven &#8211; F&uuml;r Elise melodisi &ccedil;almaktad\u0131r.<br \/>\n\t\t\tBu tasar\u0131m harikas\u0131 &uuml;r&uuml;n&uuml; siz de &ccedil;ok be\u011feneceksiniz.<\/p>\n<p>\t\t\t&Uuml;r&uuml;n &Ouml;zellikleri<br \/>\n\t\t\tNostaljik yap\u0131dad\u0131r.<br \/>\n\t\t\tDekoratiftir.<br \/>\n\t\t\tBeethoven &#8211; F&uuml;r Elise melodisi &ccedil;almaktad\u0131r.<\/p>\n<p>\t\t\t&Uuml;r&uuml;n &Ouml;l&ccedil;&uuml;leri<br \/>\n\t\t\t14.5 Cm x 11 Cm x 3.5 Cm<\/span><\/span><\/span><\/span><\/span><\/td>\n<\/tr>\n<\/tbody>\n<\/table>\n","protected":false},"excerpt":{"rendered":"<p>Daktilo \u015eeklinde Hareketli M\u00fczik Kutusu Yf-2287<\/p>\n","protected":false},"featured_media":83799,"comment_status":"open","ping_status":"closed","template":"","meta":{"_kad_post_transparent":"","_kad_post_title":"","_kad_post_layout":"","_kad_post_sidebar_id":"","_kad_post_content_style":"","_kad_post_vertical_padding":"","_kad_post_feature":"","_kad_post_feature_position":"","_kad_post_header":false,"_kad_post_footer":false,"_kad_post_classname":""},"product_brand":[],"product_cat":[557,698,568],"product_tag":[],"class_list":{"0":"post-83800","1":"product","2":"type-product","3":"status-publish","4":"has-post-thumbnail","6":"product_cat-ev-yasam","7":"product_cat-hediyelik-urunler","8":"product_cat-hobi","10":"first","11":"instock","12":"shipping-taxable","13":"purchasable","14":"product-type-simple","15":"entry","16":"content-bg","17":"loop-entry"},"_links":{"self":[{"href":"https:\/\/www.hediyepazar.com\/index.php?rest_route=\/wp\/v2\/product\/83800","targetHints":{"allow":["GET"]}}],"collection":[{"href":"https:\/\/www.hediyepazar.com\/index.php?rest_route=\/wp\/v2\/product"}],"about":[{"href":"https:\/\/www.hediyepazar.com\/index.php?rest_route=\/wp\/v2\/types\/product"}],"replies":[{"embeddable":true,"href":"https:\/\/www.hediyepazar.com\/index.php?rest_route=%2Fwp%2Fv2%2Fcomments&post=83800"}],"wp:featuredmedia":[{"embeddable":true,"href":"https:\/\/www.hediyepazar.com\/index.php?rest_route=\/wp\/v2\/media\/83799"}],"wp:attachment":[{"href":"https:\/\/www.hediyepazar.com\/index.php?rest_route=%2Fwp%2Fv2%2Fmedia&parent=83800"}],"wp:term":[{"taxonomy":"product_brand","embeddable":true,"href":"https:\/\/www.hediyepazar.com\/index.php?rest_route=%2Fwp%2Fv2%2Fproduct_brand&post=83800"},{"taxonomy":"product_cat","embeddable":true,"href":"https:\/\/www.hediyepazar.com\/index.php?rest_route=%2Fwp%2Fv2%2Fproduct_cat&post=83800"},{"taxonomy":"product_tag","embeddable":true,"href":"https:\/\/www.hediyepazar.com\/index.php?rest_route=%2Fwp%2Fv2%2Fproduct_tag&post=83800"}],"curies":[{"name":"wp","href":"https:\/\/api.w.org\/{rel}","templated":true}]}}