{"id":83810,"date":"2026-04-30T07:27:14","date_gmt":"2026-04-30T10:27:14","guid":{"rendered":"https:\/\/www.hediyepazar.com\/?product=led-isikli-su-hazneli-hava-nemlendirici-buhar-makinasi"},"modified":"2026-04-30T07:27:14","modified_gmt":"2026-04-30T10:27:14","slug":"led-isikli-su-hazneli-hava-nemlendirici-buhar-makinasi","status":"publish","type":"product","link":"https:\/\/www.hediyepazar.com\/?product=led-isikli-su-hazneli-hava-nemlendirici-buhar-makinasi","title":{"rendered":"Led I\u015f\u0131kl\u0131 Su Hazneli Hava Nemlendirici Buhar Makinas\u0131"},"content":{"rendered":"<table style=\"border-collapse:collapse; width:175pt; border:none\" width=\"234\">\n<colgroup>\n<col style=\"width:175pt\" width=\"234\" \/>\n\t<\/colgroup>\n<tbody>\n<tr height=\"21\" style=\"height:15.6pt\">\n<td class=\"xl65\" height=\"21\" style=\"border:none; height:15.6pt; width:175pt; padding-top:1px; padding-right:1px; padding-left:1px; vertical-align:bottom; white-space:nowrap\" width=\"234\"><span style=\"font-size:11pt\"><span style=\"font-weight:400\"><span style=\"font-style:normal\"><span style=\"text-decoration:none\"><span style=\"font-family:Calibri,sans-serif\">Led \u0131\u015f\u0131kl\u0131 su hazneli hava nemlendirici buhar makinas\u0131<br \/>\n\t\t\tHava nemlendirici I\u015f\u0131kl\u0131 yaz aylar\u0131nda oday\u0131 ferahlat\u0131r..<br \/>\n\t\t\tDikkat &uuml;r&uuml;n usb ba\u011flant\u0131s\u0131 ile &ccedil;al\u0131\u015f\u0131r i&ccedil;erisinden \u015farj adapt&ouml;r&uuml; &ccedil;\u0131kmaz<br \/>\n\t\t\tUsb ba\u011flant\u0131s\u0131 yapabildi\u011finiz t&uuml;m cihazlarda telefonunuzun usb giri\u015fli \u015farj adapt&ouml;r&uuml;nde<br \/>\n\t\t\tHatta bir powerbanka ba\u011flayarak kullan\u0131labilir.<br \/>\n\t\t\t&Ouml;zellikler: Yepyeni G&uuml;&ccedil;:Ba\u011flant\u0131 usb kablosu ile yap\u0131lmaktad\u0131r<br \/>\n\t\t\tTank kapasitesi: 400ml<br \/>\n\t\t\tGiri\u015f voltaj\u0131: 100-240v G&uuml;&ccedil;: 15w<br \/>\n\t\t\tTitre\u015fim frekans\u0131: Yakla\u015f\u0131k 2.4mhz<br \/>\n\t\t\tMalzeme: Abs ve pp<br \/>\n\t\t\tUyarlama alan\u0131: 8-12 metrekare<br \/>\n\t\t\tI\u015flev: Ultrasonik<br \/>\n\t\t\tI\u015flev: Nemlendirin: Yaz ve k\u0131\u015f boyunca odadaki havay\u0131 nemlendirir,<br \/>\n\t\t\tnefes ald\u0131\u011f\u0131m\u0131z havan\u0131n kalitesini tazeler, odadaki s\u0131cakl\u0131\u011f\u0131 ayarlar.<br \/>\n\t\t\tG&uuml;zellik: Cildi tazeler ve cilt bak\u0131m\u0131 olarak al\u0131nabilir, cildi sa\u011fl\u0131kl\u0131 ve nemli tutar.<br \/>\n\t\t\tPurify: Stati\u011fi n&ouml;tralize eder, cildin enfeksiyonunu azalt\u0131r.<br \/>\n\t\t\tRahatlama: Aroma terapisi, zorlamay\u0131 hafifletir ve stres yumu\u015fat\u0131r.<br \/>\n\t\t\tDekorasyon: Odadaki parf&uuml;m veya esans ya\u011f\u0131 ekleyerek kullan\u0131labilir<\/span><\/span><\/span><\/span><\/span><\/td>\n<\/tr>\n<\/tbody>\n<\/table>\n","protected":false},"excerpt":{"rendered":"<p>Led I\u015f\u0131kl\u0131 Su Hazneli Hava Nemlendirici Buhar Makinas\u0131<\/p>\n","protected":false},"featured_media":83809,"comment_status":"open","ping_status":"closed","template":"","meta":{"_kad_post_transparent":"","_kad_post_title":"","_kad_post_layout":"","_kad_post_sidebar_id":"","_kad_post_content_style":"","_kad_post_vertical_padding":"","_kad_post_feature":"","_kad_post_feature_position":"","_kad_post_header":false,"_kad_post_footer":false,"_kad_post_classname":""},"product_brand":[],"product_cat":[712,449,713],"product_tag":[],"class_list":{"0":"post-83810","1":"product","2":"type-product","3":"status-publish","4":"has-post-thumbnail","6":"product_cat-akilli-ev-aletleri","7":"product_cat-elektronik","8":"product_cat-hava-nemlendiricisi","10":"first","11":"instock","12":"shipping-taxable","13":"purchasable","14":"product-type-simple","15":"entry","16":"content-bg","17":"loop-entry"},"_links":{"self":[{"href":"https:\/\/www.hediyepazar.com\/index.php?rest_route=\/wp\/v2\/product\/83810","targetHints":{"allow":["GET"]}}],"collection":[{"href":"https:\/\/www.hediyepazar.com\/index.php?rest_route=\/wp\/v2\/product"}],"about":[{"href":"https:\/\/www.hediyepazar.com\/index.php?rest_route=\/wp\/v2\/types\/product"}],"replies":[{"embeddable":true,"href":"https:\/\/www.hediyepazar.com\/index.php?rest_route=%2Fwp%2Fv2%2Fcomments&post=83810"}],"wp:featuredmedia":[{"embeddable":true,"href":"https:\/\/www.hediyepazar.com\/index.php?rest_route=\/wp\/v2\/media\/83809"}],"wp:attachment":[{"href":"https:\/\/www.hediyepazar.com\/index.php?rest_route=%2Fwp%2Fv2%2Fmedia&parent=83810"}],"wp:term":[{"taxonomy":"product_brand","embeddable":true,"href":"https:\/\/www.hediyepazar.com\/index.php?rest_route=%2Fwp%2Fv2%2Fproduct_brand&post=83810"},{"taxonomy":"product_cat","embeddable":true,"href":"https:\/\/www.hediyepazar.com\/index.php?rest_route=%2Fwp%2Fv2%2Fproduct_cat&post=83810"},{"taxonomy":"product_tag","embeddable":true,"href":"https:\/\/www.hediyepazar.com\/index.php?rest_route=%2Fwp%2Fv2%2Fproduct_tag&post=83810"}],"curies":[{"name":"wp","href":"https:\/\/api.w.org\/{rel}","templated":true}]}}