{"id":83881,"date":"2026-04-30T07:31:27","date_gmt":"2026-04-30T10:31:27","guid":{"rendered":"https:\/\/www.hediyepazar.com\/?product=3lu-polyester-ananas-biblo"},"modified":"2026-04-30T07:31:27","modified_gmt":"2026-04-30T10:31:27","slug":"3lu-polyester-ananas-biblo","status":"publish","type":"product","link":"https:\/\/www.hediyepazar.com\/?product=3lu-polyester-ananas-biblo","title":{"rendered":"3&#8217;l\u00fc Polyester Ananas Biblo"},"content":{"rendered":"<table style=\"border-collapse:collapse; width:170pt; border:none\" width=\"227\">\n<colgroup>\n<col style=\"width:170pt\" width=\"227\" \/>\n\t<\/colgroup>\n<tbody>\n<tr height=\"21\" style=\"height:15.75pt\">\n<td class=\"xl65\" height=\"21\" style=\"border:none; height:15.75pt; width:170pt; padding-top:1px; padding-right:1px; padding-left:1px; vertical-align:bottom; white-space:nowrap\" width=\"227\"><span style=\"font-size:11pt\"><span style=\"font-weight:400\"><span style=\"font-style:normal\"><span style=\"text-decoration:none\"><span style=\"font-family:Calibri,sans-serif\">3&#39;l&uuml; Ananas Biblo,<\/p>\n<p>\t\t\tModern tarz\u0131yla ve \u015f\u0131k g&ouml;r&uuml;nt&uuml;s&uuml;yle, evlerinize farkl\u0131 bir hava katacak bir &uuml;r&uuml;n.<br \/>\n\t\t\tSalonunuzun ba\u015f k&ouml;\u015fesine koyabilir ve dekorasyonunuza renk katabilirsiniz.<\/p>\n<p>\t\t\t&Uuml;r&uuml;n polyesterdir.<br \/>\n\t\t\t&Uuml;r&uuml;n boyutlar\u0131;<br \/>\n\t\t\tB&uuml;y&uuml;k: 42 cm<br \/>\n\t\t\tOrta: 33 cm<br \/>\n\t\t\tK&uuml;&ccedil;&uuml;k: 25 cm<\/span><\/span><\/span><\/span><\/span><\/td>\n<\/tr>\n<\/tbody>\n<\/table>\n","protected":false},"excerpt":{"rendered":"<p>3&#8217;l\u00fc Polyester Ananas Biblo<\/p>\n","protected":false},"featured_media":83880,"comment_status":"open","ping_status":"closed","template":"","meta":{"_kad_post_transparent":"","_kad_post_title":"","_kad_post_layout":"","_kad_post_sidebar_id":"","_kad_post_content_style":"","_kad_post_vertical_padding":"","_kad_post_feature":"","_kad_post_feature_position":"","_kad_post_header":false,"_kad_post_footer":false,"_kad_post_classname":""},"product_brand":[],"product_cat":[685,557,621],"product_tag":[],"class_list":{"0":"post-83881","1":"product","2":"type-product","3":"status-publish","4":"has-post-thumbnail","6":"product_cat-dekoratif-obje-biblo","7":"product_cat-ev-yasam","8":"product_cat-ev-dekorasyon","10":"first","11":"instock","12":"shipping-taxable","13":"purchasable","14":"product-type-simple","15":"entry","16":"content-bg","17":"loop-entry"},"_links":{"self":[{"href":"https:\/\/www.hediyepazar.com\/index.php?rest_route=\/wp\/v2\/product\/83881","targetHints":{"allow":["GET"]}}],"collection":[{"href":"https:\/\/www.hediyepazar.com\/index.php?rest_route=\/wp\/v2\/product"}],"about":[{"href":"https:\/\/www.hediyepazar.com\/index.php?rest_route=\/wp\/v2\/types\/product"}],"replies":[{"embeddable":true,"href":"https:\/\/www.hediyepazar.com\/index.php?rest_route=%2Fwp%2Fv2%2Fcomments&post=83881"}],"wp:featuredmedia":[{"embeddable":true,"href":"https:\/\/www.hediyepazar.com\/index.php?rest_route=\/wp\/v2\/media\/83880"}],"wp:attachment":[{"href":"https:\/\/www.hediyepazar.com\/index.php?rest_route=%2Fwp%2Fv2%2Fmedia&parent=83881"}],"wp:term":[{"taxonomy":"product_brand","embeddable":true,"href":"https:\/\/www.hediyepazar.com\/index.php?rest_route=%2Fwp%2Fv2%2Fproduct_brand&post=83881"},{"taxonomy":"product_cat","embeddable":true,"href":"https:\/\/www.hediyepazar.com\/index.php?rest_route=%2Fwp%2Fv2%2Fproduct_cat&post=83881"},{"taxonomy":"product_tag","embeddable":true,"href":"https:\/\/www.hediyepazar.com\/index.php?rest_route=%2Fwp%2Fv2%2Fproduct_tag&post=83881"}],"curies":[{"name":"wp","href":"https:\/\/api.w.org\/{rel}","templated":true}]}}