{"id":83895,"date":"2026-04-30T07:32:32","date_gmt":"2026-04-30T10:32:32","guid":{"rendered":"https:\/\/www.hediyepazar.com\/?product=amisos-baharatlik-standi"},"modified":"2026-04-30T07:32:32","modified_gmt":"2026-04-30T10:32:32","slug":"amisos-baharatlik-standi","status":"publish","type":"product","link":"https:\/\/www.hediyepazar.com\/?product=amisos-baharatlik-standi","title":{"rendered":"Amisos Baharatl\u0131k Stand\u0131"},"content":{"rendered":"<table style=\"border-collapse:collapse; width:170pt; border:none\" width=\"227\">\n<colgroup>\n<col style=\"width:170pt\" width=\"227\" \/>\n\t<\/colgroup>\n<tbody>\n<tr height=\"40\" style=\"height:30.0pt\">\n<td class=\"xl63\" height=\"40\" style=\"border:none; height:30.0pt; width:170pt; padding-top:1px; padding-right:1px; padding-left:1px; vertical-align:bottom; white-space:nowrap\" width=\"227\"><span style=\"font-size:11pt\"><span style=\"font-weight:400\"><span style=\"font-style:normal\"><span style=\"text-decoration:none\"><span style=\"font-family:Calibri,sans-serif\">Masa &uuml;st&uuml; mutfak banyo d&uuml;zenleyici raf mutfa\u011f\u0131n\u0131zda baharatlar\u0131n\u0131z\u0131,<br \/>\n\t\t\ttuz, biber, pe&ccedil;ete gibi &uuml;r&uuml;nlerinizi d&uuml;zenleyece\u011finiz \u015f\u0131k ve kullan\u0131\u015fl\u0131 bir &uuml;r&uuml;nd&uuml;r.<br \/>\n\t\t\tBanyoda ise havlu, mum, pe&ccedil;ete, sabun gibi bir &ccedil;ok<br \/>\n\t\t\tkullan\u0131\u015fl\u0131 ve dekoratif &uuml;r&uuml;nlerinizi d&uuml;zenli \u015fekilde saklayabilirsiniz<\/span><\/span><\/span><\/span><\/span><\/td>\n<\/tr>\n<\/tbody>\n<\/table>\n","protected":false},"excerpt":{"rendered":"<p>Amisos Baharatl\u0131k Stand\u0131<\/p>\n","protected":false},"featured_media":83894,"comment_status":"open","ping_status":"closed","template":"","meta":{"_kad_post_transparent":"","_kad_post_title":"","_kad_post_layout":"","_kad_post_sidebar_id":"","_kad_post_content_style":"","_kad_post_vertical_padding":"","_kad_post_feature":"","_kad_post_feature_position":"","_kad_post_header":false,"_kad_post_footer":false,"_kad_post_classname":""},"product_brand":[],"product_cat":[557,602,558],"product_tag":[],"class_list":{"0":"post-83895","1":"product","2":"type-product","3":"status-publish","4":"has-post-thumbnail","6":"product_cat-ev-yasam","7":"product_cat-mutfak-saklama-duzenleme","8":"product_cat-sofra-mutfak-2","10":"first","11":"instock","12":"shipping-taxable","13":"purchasable","14":"product-type-simple","15":"entry","16":"content-bg","17":"loop-entry"},"_links":{"self":[{"href":"https:\/\/www.hediyepazar.com\/index.php?rest_route=\/wp\/v2\/product\/83895","targetHints":{"allow":["GET"]}}],"collection":[{"href":"https:\/\/www.hediyepazar.com\/index.php?rest_route=\/wp\/v2\/product"}],"about":[{"href":"https:\/\/www.hediyepazar.com\/index.php?rest_route=\/wp\/v2\/types\/product"}],"replies":[{"embeddable":true,"href":"https:\/\/www.hediyepazar.com\/index.php?rest_route=%2Fwp%2Fv2%2Fcomments&post=83895"}],"wp:featuredmedia":[{"embeddable":true,"href":"https:\/\/www.hediyepazar.com\/index.php?rest_route=\/wp\/v2\/media\/83894"}],"wp:attachment":[{"href":"https:\/\/www.hediyepazar.com\/index.php?rest_route=%2Fwp%2Fv2%2Fmedia&parent=83895"}],"wp:term":[{"taxonomy":"product_brand","embeddable":true,"href":"https:\/\/www.hediyepazar.com\/index.php?rest_route=%2Fwp%2Fv2%2Fproduct_brand&post=83895"},{"taxonomy":"product_cat","embeddable":true,"href":"https:\/\/www.hediyepazar.com\/index.php?rest_route=%2Fwp%2Fv2%2Fproduct_cat&post=83895"},{"taxonomy":"product_tag","embeddable":true,"href":"https:\/\/www.hediyepazar.com\/index.php?rest_route=%2Fwp%2Fv2%2Fproduct_tag&post=83895"}],"curies":[{"name":"wp","href":"https:\/\/api.w.org\/{rel}","templated":true}]}}