{"id":83921,"date":"2026-04-30T07:34:28","date_gmt":"2026-04-30T10:34:28","guid":{"rendered":"https:\/\/www.hediyepazar.com\/?product=nostaljik-hediye-gramofon-sekilli-muzik-kutusu"},"modified":"2026-04-30T07:34:28","modified_gmt":"2026-04-30T10:34:28","slug":"nostaljik-hediye-gramofon-sekilli-muzik-kutusu","status":"publish","type":"product","link":"https:\/\/www.hediyepazar.com\/?product=nostaljik-hediye-gramofon-sekilli-muzik-kutusu","title":{"rendered":"Nostaljik Hediye Gramofon \u015eekilli M\u00fczik Kutusu"},"content":{"rendered":"<table style=\"border-collapse:collapse; width:170pt; border:none\" width=\"227\">\n<colgroup>\n<col style=\"width:170pt\" width=\"227\" \/>\n\t<\/colgroup>\n<tbody>\n<tr height=\"20\" style=\"height:15.0pt\">\n<td height=\"20\" style=\"border:none; height:15.0pt; width:170pt; padding-top:1px; padding-right:1px; padding-left:1px; vertical-align:bottom; white-space:nowrap\" width=\"227\"><span style=\"font-size:11pt\"><span style=\"color:black\"><span style=\"font-weight:400\"><span style=\"font-style:normal\"><span style=\"text-decoration:none\"><span style=\"font-family:Calibri,sans-serif\">Retro havas\u0131yla sizi ge&ccedil;mi\u015fe g&ouml;t&uuml;ren dekoratif bir hediye.<br \/>\n\t\t\tTamamen ger&ccedil;ek&ccedil;i bir gramofon g&ouml;r&uuml;nt&uuml;s&uuml;ne sahip olan dekoratif gramofon ev<br \/>\n\t\t\tya da ofisiniz i&ccedil;in vazge&ccedil;emeyece\u011finiz bir aksesuar olacak.<br \/>\n\t\t\t\u0130\u011fnesi, borusu, kurma kolu, pla\u011f\u0131, &ccedil;ekmecesi ile b&uuml;t&uuml;n ayr\u0131nt\u0131lar\u0131 d&uuml;\u015f&uuml;n&uuml;lm&uuml;\u015f ger&ccedil;ek&ccedil;i bir tasar\u0131ma sahiptir.<br \/>\n\t\t\tRahatlat\u0131c\u0131 klasik m&uuml;zik ile ruhunuz dinlenecek. M&uuml;zik &ccedil;alarken plak d&ouml;nmeye ba\u015flar.<br \/>\n\t\t\tSaklama &ccedil;ekmecesini de\u011ferli e\u015fyalar\u0131n\u0131z\u0131 saklamak i&ccedil;in kullanabilirsiniz.<br \/>\n\t\t\tOn-Off tu\u015fu ile diledi\u011finiz zaman m&uuml;zi\u011fi kapatabilirsiniz.<br \/>\n\t\t\tKendi Kutusu \u0130le G&ouml;nderilir.<br \/>\n\t\t\t&Uuml;r&uuml;n Ebat\u0131:12,5cm x 21cm x 10cm Kutu Ebat\u0131:15cm x 23cm x 12cm<\/span><\/span><\/span><\/span><\/span><\/span><\/td>\n<\/tr>\n<\/tbody>\n<\/table>\n","protected":false},"excerpt":{"rendered":"<p>Nostaljik Hediye Gramofon \u015eekilli M\u00fczik Kutusu<\/p>\n","protected":false},"featured_media":83920,"comment_status":"open","ping_status":"closed","template":"","meta":{"_kad_post_transparent":"","_kad_post_title":"","_kad_post_layout":"","_kad_post_sidebar_id":"","_kad_post_content_style":"","_kad_post_vertical_padding":"","_kad_post_feature":"","_kad_post_feature_position":"","_kad_post_header":false,"_kad_post_footer":false,"_kad_post_classname":""},"product_brand":[],"product_cat":[557,698,568],"product_tag":[],"class_list":{"0":"post-83921","1":"product","2":"type-product","3":"status-publish","4":"has-post-thumbnail","6":"product_cat-ev-yasam","7":"product_cat-hediyelik-urunler","8":"product_cat-hobi","10":"first","11":"instock","12":"shipping-taxable","13":"purchasable","14":"product-type-simple","15":"entry","16":"content-bg","17":"loop-entry"},"_links":{"self":[{"href":"https:\/\/www.hediyepazar.com\/index.php?rest_route=\/wp\/v2\/product\/83921","targetHints":{"allow":["GET"]}}],"collection":[{"href":"https:\/\/www.hediyepazar.com\/index.php?rest_route=\/wp\/v2\/product"}],"about":[{"href":"https:\/\/www.hediyepazar.com\/index.php?rest_route=\/wp\/v2\/types\/product"}],"replies":[{"embeddable":true,"href":"https:\/\/www.hediyepazar.com\/index.php?rest_route=%2Fwp%2Fv2%2Fcomments&post=83921"}],"wp:featuredmedia":[{"embeddable":true,"href":"https:\/\/www.hediyepazar.com\/index.php?rest_route=\/wp\/v2\/media\/83920"}],"wp:attachment":[{"href":"https:\/\/www.hediyepazar.com\/index.php?rest_route=%2Fwp%2Fv2%2Fmedia&parent=83921"}],"wp:term":[{"taxonomy":"product_brand","embeddable":true,"href":"https:\/\/www.hediyepazar.com\/index.php?rest_route=%2Fwp%2Fv2%2Fproduct_brand&post=83921"},{"taxonomy":"product_cat","embeddable":true,"href":"https:\/\/www.hediyepazar.com\/index.php?rest_route=%2Fwp%2Fv2%2Fproduct_cat&post=83921"},{"taxonomy":"product_tag","embeddable":true,"href":"https:\/\/www.hediyepazar.com\/index.php?rest_route=%2Fwp%2Fv2%2Fproduct_tag&post=83921"}],"curies":[{"name":"wp","href":"https:\/\/api.w.org\/{rel}","templated":true}]}}