{"id":83949,"date":"2026-04-30T07:36:12","date_gmt":"2026-04-30T10:36:12","guid":{"rendered":"https:\/\/www.hediyepazar.com\/?product=sabun-saklama-cantali-kabak-lifli-aloe-vera-sabunu"},"modified":"2026-04-30T07:36:12","modified_gmt":"2026-04-30T10:36:12","slug":"sabun-saklama-cantali-kabak-lifli-aloe-vera-sabunu","status":"publish","type":"product","link":"https:\/\/www.hediyepazar.com\/?product=sabun-saklama-cantali-kabak-lifli-aloe-vera-sabunu","title":{"rendered":"Sabun Saklama \u00c7antal\u0131 Kabak Lifli Aloe Vera Sabunu"},"content":{"rendered":"<p><strong>Do\u011fal Kabak Lifli El Yap\u0131m\u0131 Aloe Vera Sabunu \u0130le Cildinize Do\u011fal Bak\u0131m Yap\u0131n!<\/strong><br \/>\nCildinizi nemlendirir ve yeniler.<br \/>\nCiltte olu\u015fan tahri\u015f ve lekeleri giderir.<br \/>\nSivilce ve siyah nokta izlerini azalt\u0131r.<br \/>\nEnfeksiyon,g&uuml;ne\u015f yan\u0131\u011f\u0131,d&ouml;k&uuml;nt&uuml; gibi durumlarda yat\u0131\u015ft\u0131r\u0131c\u0131 g&ouml;revi g&ouml;r&uuml;r.<br \/>\nA ve C vitamini sayesinde cildi besler.<br \/>\n\u0130&ccedil;erdi\u011fi gliserin ile cildi derinlemesine temizler.<\/p>\n<p><strong>Kullan\u0131m \u015eekli<\/strong><\/p>\n<p>Kabak Lifli Aloe vera sabunu kullan\u0131m\u0131 \u015fu \u015fekildedir:<br \/>\nKabak lifini s\u0131cak suda iyice yumu\u015fat\u0131p dairesel hareketler yaparak v&uuml;cudunuza uygulay\u0131n.<br \/>\nKabak Lifli sabun kullan\u0131rken kesinlikle cildinize fazla bask\u0131 yapmadan uygulaman\u0131z gerekir.<br \/>\nSabunu kulland\u0131ktan sonra makyaj yap\u0131lmamal\u0131d\u0131r.<br \/>\n125Gr a\u011f\u0131rl\u0131\u011f\u0131ndad\u0131r<\/p>\n","protected":false},"excerpt":{"rendered":"<p>Sabun Saklama \u00c7antal\u0131 Kabak Lifli Aloe Vera Sabunu<\/p>\n","protected":false},"featured_media":83948,"comment_status":"open","ping_status":"closed","template":"","meta":{"_kad_post_transparent":"","_kad_post_title":"","_kad_post_layout":"","_kad_post_sidebar_id":"","_kad_post_content_style":"","_kad_post_vertical_padding":"","_kad_post_feature":"","_kad_post_feature_position":"","_kad_post_header":false,"_kad_post_footer":false,"_kad_post_classname":""},"product_brand":[],"product_cat":[582,566,452],"product_tag":[],"class_list":{"0":"post-83949","1":"product","2":"type-product","3":"status-publish","4":"has-post-thumbnail","6":"product_cat-banyo-dus-urunleri","7":"product_cat-cilt-bakimi","8":"product_cat-kozmetik","10":"first","11":"instock","12":"shipping-taxable","13":"purchasable","14":"product-type-simple","15":"entry","16":"content-bg","17":"loop-entry"},"_links":{"self":[{"href":"https:\/\/www.hediyepazar.com\/index.php?rest_route=\/wp\/v2\/product\/83949","targetHints":{"allow":["GET"]}}],"collection":[{"href":"https:\/\/www.hediyepazar.com\/index.php?rest_route=\/wp\/v2\/product"}],"about":[{"href":"https:\/\/www.hediyepazar.com\/index.php?rest_route=\/wp\/v2\/types\/product"}],"replies":[{"embeddable":true,"href":"https:\/\/www.hediyepazar.com\/index.php?rest_route=%2Fwp%2Fv2%2Fcomments&post=83949"}],"wp:featuredmedia":[{"embeddable":true,"href":"https:\/\/www.hediyepazar.com\/index.php?rest_route=\/wp\/v2\/media\/83948"}],"wp:attachment":[{"href":"https:\/\/www.hediyepazar.com\/index.php?rest_route=%2Fwp%2Fv2%2Fmedia&parent=83949"}],"wp:term":[{"taxonomy":"product_brand","embeddable":true,"href":"https:\/\/www.hediyepazar.com\/index.php?rest_route=%2Fwp%2Fv2%2Fproduct_brand&post=83949"},{"taxonomy":"product_cat","embeddable":true,"href":"https:\/\/www.hediyepazar.com\/index.php?rest_route=%2Fwp%2Fv2%2Fproduct_cat&post=83949"},{"taxonomy":"product_tag","embeddable":true,"href":"https:\/\/www.hediyepazar.com\/index.php?rest_route=%2Fwp%2Fv2%2Fproduct_tag&post=83949"}],"curies":[{"name":"wp","href":"https:\/\/api.w.org\/{rel}","templated":true}]}}