{"id":83966,"date":"2026-04-30T07:37:26","date_gmt":"2026-04-30T10:37:26","guid":{"rendered":"https:\/\/www.hediyepazar.com\/?product=ipek-kola-pirinc-camasir-kolasi-1-kg-dogal"},"modified":"2026-04-30T07:37:26","modified_gmt":"2026-04-30T10:37:26","slug":"ipek-kola-pirinc-camasir-kolasi-1-kg-dogal","status":"publish","type":"product","link":"https:\/\/www.hediyepazar.com\/?product=ipek-kola-pirinc-camasir-kolasi-1-kg-dogal","title":{"rendered":"\u0130pek Kola Pirin\u00e7 \u00c7ama\u015f\u0131r Kolas\u0131 1 Kg Do\u011fal"},"content":{"rendered":"<p>\u0130pek Kola S\u0131v\u0131 &Ccedil;ama\u015f\u0131r Kolas\u0131 250 Gr Do\u011fal&nbsp;<br \/>\n&Uuml;r&uuml;nlerimiz hi&ccedil;bir kimyasal madde i&ccedil;ermemektedir.<br \/>\nBu\u011fday ve pirin&ccedil;ten imal edilmi\u015ftir.<br \/>\nSert olmas\u0131 i&ccedil;in 1 bardak suya 3 yemek ka\u015f\u0131\u011f\u0131<br \/>\nOrta Sert olmas\u0131 i&ccedil;in 1 bardak suya 2 yemek ka\u015f\u0131\u011f\u0131<br \/>\nHafif Sert olmas\u0131 i&ccedil;in 1 bardak suya 1 yemek ka\u015f\u0131\u011f\u0131 kola kar\u0131\u015ft\u0131r\u0131l\u0131r.<\/p>\n<p>\u0130pek &ccedil;ama\u015f\u0131r kolas\u0131 beyaz &uuml;r&uuml;nlerde leke yapmaz, renkli &uuml;r&uuml;nlerde renkleri canland\u0131r\u0131r ve kolalanan malzemeyi y\u0131pranmaktan korur.<br \/>\n&nbsp;<\/p>\n","protected":false},"excerpt":{"rendered":"<p>\u0130pek Kola Pirin\u00e7 \u00c7ama\u015f\u0131r Kolas\u0131 1 Kg Do\u011fal<\/p>\n","protected":false},"featured_media":83965,"comment_status":"open","ping_status":"closed","template":"","meta":{"_kad_post_transparent":"","_kad_post_title":"","_kad_post_layout":"","_kad_post_sidebar_id":"","_kad_post_content_style":"","_kad_post_vertical_padding":"","_kad_post_feature":"","_kad_post_feature_position":"","_kad_post_header":false,"_kad_post_footer":false,"_kad_post_classname":""},"product_brand":[],"product_cat":[715,609,570],"product_tag":[],"class_list":{"0":"post-83966","1":"product","2":"type-product","3":"status-publish","4":"has-post-thumbnail","6":"product_cat-camasir-yikama-urunleri","7":"product_cat-ev-bakim-ve-temizlik","8":"product_cat-supermarket","10":"first","11":"instock","12":"shipping-taxable","13":"purchasable","14":"product-type-simple","15":"entry","16":"content-bg","17":"loop-entry"},"_links":{"self":[{"href":"https:\/\/www.hediyepazar.com\/index.php?rest_route=\/wp\/v2\/product\/83966","targetHints":{"allow":["GET"]}}],"collection":[{"href":"https:\/\/www.hediyepazar.com\/index.php?rest_route=\/wp\/v2\/product"}],"about":[{"href":"https:\/\/www.hediyepazar.com\/index.php?rest_route=\/wp\/v2\/types\/product"}],"replies":[{"embeddable":true,"href":"https:\/\/www.hediyepazar.com\/index.php?rest_route=%2Fwp%2Fv2%2Fcomments&post=83966"}],"wp:featuredmedia":[{"embeddable":true,"href":"https:\/\/www.hediyepazar.com\/index.php?rest_route=\/wp\/v2\/media\/83965"}],"wp:attachment":[{"href":"https:\/\/www.hediyepazar.com\/index.php?rest_route=%2Fwp%2Fv2%2Fmedia&parent=83966"}],"wp:term":[{"taxonomy":"product_brand","embeddable":true,"href":"https:\/\/www.hediyepazar.com\/index.php?rest_route=%2Fwp%2Fv2%2Fproduct_brand&post=83966"},{"taxonomy":"product_cat","embeddable":true,"href":"https:\/\/www.hediyepazar.com\/index.php?rest_route=%2Fwp%2Fv2%2Fproduct_cat&post=83966"},{"taxonomy":"product_tag","embeddable":true,"href":"https:\/\/www.hediyepazar.com\/index.php?rest_route=%2Fwp%2Fv2%2Fproduct_tag&post=83966"}],"curies":[{"name":"wp","href":"https:\/\/api.w.org\/{rel}","templated":true}]}}