{"id":83988,"date":"2026-04-30T07:40:52","date_gmt":"2026-04-30T10:40:52","guid":{"rendered":"https:\/\/www.hediyepazar.com\/?product=yakut-ustten-basmali-el-rondo-blender-celik-bicakli-beyaz"},"modified":"2026-04-30T07:40:52","modified_gmt":"2026-04-30T10:40:52","slug":"yakut-ustten-basmali-el-rondo-blender-celik-bicakli-beyaz","status":"publish","type":"product","link":"https:\/\/www.hediyepazar.com\/?product=yakut-ustten-basmali-el-rondo-blender-celik-bicakli-beyaz","title":{"rendered":"Yakut \u00dcstten Basmal\u0131 El Rondo Blender \u00c7elik B\u0131cakl\u0131 Beyaz"},"content":{"rendered":"<table style=\"border-collapse:collapse; width:175pt; border:none\" width=\"234\">\n<colgroup>\n<col style=\"width:175pt\" width=\"234\" \/>\n\t<\/colgroup>\n<tbody>\n<tr height=\"19\" style=\"height:14.4pt\">\n<td height=\"19\" style=\"border:none; height:14.4pt; width:175pt; padding-top:1px; padding-right:1px; padding-left:1px; vertical-align:bottom; white-space:nowrap\" width=\"234\"><span style=\"font-size:11pt\"><span style=\"color:black\"><span style=\"font-weight:400\"><span style=\"font-style:normal\"><span style=\"text-decoration:none\"><span style=\"font-family:Calibri,sans-serif\">&Ccedil;elik B\u0131&ccedil;akl\u0131 Basmal\u0131 El Rondosu Rondonun haznesinin y&uuml;ksekli\u011fi 14 cm, geni\u015fli\u011fi ise 15 cm&#39;dir..<br \/>\n\t\t\tB\u0131&ccedil;aklar\u0131 18\/10 &ccedil;elik malzemeden yap\u0131lm\u0131\u015ft\u0131r. Kararma, paslanma yapmaz.<br \/>\n\t\t\t3 &Ccedil;elik B\u0131&ccedil;akl\u0131 Basmal\u0131 El Rondosu, mutfakta pratik ve h\u0131zl\u0131 kesme i\u015flemleri i&ccedil;in tasarlanm\u0131\u015f<br \/>\n\t\t\tetkili bir ara&ccedil;t\u0131r. Bu el rondosu, &uuml;&ccedil; adet keskin &ccedil;elik b\u0131&ccedil;a\u011f\u0131 ile birlikte gelerek sebzeleri,<br \/>\n\t\t\tmeyveleri ve di\u011fer malzemeleri h\u0131zl\u0131ca do\u011framak ve dilimlemek i&ccedil;in ideal bir &ccedil;&ouml;z&uuml;md&uuml;r.<br \/>\n\t\t\tBasmal\u0131 mekanizmas\u0131, b\u0131&ccedil;aklar\u0131 kolayca ve h\u0131zl\u0131 bir \u015fekilde a\u015fa\u011f\u0131ya itmenizi sa\u011flar.<br \/>\n\t\t\tBu sayede, basit bir hareketle malzemelerinizi h\u0131zl\u0131ca do\u011frayabilir ve yemek haz\u0131rl\u0131klar\u0131n\u0131z\u0131<br \/>\n\t\t\th\u0131zland\u0131rabilirsiniz. Pratik tasar\u0131m\u0131, mutfakta zaman kazanman\u0131za yard\u0131mc\u0131 olur.<br \/>\n\t\t\t&Uuml;&ccedil; &ccedil;elik b\u0131&ccedil;ak, &ccedil;e\u015fitli kesim stilleri i&ccedil;in optimize edilmi\u015ftir. Dilimleme, do\u011frama veya<br \/>\n\t\t\trendeleme i\u015flemlerini kolayl\u0131kla ger&ccedil;ekle\u015ftirebilirsiniz. &Ccedil;elik b\u0131&ccedil;aklar, keskinli\u011fini uzun s&uuml;re korur<br \/>\n\t\t\tve dayan\u0131kl\u0131d\u0131r. El rondosunun ergonomik sap tasar\u0131m\u0131, kullan\u0131m s\u0131ras\u0131nda konfor sa\u011flar ve<br \/>\n\t\t\telinize rahat&ccedil;a oturur. Bu, uzun s&uuml;reli kullan\u0131mlar i&ccedil;in idealdir. Ayr\u0131ca, &uuml;r&uuml;n&uuml;n b\u0131&ccedil;aklar\u0131 s&ouml;k&uuml;l&uuml;p<br \/>\n\t\t\ttak\u0131labilir &ouml;zellikte oldu\u011fundan temizlik i\u015flemleri de kolayl\u0131kla ger&ccedil;ekle\u015ftirilebilir.<br \/>\n\t\t\t3 &Ccedil;elik B\u0131&ccedil;akl\u0131 Basmal\u0131 El Rondosu, mutfakta i\u015fleri h\u0131zland\u0131rmak, pratikle\u015ftirmek ve &ccedil;e\u015fitli<br \/>\n\t\t\tyemek haz\u0131rl\u0131klar\u0131 i&ccedil;in ideal bir ara&ccedil;t\u0131r. Hem amat&ouml;r a\u015f&ccedil;\u0131lara hem de profesyonellere hitap<br \/>\n\t\t\teden bu el rondosu, kesim i\u015flemlerini kolay ve etkili hale getirmek i&ccedil;in tasarlanm\u0131\u015ft\u0131r.<br \/>\n\t\t\t&Uuml;r&uuml;n sadece 1 adet olarak g&ouml;nderilmektedir.<\/span><\/span><\/span><\/span><\/span><\/span><\/td>\n<\/tr>\n<\/tbody>\n<\/table>\n","protected":false},"excerpt":{"rendered":"<p>Yakut \u00dcstten Basmal\u0131 El Rondo Blender \u00c7elik B\u0131cakl\u0131 Beyaz<\/p>\n","protected":false},"featured_media":83987,"comment_status":"open","ping_status":"closed","template":"","meta":{"_kad_post_transparent":"","_kad_post_title":"","_kad_post_layout":"","_kad_post_sidebar_id":"","_kad_post_content_style":"","_kad_post_vertical_padding":"","_kad_post_feature":"","_kad_post_feature_position":"","_kad_post_header":false,"_kad_post_footer":false,"_kad_post_classname":""},"product_brand":[],"product_cat":[557,558,560],"product_tag":[],"class_list":{"0":"post-83988","1":"product","2":"type-product","3":"status-publish","4":"has-post-thumbnail","6":"product_cat-ev-yasam","7":"product_cat-sofra-mutfak-2","8":"product_cat-yemek-hazirlik","10":"first","11":"instock","12":"shipping-taxable","13":"purchasable","14":"product-type-simple","15":"entry","16":"content-bg","17":"loop-entry"},"_links":{"self":[{"href":"https:\/\/www.hediyepazar.com\/index.php?rest_route=\/wp\/v2\/product\/83988","targetHints":{"allow":["GET"]}}],"collection":[{"href":"https:\/\/www.hediyepazar.com\/index.php?rest_route=\/wp\/v2\/product"}],"about":[{"href":"https:\/\/www.hediyepazar.com\/index.php?rest_route=\/wp\/v2\/types\/product"}],"replies":[{"embeddable":true,"href":"https:\/\/www.hediyepazar.com\/index.php?rest_route=%2Fwp%2Fv2%2Fcomments&post=83988"}],"wp:featuredmedia":[{"embeddable":true,"href":"https:\/\/www.hediyepazar.com\/index.php?rest_route=\/wp\/v2\/media\/83987"}],"wp:attachment":[{"href":"https:\/\/www.hediyepazar.com\/index.php?rest_route=%2Fwp%2Fv2%2Fmedia&parent=83988"}],"wp:term":[{"taxonomy":"product_brand","embeddable":true,"href":"https:\/\/www.hediyepazar.com\/index.php?rest_route=%2Fwp%2Fv2%2Fproduct_brand&post=83988"},{"taxonomy":"product_cat","embeddable":true,"href":"https:\/\/www.hediyepazar.com\/index.php?rest_route=%2Fwp%2Fv2%2Fproduct_cat&post=83988"},{"taxonomy":"product_tag","embeddable":true,"href":"https:\/\/www.hediyepazar.com\/index.php?rest_route=%2Fwp%2Fv2%2Fproduct_tag&post=83988"}],"curies":[{"name":"wp","href":"https:\/\/api.w.org\/{rel}","templated":true}]}}