{"id":84022,"date":"2026-04-30T07:42:39","date_gmt":"2026-04-30T10:42:39","guid":{"rendered":"https:\/\/www.hediyepazar.com\/?product=meslekleri-ogreniyorum-egitici-kartlar-lcegt005"},"modified":"2026-04-30T07:42:39","modified_gmt":"2026-04-30T10:42:39","slug":"meslekleri-ogreniyorum-egitici-kartlar-lcegt005","status":"publish","type":"product","link":"https:\/\/www.hediyepazar.com\/?product=meslekleri-ogreniyorum-egitici-kartlar-lcegt005","title":{"rendered":"Meslekleri \u00d6\u011freniyorum E\u011fitici Kartlar LCEGT005"},"content":{"rendered":"<table style=\"border-collapse:collapse; width:338pt; border:none\" width=\"450\">\n<colgroup>\n<col style=\"width:338pt\" width=\"450\" \/>\n\t<\/colgroup>\n<tbody>\n<tr height=\"21\" style=\"height:15.75pt\">\n<td class=\"xl63\" height=\"21\" style=\"border:none; height:15.75pt; width:338pt; vertical-align:middle; padding-top:1px; padding-right:1px; padding-left:1px; white-space:nowrap\" width=\"450\"><span style=\"font-size:11pt\"><span style=\"color:black\"><span style=\"font-weight:400\"><span style=\"font-style:normal\"><span style=\"text-decoration:none\"><span style=\"font-family:Calibri,sans-serif\">Meslekleri &Ouml;\u011freniyorum E\u011fitici Kartlar LCEGT005 &#8211; &Uuml;r&uuml;n Kodu : UTK.LCEGT005<\/span><\/span><\/span><\/span><\/span><\/span><\/td>\n<\/tr>\n<\/tbody>\n<\/table>\n","protected":false},"excerpt":{"rendered":"<p>Meslekleri \u00d6\u011freniyorum E\u011fitici Kartlar LCEGT005<\/p>\n","protected":false},"featured_media":84021,"comment_status":"open","ping_status":"closed","template":"","meta":{"_kad_post_transparent":"","_kad_post_title":"","_kad_post_layout":"","_kad_post_sidebar_id":"","_kad_post_content_style":"","_kad_post_vertical_padding":"","_kad_post_feature":"","_kad_post_feature_position":"","_kad_post_header":false,"_kad_post_footer":false,"_kad_post_classname":""},"product_brand":[],"product_cat":[557,568,718],"product_tag":[],"class_list":{"0":"post-84022","1":"product","2":"type-product","3":"status-publish","4":"has-post-thumbnail","6":"product_cat-ev-yasam","7":"product_cat-hobi","8":"product_cat-oyun-gruplari","10":"first","11":"instock","12":"shipping-taxable","13":"purchasable","14":"product-type-simple","15":"entry","16":"content-bg","17":"loop-entry"},"_links":{"self":[{"href":"https:\/\/www.hediyepazar.com\/index.php?rest_route=\/wp\/v2\/product\/84022","targetHints":{"allow":["GET"]}}],"collection":[{"href":"https:\/\/www.hediyepazar.com\/index.php?rest_route=\/wp\/v2\/product"}],"about":[{"href":"https:\/\/www.hediyepazar.com\/index.php?rest_route=\/wp\/v2\/types\/product"}],"replies":[{"embeddable":true,"href":"https:\/\/www.hediyepazar.com\/index.php?rest_route=%2Fwp%2Fv2%2Fcomments&post=84022"}],"wp:featuredmedia":[{"embeddable":true,"href":"https:\/\/www.hediyepazar.com\/index.php?rest_route=\/wp\/v2\/media\/84021"}],"wp:attachment":[{"href":"https:\/\/www.hediyepazar.com\/index.php?rest_route=%2Fwp%2Fv2%2Fmedia&parent=84022"}],"wp:term":[{"taxonomy":"product_brand","embeddable":true,"href":"https:\/\/www.hediyepazar.com\/index.php?rest_route=%2Fwp%2Fv2%2Fproduct_brand&post=84022"},{"taxonomy":"product_cat","embeddable":true,"href":"https:\/\/www.hediyepazar.com\/index.php?rest_route=%2Fwp%2Fv2%2Fproduct_cat&post=84022"},{"taxonomy":"product_tag","embeddable":true,"href":"https:\/\/www.hediyepazar.com\/index.php?rest_route=%2Fwp%2Fv2%2Fproduct_tag&post=84022"}],"curies":[{"name":"wp","href":"https:\/\/api.w.org\/{rel}","templated":true}]}}