{"id":84048,"date":"2026-04-30T07:44:00","date_gmt":"2026-04-30T10:44:00","guid":{"rendered":"https:\/\/www.hediyepazar.com\/?product=erkek-cocuk-noel-baba-yilbasi-kostumu-sapkali-kemerli-bebek-kostumu"},"modified":"2026-04-30T07:44:00","modified_gmt":"2026-04-30T10:44:00","slug":"erkek-cocuk-noel-baba-yilbasi-kostumu-sapkali-kemerli-bebek-kostumu","status":"publish","type":"product","link":"https:\/\/www.hediyepazar.com\/?product=erkek-cocuk-noel-baba-yilbasi-kostumu-sapkali-kemerli-bebek-kostumu","title":{"rendered":"Erkek \u00c7ocuk Noel Baba Y\u0131lba\u015f\u0131 Kost\u00fcm\u00fc \u015eapkal\u0131 Kemerli Bebek Kost\u00fcm\u00fc"},"content":{"rendered":"<p>Erkek \u00c7ocuk Noel Baba Y\u0131lba\u015f\u0131 Kost\u00fcm\u00fc \u015eapkal\u0131 Kemerli Bebek Y\u0131lba\u015f\u0131 Kost\u00fcm\u00fc<\/p>\n<p>Y\u0131lba\u015f\u0131 kost\u00fcm\u00fc erkek \u00e7ocuk<br \/>\nPantolonlu ,\u015eapkal\u0131 , Kemerli Erkek \u00c7ocuk Y\u0131lba\u015f\u0131 Noel Kost\u00fcm\u00fc<br \/>\nYeni Y\u0131l \u00c7ocuk Kost\u00fcm\u00fc<br \/>\nChristmas Hediyesi<\/p>\n<p>Paket i\u00e7eri\u011fi : 1 adet k\u0131rm\u0131z\u0131 noel elbise , 1 adet noel pantolon , 1 adet y\u0131lba\u015f\u0131 \u015fapkas\u0131 , 1 adet \u00e7ocuk noel elbise kemeri<br \/>\n\u00dcr\u00fcn polar olup yumu\u015fak ve \u015f\u0131k durur.<br \/>\nPolar \u00f6zelli\u011fi sayesinde s\u0131cak tutar.<br \/>\n\u00c7ocu\u011funuza bu kost\u00fcm ile unutamayaca\u011f\u0131 bir g\u00fcn ge\u00e7irin.<br \/>\nKaliteli ge\u00e7en ebeveyn \u00e7ocuk&nbsp; ili\u015fkisi sayesinde \u00e7ocu\u011funuzu mutlu edin<br \/>\nNeol y\u0131lba\u015f\u0131 erkek \u00e7ocuk kost\u00fcm\u00fcn\u00fc y\u0131lba\u015f\u0131ndan farkl\u0131 g\u00fcnlerdede k\u0131z \u00e7ocuk bebek k\u0131yafet olarak kullanabilirsiniz<br \/>\nRoyaleks ailesi olarak mutlu g\u00fcnlerde kullanman\u0131z dile\u011fiyle<\/p>\n","protected":false},"excerpt":{"rendered":"<p>Erkek \u00c7ocuk Noel Baba Y\u0131lba\u015f\u0131 Kost\u00fcm\u00fc \u015eapkal\u0131 Kemerli Bebek Y\u0131lba\u015f\u0131 Kost\u00fcm\u00fc<\/p>\n","protected":false},"featured_media":84047,"comment_status":"open","ping_status":"closed","template":"","meta":{"_kad_post_transparent":"","_kad_post_title":"","_kad_post_layout":"","_kad_post_sidebar_id":"","_kad_post_content_style":"","_kad_post_vertical_padding":"","_kad_post_feature":"","_kad_post_feature_position":"","_kad_post_header":false,"_kad_post_footer":false,"_kad_post_classname":""},"product_brand":[],"product_cat":[551,457,719],"product_tag":[],"class_list":{"0":"post-84048","1":"product","2":"type-product","3":"status-publish","4":"has-post-thumbnail","6":"product_cat-cocuk","7":"product_cat-giyim","8":"product_cat-kostum","10":"first","11":"instock","12":"shipping-taxable","13":"purchasable","14":"product-type-simple","15":"entry","16":"content-bg","17":"loop-entry"},"_links":{"self":[{"href":"https:\/\/www.hediyepazar.com\/index.php?rest_route=\/wp\/v2\/product\/84048","targetHints":{"allow":["GET"]}}],"collection":[{"href":"https:\/\/www.hediyepazar.com\/index.php?rest_route=\/wp\/v2\/product"}],"about":[{"href":"https:\/\/www.hediyepazar.com\/index.php?rest_route=\/wp\/v2\/types\/product"}],"replies":[{"embeddable":true,"href":"https:\/\/www.hediyepazar.com\/index.php?rest_route=%2Fwp%2Fv2%2Fcomments&post=84048"}],"wp:featuredmedia":[{"embeddable":true,"href":"https:\/\/www.hediyepazar.com\/index.php?rest_route=\/wp\/v2\/media\/84047"}],"wp:attachment":[{"href":"https:\/\/www.hediyepazar.com\/index.php?rest_route=%2Fwp%2Fv2%2Fmedia&parent=84048"}],"wp:term":[{"taxonomy":"product_brand","embeddable":true,"href":"https:\/\/www.hediyepazar.com\/index.php?rest_route=%2Fwp%2Fv2%2Fproduct_brand&post=84048"},{"taxonomy":"product_cat","embeddable":true,"href":"https:\/\/www.hediyepazar.com\/index.php?rest_route=%2Fwp%2Fv2%2Fproduct_cat&post=84048"},{"taxonomy":"product_tag","embeddable":true,"href":"https:\/\/www.hediyepazar.com\/index.php?rest_route=%2Fwp%2Fv2%2Fproduct_tag&post=84048"}],"curies":[{"name":"wp","href":"https:\/\/api.w.org\/{rel}","templated":true}]}}