{"id":84058,"date":"2026-04-30T07:44:35","date_gmt":"2026-04-30T10:44:35","guid":{"rendered":"https:\/\/www.hediyepazar.com\/?product=kobra-sac-ve-sakal-besleyici-gurlestirici-yilan-yagi-70ml"},"modified":"2026-04-30T07:44:35","modified_gmt":"2026-04-30T10:44:35","slug":"kobra-sac-ve-sakal-besleyici-gurlestirici-yilan-yagi-70ml","status":"publish","type":"product","link":"https:\/\/www.hediyepazar.com\/?product=kobra-sac-ve-sakal-besleyici-gurlestirici-yilan-yagi-70ml","title":{"rendered":"Kobra Sa\u00e7 ve Sakal Besleyici G\u00fcrle\u015ftirici Y\u0131lan Ya\u011f\u0131 70ml"},"content":{"rendered":"<p>Kobra Sa&ccedil; ve Sakal Besleyici G&uuml;rle\u015ftirici Y\u0131lan Ya\u011f\u0131 70ml&nbsp;<\/p>\n<p>Sa&ccedil;lar\u0131n\u0131z\u0131 besler g&uuml;rle\u015ftirir<br \/>\nErkek bak\u0131m ya\u011flar\u0131ndan olan y\u0131lan ya\u011f\u0131 sakallar\u0131n\u0131za parlakl\u0131k verir ve besler<\/p>\n","protected":false},"excerpt":{"rendered":"<p>Kobra Sa\u00e7 ve Sakal Besleyici G\u00fcrle\u015ftirici Y\u0131lan Ya\u011f\u0131 70ml<\/p>\n","protected":false},"featured_media":84057,"comment_status":"open","ping_status":"closed","template":"","meta":{"_kad_post_transparent":"","_kad_post_title":"","_kad_post_layout":"","_kad_post_sidebar_id":"","_kad_post_content_style":"","_kad_post_vertical_padding":"","_kad_post_feature":"","_kad_post_feature_position":"","_kad_post_header":false,"_kad_post_footer":false,"_kad_post_classname":""},"product_brand":[],"product_cat":[702,566,452],"product_tag":[],"class_list":{"0":"post-84058","1":"product","2":"type-product","3":"status-publish","4":"has-post-thumbnail","6":"product_cat-cilt-bakim-yaglari","7":"product_cat-cilt-bakimi","8":"product_cat-kozmetik","10":"first","11":"instock","12":"shipping-taxable","13":"purchasable","14":"product-type-simple","15":"entry","16":"content-bg","17":"loop-entry"},"_links":{"self":[{"href":"https:\/\/www.hediyepazar.com\/index.php?rest_route=\/wp\/v2\/product\/84058","targetHints":{"allow":["GET"]}}],"collection":[{"href":"https:\/\/www.hediyepazar.com\/index.php?rest_route=\/wp\/v2\/product"}],"about":[{"href":"https:\/\/www.hediyepazar.com\/index.php?rest_route=\/wp\/v2\/types\/product"}],"replies":[{"embeddable":true,"href":"https:\/\/www.hediyepazar.com\/index.php?rest_route=%2Fwp%2Fv2%2Fcomments&post=84058"}],"wp:featuredmedia":[{"embeddable":true,"href":"https:\/\/www.hediyepazar.com\/index.php?rest_route=\/wp\/v2\/media\/84057"}],"wp:attachment":[{"href":"https:\/\/www.hediyepazar.com\/index.php?rest_route=%2Fwp%2Fv2%2Fmedia&parent=84058"}],"wp:term":[{"taxonomy":"product_brand","embeddable":true,"href":"https:\/\/www.hediyepazar.com\/index.php?rest_route=%2Fwp%2Fv2%2Fproduct_brand&post=84058"},{"taxonomy":"product_cat","embeddable":true,"href":"https:\/\/www.hediyepazar.com\/index.php?rest_route=%2Fwp%2Fv2%2Fproduct_cat&post=84058"},{"taxonomy":"product_tag","embeddable":true,"href":"https:\/\/www.hediyepazar.com\/index.php?rest_route=%2Fwp%2Fv2%2Fproduct_tag&post=84058"}],"curies":[{"name":"wp","href":"https:\/\/api.w.org\/{rel}","templated":true}]}}