{"id":84120,"date":"2026-04-30T07:47:49","date_gmt":"2026-04-30T10:47:49","guid":{"rendered":"https:\/\/www.hediyepazar.com\/?product=yakut-morenica-el-rondosu-5-bicakli-buyuk-boy-blender"},"modified":"2026-04-30T07:47:49","modified_gmt":"2026-04-30T10:47:49","slug":"yakut-morenica-el-rondosu-5-bicakli-buyuk-boy-blender","status":"publish","type":"product","link":"https:\/\/www.hediyepazar.com\/?product=yakut-morenica-el-rondosu-5-bicakli-buyuk-boy-blender","title":{"rendered":"YAKUT Morenica El Rondosu 5 B\u0131\u00e7akl\u0131 B\u00fcy\u00fck Boy Blender"},"content":{"rendered":"<table style=\"border-collapse:collapse; width:170pt; border:none\" width=\"227\">\n<colgroup>\n<col style=\"width:170pt\" width=\"227\" \/>\n\t<\/colgroup>\n<tbody>\n<tr height=\"20\" style=\"height:15.0pt\">\n<td height=\"20\" style=\"border:none; height:15.0pt; width:170pt; padding-top:1px; padding-right:1px; padding-left:1px; vertical-align:bottom; white-space:nowrap\" width=\"227\"><span style=\"font-size:11pt\"><span style=\"color:black\"><span style=\"font-weight:400\"><span style=\"font-style:normal\"><span style=\"text-decoration:none\"><span style=\"font-family:Calibri,sans-serif\">El Rondosu 5 B\u0131&ccedil;akl\u0131 B&uuml;y&uuml;k Boy Blender Ipli Sebze Do\u011fray\u0131c\u0131 1000 ml<br \/>\n\t\t\tIpli pratik el rondosu kolay kullan\u0131m ile mutfa\u011f\u0131n\u0131zda b&uuml;y&uuml;k rahatl\u0131k sa\u011flayacak.<br \/>\n\t\t\tKeskin b\u0131&ccedil;aklar\u0131, sar\u0131msak, havu&ccedil; ve ha\u015flanm\u0131\u015f p&uuml;re yap\u0131m\u0131nda kullan\u0131lan sebze ve meyveleri pratik \u015fekilde do\u011frar.<br \/>\n\t\t\tYenilenen paslanmaz 5 b\u0131&ccedil;a\u011f\u0131 ile t&uuml;m sebze, meyve ve kuruyemi\u015fleri do\u011framak m&uuml;mk&uuml;nd&uuml;r.<br \/>\n\t\t\t&Uuml;r&uuml;n &ouml;l&ccedil;&uuml;leri:<br \/>\n\t\t\t13 x 13 x 14 cm<br \/>\n\t\t\tHazne 0,8 litre<br \/>\n\t\t\tPaket i&ccedil;eri\u011fi:<br \/>\n\t\t\t1 set ipli pratik do\u011fray\u0131c\u0131<\/span><\/span><\/span><\/span><\/span><\/span><\/td>\n<\/tr>\n<\/tbody>\n<\/table>\n","protected":false},"excerpt":{"rendered":"<p>YAKUT Morenica El Rondosu 5 B\u0131\u00e7akl\u0131 B\u00fcy\u00fck Boy Blender<\/p>\n","protected":false},"featured_media":84119,"comment_status":"open","ping_status":"closed","template":"","meta":{"_kad_post_transparent":"","_kad_post_title":"","_kad_post_layout":"","_kad_post_sidebar_id":"","_kad_post_content_style":"","_kad_post_vertical_padding":"","_kad_post_feature":"","_kad_post_feature_position":"","_kad_post_header":false,"_kad_post_footer":false,"_kad_post_classname":""},"product_brand":[],"product_cat":[557,558,560],"product_tag":[],"class_list":{"0":"post-84120","1":"product","2":"type-product","3":"status-publish","4":"has-post-thumbnail","6":"product_cat-ev-yasam","7":"product_cat-sofra-mutfak-2","8":"product_cat-yemek-hazirlik","10":"first","11":"instock","12":"shipping-taxable","13":"purchasable","14":"product-type-simple","15":"entry","16":"content-bg","17":"loop-entry"},"_links":{"self":[{"href":"https:\/\/www.hediyepazar.com\/index.php?rest_route=\/wp\/v2\/product\/84120","targetHints":{"allow":["GET"]}}],"collection":[{"href":"https:\/\/www.hediyepazar.com\/index.php?rest_route=\/wp\/v2\/product"}],"about":[{"href":"https:\/\/www.hediyepazar.com\/index.php?rest_route=\/wp\/v2\/types\/product"}],"replies":[{"embeddable":true,"href":"https:\/\/www.hediyepazar.com\/index.php?rest_route=%2Fwp%2Fv2%2Fcomments&post=84120"}],"wp:featuredmedia":[{"embeddable":true,"href":"https:\/\/www.hediyepazar.com\/index.php?rest_route=\/wp\/v2\/media\/84119"}],"wp:attachment":[{"href":"https:\/\/www.hediyepazar.com\/index.php?rest_route=%2Fwp%2Fv2%2Fmedia&parent=84120"}],"wp:term":[{"taxonomy":"product_brand","embeddable":true,"href":"https:\/\/www.hediyepazar.com\/index.php?rest_route=%2Fwp%2Fv2%2Fproduct_brand&post=84120"},{"taxonomy":"product_cat","embeddable":true,"href":"https:\/\/www.hediyepazar.com\/index.php?rest_route=%2Fwp%2Fv2%2Fproduct_cat&post=84120"},{"taxonomy":"product_tag","embeddable":true,"href":"https:\/\/www.hediyepazar.com\/index.php?rest_route=%2Fwp%2Fv2%2Fproduct_tag&post=84120"}],"curies":[{"name":"wp","href":"https:\/\/api.w.org\/{rel}","templated":true}]}}