{"id":84124,"date":"2026-04-30T07:48:03","date_gmt":"2026-04-30T10:48:03","guid":{"rendered":"https:\/\/www.hediyepazar.com\/?product=cizgili-yuvarlak-dis-fircalik"},"modified":"2026-04-30T07:48:03","modified_gmt":"2026-04-30T10:48:03","slug":"cizgili-yuvarlak-dis-fircalik","status":"publish","type":"product","link":"https:\/\/www.hediyepazar.com\/?product=cizgili-yuvarlak-dis-fircalik","title":{"rendered":"\u00c7izgili Yuvarlak Di\u015f F\u0131r\u00e7al\u0131k"},"content":{"rendered":"<table style=\"border-collapse:collapse; width:170pt; border:none\" width=\"227\">\n<colgroup>\n<col style=\"width:170pt\" width=\"227\" \/>\n\t<\/colgroup>\n<tbody>\n<tr height=\"20\" style=\"height:15.0pt\">\n<td height=\"20\" style=\"border:none; height:15.0pt; width:170pt; padding-top:1px; padding-right:1px; padding-left:1px; vertical-align:bottom; white-space:nowrap\" width=\"227\"><span style=\"font-size:11pt\"><span style=\"color:black\"><span style=\"font-weight:400\"><span style=\"font-style:normal\"><span style=\"text-decoration:none\"><span style=\"font-family:Calibri,sans-serif\">Di\u015f F\u0131r&ccedil;as\u0131, Di\u015f macunu ,makyaj malzemeleri, bak\u0131m &uuml;r&uuml;nleri gibi &uuml;r&uuml;nlerinizi kolayca saklayabilirsiniz.<br \/>\n\t\t\tPortatif yap\u0131s\u0131yla yan\u0131n\u0131zda kolayca ta\u015f\u0131yabilir, &uuml;r&uuml;nlerinizi &ccedil;antan\u0131zda hijyenik bir \u015fekilde saklayabilirsiniz.<br \/>\n\t\t\tBPA i&ccedil;ermez.<br \/>\n\t\t\tSa\u011fl\u0131\u011fa zararl\u0131 maddeler i&ccedil;ermez.<br \/>\n\t\t\t**MATERYAL: Plastik *<\/span><\/span><\/span><\/span><\/span><\/span><\/td>\n<\/tr>\n<\/tbody>\n<\/table>\n","protected":false},"excerpt":{"rendered":"<p>\u00c7izgili Yuvarlak Di\u015f F\u0131r\u00e7al\u0131k<\/p>\n","protected":false},"featured_media":84123,"comment_status":"open","ping_status":"closed","template":"","meta":{"_kad_post_transparent":"","_kad_post_title":"","_kad_post_layout":"","_kad_post_sidebar_id":"","_kad_post_content_style":"","_kad_post_vertical_padding":"","_kad_post_feature":"","_kad_post_feature_position":"","_kad_post_header":false,"_kad_post_footer":false,"_kad_post_classname":""},"product_brand":[],"product_cat":[557,602,558],"product_tag":[],"class_list":{"0":"post-84124","1":"product","2":"type-product","3":"status-publish","4":"has-post-thumbnail","6":"product_cat-ev-yasam","7":"product_cat-mutfak-saklama-duzenleme","8":"product_cat-sofra-mutfak-2","10":"first","11":"instock","12":"shipping-taxable","13":"purchasable","14":"product-type-simple","15":"entry","16":"content-bg","17":"loop-entry"},"_links":{"self":[{"href":"https:\/\/www.hediyepazar.com\/index.php?rest_route=\/wp\/v2\/product\/84124","targetHints":{"allow":["GET"]}}],"collection":[{"href":"https:\/\/www.hediyepazar.com\/index.php?rest_route=\/wp\/v2\/product"}],"about":[{"href":"https:\/\/www.hediyepazar.com\/index.php?rest_route=\/wp\/v2\/types\/product"}],"replies":[{"embeddable":true,"href":"https:\/\/www.hediyepazar.com\/index.php?rest_route=%2Fwp%2Fv2%2Fcomments&post=84124"}],"wp:featuredmedia":[{"embeddable":true,"href":"https:\/\/www.hediyepazar.com\/index.php?rest_route=\/wp\/v2\/media\/84123"}],"wp:attachment":[{"href":"https:\/\/www.hediyepazar.com\/index.php?rest_route=%2Fwp%2Fv2%2Fmedia&parent=84124"}],"wp:term":[{"taxonomy":"product_brand","embeddable":true,"href":"https:\/\/www.hediyepazar.com\/index.php?rest_route=%2Fwp%2Fv2%2Fproduct_brand&post=84124"},{"taxonomy":"product_cat","embeddable":true,"href":"https:\/\/www.hediyepazar.com\/index.php?rest_route=%2Fwp%2Fv2%2Fproduct_cat&post=84124"},{"taxonomy":"product_tag","embeddable":true,"href":"https:\/\/www.hediyepazar.com\/index.php?rest_route=%2Fwp%2Fv2%2Fproduct_tag&post=84124"}],"curies":[{"name":"wp","href":"https:\/\/api.w.org\/{rel}","templated":true}]}}