{"id":84149,"date":"2026-04-30T07:49:18","date_gmt":"2026-04-30T10:49:18","guid":{"rendered":"https:\/\/www.hediyepazar.com\/?product=kirmizi-lokumluk-gozlu-seramik-kahve-fincani-kalp-tasarim-yilbasi-konsepti"},"modified":"2026-04-30T07:49:18","modified_gmt":"2026-04-30T10:49:18","slug":"kirmizi-lokumluk-gozlu-seramik-kahve-fincani-kalp-tasarim-yilbasi-konsepti","status":"publish","type":"product","link":"https:\/\/www.hediyepazar.com\/?product=kirmizi-lokumluk-gozlu-seramik-kahve-fincani-kalp-tasarim-yilbasi-konsepti","title":{"rendered":"K\u0131rm\u0131z\u0131 Lokumluk G\u00f6zl\u00fc Seramik Kahve Fincan\u0131 Kalp Tasar\u0131m Y\u0131lba\u015f\u0131 Konsepti"},"content":{"rendered":"<p>K\u0131rm\u0131z\u0131&nbsp; Lokumluk G&ouml;zl&uuml; Seramik Kahve Fincan\u0131 Kalp Tasar\u0131m&nbsp;<br \/>\nSermaikten &uuml;retilmi\u015ftir.<br \/>\n\u015e\u0131k ve g&ouml;zal\u0131c\u0131 renktedir<br \/>\nLokumluk g&ouml;z&uuml; sayesinde kahve sunumlar\u0131n\u0131zda \u015f\u0131k g&ouml;r&uuml;nt&uuml; sa\u011flar.<br \/>\n1 adet kahve fincan\u0131 1 adet lokumluk taba\u011f\u0131 olarak 2 par&ccedil;a &uuml;r&uuml;nd&uuml;r.<\/p>\n<p>\n&nbsp;<\/p>\n","protected":false},"excerpt":{"rendered":"<p>K\u0131rm\u0131z\u0131 Lokumluk G\u00f6zl\u00fc Seramik Kahve Fincan\u0131 Kalp Tasar\u0131m Y\u0131lba\u015f\u0131 Konsepti<\/p>\n","protected":false},"featured_media":84148,"comment_status":"open","ping_status":"closed","template":"","meta":{"_kad_post_transparent":"","_kad_post_title":"","_kad_post_layout":"","_kad_post_sidebar_id":"","_kad_post_content_style":"","_kad_post_vertical_padding":"","_kad_post_feature":"","_kad_post_feature_position":"","_kad_post_header":false,"_kad_post_footer":false,"_kad_post_classname":""},"product_brand":[],"product_cat":[557,559,558],"product_tag":[],"class_list":{"0":"post-84149","1":"product","2":"type-product","3":"status-publish","4":"has-post-thumbnail","6":"product_cat-ev-yasam","7":"product_cat-sofra","8":"product_cat-sofra-mutfak-2","10":"first","11":"instock","12":"shipping-taxable","13":"purchasable","14":"product-type-simple","15":"entry","16":"content-bg","17":"loop-entry"},"_links":{"self":[{"href":"https:\/\/www.hediyepazar.com\/index.php?rest_route=\/wp\/v2\/product\/84149","targetHints":{"allow":["GET"]}}],"collection":[{"href":"https:\/\/www.hediyepazar.com\/index.php?rest_route=\/wp\/v2\/product"}],"about":[{"href":"https:\/\/www.hediyepazar.com\/index.php?rest_route=\/wp\/v2\/types\/product"}],"replies":[{"embeddable":true,"href":"https:\/\/www.hediyepazar.com\/index.php?rest_route=%2Fwp%2Fv2%2Fcomments&post=84149"}],"wp:featuredmedia":[{"embeddable":true,"href":"https:\/\/www.hediyepazar.com\/index.php?rest_route=\/wp\/v2\/media\/84148"}],"wp:attachment":[{"href":"https:\/\/www.hediyepazar.com\/index.php?rest_route=%2Fwp%2Fv2%2Fmedia&parent=84149"}],"wp:term":[{"taxonomy":"product_brand","embeddable":true,"href":"https:\/\/www.hediyepazar.com\/index.php?rest_route=%2Fwp%2Fv2%2Fproduct_brand&post=84149"},{"taxonomy":"product_cat","embeddable":true,"href":"https:\/\/www.hediyepazar.com\/index.php?rest_route=%2Fwp%2Fv2%2Fproduct_cat&post=84149"},{"taxonomy":"product_tag","embeddable":true,"href":"https:\/\/www.hediyepazar.com\/index.php?rest_route=%2Fwp%2Fv2%2Fproduct_tag&post=84149"}],"curies":[{"name":"wp","href":"https:\/\/api.w.org\/{rel}","templated":true}]}}