{"id":84169,"date":"2026-04-30T07:50:07","date_gmt":"2026-04-30T10:50:07","guid":{"rendered":"https:\/\/www.hediyepazar.com\/?product=kapakli-ve-kasikli-luks-porselen-sekerlik-lokumluk-16x16"},"modified":"2026-04-30T07:50:07","modified_gmt":"2026-04-30T10:50:07","slug":"kapakli-ve-kasikli-luks-porselen-sekerlik-lokumluk-16x16","status":"publish","type":"product","link":"https:\/\/www.hediyepazar.com\/?product=kapakli-ve-kasikli-luks-porselen-sekerlik-lokumluk-16x16","title":{"rendered":"Kapakl\u0131 ve Ka\u015f\u0131kl\u0131 L\u00fcks Porselen \u015eekerlik Lokumluk 16&#215;16"},"content":{"rendered":"<table style=\"border-collapse:collapse; width:170pt; border:none\" width=\"227\">\n<colgroup>\n<col style=\"width:170pt\" width=\"227\" \/>\n\t<\/colgroup>\n<tbody>\n<tr height=\"20\" style=\"height:15.0pt\">\n<td height=\"20\" style=\"border:none; height:15.0pt; width:170pt; padding-top:1px; padding-right:1px; padding-left:1px; vertical-align:bottom; white-space:nowrap\" width=\"227\"><span style=\"font-size:11pt\"><span style=\"color:black\"><span style=\"font-weight:400\"><span style=\"font-style:normal\"><span style=\"text-decoration:none\"><span style=\"font-family:Calibri,sans-serif\">Porselenli Yuvarlak \u015eekerlik Lokumluk G&uuml;m&uuml;\u015f<br \/>\n\t\t\tKod: 13-004-K-11<br \/>\n\t\t\tEbat:&nbsp; 16X16 cm<br \/>\n\t\t\tLokumluk ve sekerlik olarak kullanilabilir.<br \/>\n\t\t\t&Uuml;stun kalite malzeme ve i\u015f&ccedil;ilik kullan\u0131lm\u0131\u015ft\u0131r,<br \/>\n\t\t\t&Uuml;r&uuml;nlerinizin daha uzun s&uuml;re &quot;ilk g&uuml;nk&uuml; g&ouml;r&uuml;nt&uuml;s&uuml;n&uuml;&quot;<br \/>\n\t\t\tkorumas\u0131 amac\u0131yla, bula\u015f\u0131k makinesinde y\u0131kanmas\u0131 &ouml;nerilmez.<br \/>\n\t\t\t&Uuml;r&uuml;nlerin temizli\u011fi bittikten sonra mutlaka yumu\u015fak kuru bir bez ile kurulanmal\u0131d\u0131r<br \/>\n\t\t\tServis tepsileri su ve hava ile temas\u0131ndan dolay\u0131 zamanla matla\u015fma yapabilmektedir<br \/>\n\t\t\t,B&ouml;yle durumlarda, &uuml;r&uuml;n&uuml; nemli bir bez ya da pamuk yard\u0131m\u0131yla temizledi\u011finiz de eski<br \/>\n\t\t\tparlakl\u0131\u011f\u0131na getirebilirsiniz. \u015eekerlik porselenden uretilmistir.<br \/>\n\t\t\tD\u0131\u015f malzemesi zamakt\u0131r.<br \/>\n\t\t\tPorselen \u015eekerlik Kapakl\u0131 ve Ka\u015f\u0131k Setin yeni ev hediyeleri, yeni eve ta\u015f\u0131nma<br \/>\n\t\t\tve d&uuml;\u011f&uuml;n hediyeleri i&ccedil;in uygun kendi kutusu vard\u0131r.<br \/>\n\t\t\tE\u015eS\u0130Z VINTAGE TASARIMI Y&uuml;zeydeki her detay, zengin T&uuml;rk k&uuml;lt&uuml;r&uuml;n&uuml;n izlerini<br \/>\n\t\t\tta\u015f\u0131yor ve 20 y\u0131ll\u0131k tecr&uuml;be ile &ouml;zenle haz\u0131rlanm\u0131\u015f.<br \/>\n\t\t\t&Uuml;R&Uuml;N \u0130&Ccedil;ER\u0130\u011e\u0130&nbsp; &Ccedil;ay ka\u015f\u0131\u011f\u0131 ve kase i&ccedil;in haz\u0131rlanm\u0131\u015f ba\u015fl\u0131kla birlikte Settir.<br \/>\n\t\t\tl&uuml;ks porselen \u015fekerlik alacaks\u0131n\u0131z. Toplam 3 Par&ccedil;ad\u0131r.<br \/>\n\t\t\tYIKAMA TAL\u0130MATI : &Uuml;r&uuml;nlerimiz kararmaya kar\u015f\u0131 geli\u015ftirilmi\u015f oksidasyon ve<br \/>\n\t\t\tkorozyon direnci ile &ouml;zel olarak &uuml;retilmi\u015ftir. Temizlerken herhangi bir kimyasal kullanmay\u0131n.<br \/>\n\t\t\tEl y\u0131kama temiz su ile tavsiye edilir. Islak b\u0131rakmay\u0131n ve kuru bezle silin.<br \/>\n\t\t\tPaket \u0130&ccedil;eri\u011fi : 1 Adet Kapakl\u0131 ve Ka\u015f\u0131kl\u0131 Porselen \u015eekerlik Lokumluk<\/span><\/span><\/span><\/span><\/span><\/span><\/td>\n<\/tr>\n<\/tbody>\n<\/table>\n","protected":false},"excerpt":{"rendered":"<p>Kapakl\u0131 ve Ka\u015f\u0131kl\u0131 L\u00fcks Porselen \u015eekerlik Lokumluk 16&#215;16<\/p>\n","protected":false},"featured_media":84168,"comment_status":"open","ping_status":"closed","template":"","meta":{"_kad_post_transparent":"","_kad_post_title":"","_kad_post_layout":"","_kad_post_sidebar_id":"","_kad_post_content_style":"","_kad_post_vertical_padding":"","_kad_post_feature":"","_kad_post_feature_position":"","_kad_post_header":false,"_kad_post_footer":false,"_kad_post_classname":""},"product_brand":[],"product_cat":[557,559,558],"product_tag":[],"class_list":{"0":"post-84169","1":"product","2":"type-product","3":"status-publish","4":"has-post-thumbnail","6":"product_cat-ev-yasam","7":"product_cat-sofra","8":"product_cat-sofra-mutfak-2","10":"first","11":"instock","12":"shipping-taxable","13":"purchasable","14":"product-type-simple","15":"entry","16":"content-bg","17":"loop-entry"},"_links":{"self":[{"href":"https:\/\/www.hediyepazar.com\/index.php?rest_route=\/wp\/v2\/product\/84169","targetHints":{"allow":["GET"]}}],"collection":[{"href":"https:\/\/www.hediyepazar.com\/index.php?rest_route=\/wp\/v2\/product"}],"about":[{"href":"https:\/\/www.hediyepazar.com\/index.php?rest_route=\/wp\/v2\/types\/product"}],"replies":[{"embeddable":true,"href":"https:\/\/www.hediyepazar.com\/index.php?rest_route=%2Fwp%2Fv2%2Fcomments&post=84169"}],"wp:featuredmedia":[{"embeddable":true,"href":"https:\/\/www.hediyepazar.com\/index.php?rest_route=\/wp\/v2\/media\/84168"}],"wp:attachment":[{"href":"https:\/\/www.hediyepazar.com\/index.php?rest_route=%2Fwp%2Fv2%2Fmedia&parent=84169"}],"wp:term":[{"taxonomy":"product_brand","embeddable":true,"href":"https:\/\/www.hediyepazar.com\/index.php?rest_route=%2Fwp%2Fv2%2Fproduct_brand&post=84169"},{"taxonomy":"product_cat","embeddable":true,"href":"https:\/\/www.hediyepazar.com\/index.php?rest_route=%2Fwp%2Fv2%2Fproduct_cat&post=84169"},{"taxonomy":"product_tag","embeddable":true,"href":"https:\/\/www.hediyepazar.com\/index.php?rest_route=%2Fwp%2Fv2%2Fproduct_tag&post=84169"}],"curies":[{"name":"wp","href":"https:\/\/api.w.org\/{rel}","templated":true}]}}