{"id":84171,"date":"2026-04-30T07:50:11","date_gmt":"2026-04-30T10:50:11","guid":{"rendered":"https:\/\/www.hediyepazar.com\/?product=360-derece-yeni-nesil-donebilen-kendinden-sikmali-x-mop-paspas"},"modified":"2026-04-30T07:50:11","modified_gmt":"2026-04-30T10:50:11","slug":"360-derece-yeni-nesil-donebilen-kendinden-sikmali-x-mop-paspas","status":"publish","type":"product","link":"https:\/\/www.hediyepazar.com\/?product=360-derece-yeni-nesil-donebilen-kendinden-sikmali-x-mop-paspas","title":{"rendered":"360 Derece Yeni Nesil D\u00f6nebilen Kendinden S\u0131kmal\u0131 X Mop Paspas"},"content":{"rendered":"<table style=\"border-collapse:collapse; width:170pt; border:none\" width=\"227\">\n<colgroup>\n<col style=\"width:170pt\" width=\"227\" \/>\n\t<\/colgroup>\n<tbody>\n<tr height=\"20\" style=\"height:15.0pt\">\n<td height=\"20\" style=\"border:none; height:15.0pt; width:170pt; padding-top:1px; padding-right:1px; padding-left:1px; vertical-align:bottom; white-space:nowrap\" width=\"227\"><span style=\"font-size:11pt\"><span style=\"color:black\"><span style=\"font-weight:400\"><span style=\"font-style:normal\"><span style=\"text-decoration:none\"><span style=\"font-family:Calibri,sans-serif\">&Ouml;ZELL\u0130KLER<br \/>\n\t\t\t1- &Uuml;zerinde bulunan pompal\u0131 aparat\u0131 sayesinde kovaya ihtiya&ccedil; duymadan kendi suyunu s\u0131kabilmektedir.<br \/>\n\t\t\t2- &Uuml;r&uuml;n&uuml;n ba\u015f k\u0131sm\u0131 360&deg; derece d&ouml;nebilir temizlikte ula\u015famad\u0131\u011f\u0131n\u0131z alanlarda kolayl\u0131k sa\u011flar.<br \/>\n\t\t\t3- &Uuml;r&uuml;n 3 par&ccedil;aya ayr\u0131labilir ve katlanabilir yer kaplamaz.<br \/>\n\t\t\t4- Mikrofiber bezi sayesinde yerdeki toz,sa&ccedil; gibi materyalleri temizlemeye yard\u0131mc\u0131 olur<br \/>\n\t\t\tKendinden S\u0131kmal\u0131 X-Mop &Ouml;zel mekanizmas\u0131 sayesinde kovaya ihtiya&ccedil; duymadan kolayca kendi suyunu s\u0131kabilmektedir.<br \/>\n\t\t\tPaleti 360&deg; derece d&ouml;nebilir temizlikte ula\u015famad\u0131\u011f\u0131n\u0131z alanlarda kolayl\u0131k sa\u011flar.<br \/>\n\t\t\t3 par&ccedil;aya ayr\u0131labilir ve katlanabilir yer kaplamaz. Mikrofiber bezi sayesinde yerdeki toz,<br \/>\n\t\t\tsa&ccedil; gibi materyalleri temizlemeye yard\u0131mc\u0131 olur.<br \/>\n\t\t\tKutu \u0130&ccedil;eri\u011fi; 1 Adet Mikrofiber Bez 1 Adet Mikrofiber Yedek Bez 3 Par&ccedil;adan Olu\u015fan Mop Tak\u0131m\u0131<br \/>\n\t\t\t1 Adet Bez Temizlik F\u0131r&ccedil;as\u0131 (Sopan\u0131n &uuml;st b&ouml;l&uuml;m&uuml;nde hafif&ccedil;e &ccedil;ekerek &ccedil;\u0131karabilirsiniz)<br \/>\n\t\t\t360 Derece Yeni Nesil D&ouml;nebilen Kendinden S\u0131kmal\u0131 X<br \/>\n\t\t\tMop Paspas Y&uuml;kseklik 140cm, Mop Ba\u015fl\u0131\u011f\u0131: 32&#215;14.3 cm.<\/span><\/span><\/span><\/span><\/span><\/span><\/td>\n<\/tr>\n<\/tbody>\n<\/table>\n","protected":false},"excerpt":{"rendered":"<p>360 Derece Yeni Nesil D\u00f6nebilen Kendinden S\u0131kmal\u0131 X Mop Paspas<\/p>\n","protected":false},"featured_media":84170,"comment_status":"open","ping_status":"closed","template":"","meta":{"_kad_post_transparent":"","_kad_post_title":"","_kad_post_layout":"","_kad_post_sidebar_id":"","_kad_post_content_style":"","_kad_post_vertical_padding":"","_kad_post_feature":"","_kad_post_feature_position":"","_kad_post_header":false,"_kad_post_footer":false,"_kad_post_classname":""},"product_brand":[],"product_cat":[571,570,605],"product_tag":[],"class_list":{"0":"post-84171","1":"product","2":"type-product","3":"status-publish","4":"has-post-thumbnail","6":"product_cat-ev-temizlik","7":"product_cat-supermarket","8":"product_cat-temizlik-gerecleri","10":"first","11":"instock","12":"shipping-taxable","13":"purchasable","14":"product-type-simple","15":"entry","16":"content-bg","17":"loop-entry"},"_links":{"self":[{"href":"https:\/\/www.hediyepazar.com\/index.php?rest_route=\/wp\/v2\/product\/84171","targetHints":{"allow":["GET"]}}],"collection":[{"href":"https:\/\/www.hediyepazar.com\/index.php?rest_route=\/wp\/v2\/product"}],"about":[{"href":"https:\/\/www.hediyepazar.com\/index.php?rest_route=\/wp\/v2\/types\/product"}],"replies":[{"embeddable":true,"href":"https:\/\/www.hediyepazar.com\/index.php?rest_route=%2Fwp%2Fv2%2Fcomments&post=84171"}],"wp:featuredmedia":[{"embeddable":true,"href":"https:\/\/www.hediyepazar.com\/index.php?rest_route=\/wp\/v2\/media\/84170"}],"wp:attachment":[{"href":"https:\/\/www.hediyepazar.com\/index.php?rest_route=%2Fwp%2Fv2%2Fmedia&parent=84171"}],"wp:term":[{"taxonomy":"product_brand","embeddable":true,"href":"https:\/\/www.hediyepazar.com\/index.php?rest_route=%2Fwp%2Fv2%2Fproduct_brand&post=84171"},{"taxonomy":"product_cat","embeddable":true,"href":"https:\/\/www.hediyepazar.com\/index.php?rest_route=%2Fwp%2Fv2%2Fproduct_cat&post=84171"},{"taxonomy":"product_tag","embeddable":true,"href":"https:\/\/www.hediyepazar.com\/index.php?rest_route=%2Fwp%2Fv2%2Fproduct_tag&post=84171"}],"curies":[{"name":"wp","href":"https:\/\/api.w.org\/{rel}","templated":true}]}}