{"id":84179,"date":"2026-04-30T07:50:24","date_gmt":"2026-04-30T10:50:24","guid":{"rendered":"https:\/\/www.hediyepazar.com\/?product=kozmetik-makyaj-duzenleyici-organizer-gri-tasima-kulplu-cekmeceli"},"modified":"2026-04-30T07:50:24","modified_gmt":"2026-04-30T10:50:24","slug":"kozmetik-makyaj-duzenleyici-organizer-gri-tasima-kulplu-cekmeceli","status":"publish","type":"product","link":"https:\/\/www.hediyepazar.com\/?product=kozmetik-makyaj-duzenleyici-organizer-gri-tasima-kulplu-cekmeceli","title":{"rendered":"Kozmetik Makyaj D\u00fczenleyici Organizer Gri Ta\u015f\u0131ma Kulplu \u00c7ekmeceli"},"content":{"rendered":"<table style=\"border-collapse:collapse; width:175pt; border:none\" width=\"234\">\n<colgroup>\n<col style=\"width:175pt\" width=\"234\" \/>\n\t<\/colgroup>\n<tbody>\n<tr height=\"19\" style=\"height:14.4pt\">\n<td height=\"19\" style=\"border:none; height:14.4pt; width:175pt; padding-top:1px; padding-right:1px; padding-left:1px; vertical-align:bottom; white-space:nowrap\" width=\"234\"><span style=\"font-size:11pt\"><span style=\"color:black\"><span style=\"font-weight:400\"><span style=\"font-style:normal\"><span style=\"text-decoration:none\"><span style=\"font-family:Calibri,sans-serif\">&Ccedil;ekmeceli &Ccedil;ok Ama&ccedil;l\u0131 Makyaj Kozmetik D&uuml;zenleyici B&uuml;y&uuml;k Tasar\u0131m Organizer,<br \/>\n\t\t\t&Uuml;r&uuml;n &Ouml;l&ccedil;&uuml;leri: 14 x 26 cm, y&uuml;kseklik 34 cm,<br \/>\n\t\t\tD&uuml;zen, hayat\u0131m\u0131z\u0131n her noktas\u0131nda &ccedil;ok &ouml;nemlidir.<br \/>\n\t\t\tEvimizde, d&uuml;zen sa\u011flamak i&ccedil;in de organizerlere ihtiya&ccedil; duyar\u0131z.<br \/>\n\t\t\tBu organizerlerin, ev dekorasyonumuzla ve mobilyalar\u0131m\u0131zla uyumlu olmas\u0131,<br \/>\n\t\t\t\u015f\u0131kl\u0131k a&ccedil;\u0131s\u0131ndan da &ccedil;ok &ouml;nemlidir.<br \/>\n\t\t\t&Ccedil;ekmeceli Makyaj Kozmetik D&uuml;zenleyici Organizer, d&uuml;zen sa\u011flamas\u0131n\u0131n yan\u0131 s\u0131ra g&ouml;z al\u0131c\u0131 \u015f\u0131k<br \/>\n\t\t\tve dekoratif tasar\u0131m\u0131yla odan\u0131za, banyonuza k\u0131sacas\u0131 kullan\u0131ld\u0131\u011f\u0131 her alana ayr\u0131 bir hava ve g&uuml;zellik katar.<br \/>\n\t\t\tTa\u015f\u0131nabilir ask\u0131 aparat\u0131 sayesinde, kullanmak istedi\u011finiz yere kolayca ta\u015f\u0131nabilir.<br \/>\n\t\t\t&Uuml;st k\u0131sm\u0131nda bulunan \u015feffaf kapa\u011f\u0131 sayesinde &uuml;r&uuml;nlerini korurken hangi &uuml;r&uuml;nlerinizi koydu\u011funuzu<br \/>\n\t\t\tg&ouml;rebilme imk&acirc;n\u0131na sahip olursunuz.<br \/>\n\t\t\t&Ccedil;ekmeceli tasar\u0131m ile bir&ccedil;ok farkl\u0131 &uuml;r&uuml;n grubunu d&uuml;zenli bir \u015fekilde muhafaza edebilirsiniz.<br \/>\n\t\t\t\u0130ster masan\u0131z\u0131n &uuml;zerinde, ister dolab\u0131n\u0131z\u0131n &uuml;zerinde, isterseniz de zeminde kullan\u0131ma uygundur<\/span><\/span><\/span><\/span><\/span><\/span><\/td>\n<\/tr>\n<\/tbody>\n<\/table>\n","protected":false},"excerpt":{"rendered":"<p>Kozmetik Makyaj D\u00fczenleyici Organizer Gri Ta\u015f\u0131ma Kulplu \u00c7ekmeceli<\/p>\n","protected":false},"featured_media":84178,"comment_status":"open","ping_status":"closed","template":"","meta":{"_kad_post_transparent":"","_kad_post_title":"","_kad_post_layout":"","_kad_post_sidebar_id":"","_kad_post_content_style":"","_kad_post_vertical_padding":"","_kad_post_feature":"","_kad_post_feature_position":"","_kad_post_header":false,"_kad_post_footer":false,"_kad_post_classname":""},"product_brand":[],"product_cat":[452,565,606],"product_tag":[],"class_list":{"0":"post-84179","1":"product","2":"type-product","3":"status-publish","4":"has-post-thumbnail","6":"product_cat-kozmetik","7":"product_cat-makyaj","8":"product_cat-makyaj-organizeri","10":"first","11":"instock","12":"shipping-taxable","13":"purchasable","14":"product-type-simple","15":"entry","16":"content-bg","17":"loop-entry"},"_links":{"self":[{"href":"https:\/\/www.hediyepazar.com\/index.php?rest_route=\/wp\/v2\/product\/84179","targetHints":{"allow":["GET"]}}],"collection":[{"href":"https:\/\/www.hediyepazar.com\/index.php?rest_route=\/wp\/v2\/product"}],"about":[{"href":"https:\/\/www.hediyepazar.com\/index.php?rest_route=\/wp\/v2\/types\/product"}],"replies":[{"embeddable":true,"href":"https:\/\/www.hediyepazar.com\/index.php?rest_route=%2Fwp%2Fv2%2Fcomments&post=84179"}],"wp:featuredmedia":[{"embeddable":true,"href":"https:\/\/www.hediyepazar.com\/index.php?rest_route=\/wp\/v2\/media\/84178"}],"wp:attachment":[{"href":"https:\/\/www.hediyepazar.com\/index.php?rest_route=%2Fwp%2Fv2%2Fmedia&parent=84179"}],"wp:term":[{"taxonomy":"product_brand","embeddable":true,"href":"https:\/\/www.hediyepazar.com\/index.php?rest_route=%2Fwp%2Fv2%2Fproduct_brand&post=84179"},{"taxonomy":"product_cat","embeddable":true,"href":"https:\/\/www.hediyepazar.com\/index.php?rest_route=%2Fwp%2Fv2%2Fproduct_cat&post=84179"},{"taxonomy":"product_tag","embeddable":true,"href":"https:\/\/www.hediyepazar.com\/index.php?rest_route=%2Fwp%2Fv2%2Fproduct_tag&post=84179"}],"curies":[{"name":"wp","href":"https:\/\/api.w.org\/{rel}","templated":true}]}}