{"id":84195,"date":"2026-04-30T07:51:19","date_gmt":"2026-04-30T10:51:19","guid":{"rendered":"https:\/\/www.hediyepazar.com\/?product=gondol-g654-knitty-orgu-camasir-sepeti-57-lt"},"modified":"2026-04-30T07:51:19","modified_gmt":"2026-04-30T10:51:19","slug":"gondol-g654-knitty-orgu-camasir-sepeti-57-lt","status":"publish","type":"product","link":"https:\/\/www.hediyepazar.com\/?product=gondol-g654-knitty-orgu-camasir-sepeti-57-lt","title":{"rendered":"Gondol G654 Knitty \u00d6rg\u00fc \u00c7ama\u015f\u0131r Sepeti 57 lt"},"content":{"rendered":"<table style=\"border-collapse:collapse; width:182pt; border:none\" width=\"243\">\n<colgroup>\n<col style=\"width:182pt\" width=\"243\" \/>\n\t<\/colgroup>\n<tbody>\n<tr height=\"19\" style=\"height:14.4pt\">\n<td height=\"19\" style=\"border:none; height:14.4pt; width:182pt; padding-top:1px; padding-right:1px; padding-left:1px; vertical-align:bottom; white-space:nowrap\" width=\"243\"><span style=\"font-size:11pt\"><span style=\"color:black\"><span style=\"font-weight:400\"><span style=\"font-style:normal\"><span style=\"text-decoration:none\"><span style=\"font-family:Calibri,sans-serif\">Gondol G654 Knitty &Ouml;rg&uuml; &Ccedil;ama\u015f\u0131r Sepeti 57 lt<\/p>\n<p>\t\t\tEbat: 345x445x573 mm<\/span><\/span><\/span><\/span><\/span><\/span><br \/>\n\t\t\t&nbsp;<\/td>\n<\/tr>\n<\/tbody>\n<\/table>\n","protected":false},"excerpt":{"rendered":"<p>Gondol G654 Knitty \u00d6rg\u00fc \u00c7ama\u015f\u0131r Sepeti 57 lt<\/p>\n","protected":false},"featured_media":84194,"comment_status":"open","ping_status":"closed","template":"","meta":{"_kad_post_transparent":"","_kad_post_title":"","_kad_post_layout":"","_kad_post_sidebar_id":"","_kad_post_content_style":"","_kad_post_vertical_padding":"","_kad_post_feature":"","_kad_post_feature_position":"","_kad_post_header":false,"_kad_post_footer":false,"_kad_post_classname":""},"product_brand":[],"product_cat":[704,557,603],"product_tag":[],"class_list":{"0":"post-84195","1":"product","2":"type-product","3":"status-publish","4":"has-post-thumbnail","6":"product_cat-camasir-sepeti","7":"product_cat-ev-yasam","8":"product_cat-ev-gerecleri","10":"first","11":"instock","12":"shipping-taxable","13":"purchasable","14":"product-type-simple","15":"entry","16":"content-bg","17":"loop-entry"},"_links":{"self":[{"href":"https:\/\/www.hediyepazar.com\/index.php?rest_route=\/wp\/v2\/product\/84195","targetHints":{"allow":["GET"]}}],"collection":[{"href":"https:\/\/www.hediyepazar.com\/index.php?rest_route=\/wp\/v2\/product"}],"about":[{"href":"https:\/\/www.hediyepazar.com\/index.php?rest_route=\/wp\/v2\/types\/product"}],"replies":[{"embeddable":true,"href":"https:\/\/www.hediyepazar.com\/index.php?rest_route=%2Fwp%2Fv2%2Fcomments&post=84195"}],"wp:featuredmedia":[{"embeddable":true,"href":"https:\/\/www.hediyepazar.com\/index.php?rest_route=\/wp\/v2\/media\/84194"}],"wp:attachment":[{"href":"https:\/\/www.hediyepazar.com\/index.php?rest_route=%2Fwp%2Fv2%2Fmedia&parent=84195"}],"wp:term":[{"taxonomy":"product_brand","embeddable":true,"href":"https:\/\/www.hediyepazar.com\/index.php?rest_route=%2Fwp%2Fv2%2Fproduct_brand&post=84195"},{"taxonomy":"product_cat","embeddable":true,"href":"https:\/\/www.hediyepazar.com\/index.php?rest_route=%2Fwp%2Fv2%2Fproduct_cat&post=84195"},{"taxonomy":"product_tag","embeddable":true,"href":"https:\/\/www.hediyepazar.com\/index.php?rest_route=%2Fwp%2Fv2%2Fproduct_tag&post=84195"}],"curies":[{"name":"wp","href":"https:\/\/api.w.org\/{rel}","templated":true}]}}