{"id":84317,"date":"2026-04-30T08:00:08","date_gmt":"2026-04-30T11:00:08","guid":{"rendered":"https:\/\/www.hediyepazar.com\/?product=uzayabilir-doldurulabilir-renkli-mutfak-cakmagi-1-adet"},"modified":"2026-04-30T08:00:08","modified_gmt":"2026-04-30T11:00:08","slug":"uzayabilir-doldurulabilir-renkli-mutfak-cakmagi-1-adet","status":"publish","type":"product","link":"https:\/\/www.hediyepazar.com\/?product=uzayabilir-doldurulabilir-renkli-mutfak-cakmagi-1-adet","title":{"rendered":"Uzayabilir &#038; Doldurulabilir Renkli Mutfak \u00c7akma\u011f\u0131 (1 ADET)"},"content":{"rendered":"<table style=\"border-collapse:collapse; width:177pt; border:none\" width=\"236\">\n<colgroup>\n<col style=\"width:177pt\" width=\"236\" \/>\n\t<\/colgroup>\n<tbody>\n<tr height=\"20\" style=\"height:15.0pt\">\n<td height=\"20\" style=\"border:none; height:15.0pt; width:177pt; padding-top:1px; padding-right:1px; padding-left:1px; vertical-align:bottom; white-space:nowrap\" width=\"236\"><span style=\"font-size:11pt\"><span style=\"color:black\"><span style=\"font-weight:400\"><span style=\"font-style:normal\"><span style=\"text-decoration:none\"><span style=\"font-family:Calibri,sans-serif\">Renkli mutfak &ccedil;akma\u011f\u0131 bir adet italyano ka-111 \u0131talyano mutfak &ccedil;akma\u011f\u0131<br \/>\n\t\t\tocak ve kamp &ccedil;akma\u011f\u0131 vb. Kullan\u0131mlar i&ccedil;in uygundur.<br \/>\n\t\t\t&Ccedil;al\u0131\u015fma prensibi: Yan d&uuml;\u011fmeye bast\u0131\u011f\u0131n\u0131zda yanmaya ba\u015flar.<br \/>\n\t\t\tKaliteli bir modeldir. Arka k\u0131sm\u0131nda gaz ayar\u0131 d&uuml;\u011fmesi vard\u0131r.<br \/>\n\t\t\tGaz ile dolumu mevcuttur.Uc kismi gerektiginde uzatilabilir.<\/span><\/span><\/span><\/span><\/span><\/span><\/td>\n<\/tr>\n<\/tbody>\n<\/table>\n","protected":false},"excerpt":{"rendered":"<p>Uzayabilir &#038; Doldurulabilir Renkli Mutfak \u00c7akma\u011f\u0131 (1 ADET)<\/p>\n","protected":false},"featured_media":84316,"comment_status":"open","ping_status":"closed","template":"","meta":{"_kad_post_transparent":"","_kad_post_title":"","_kad_post_layout":"","_kad_post_sidebar_id":"","_kad_post_content_style":"","_kad_post_vertical_padding":"","_kad_post_feature":"","_kad_post_feature_position":"","_kad_post_header":false,"_kad_post_footer":false,"_kad_post_classname":""},"product_brand":[],"product_cat":[557,558,560],"product_tag":[],"class_list":{"0":"post-84317","1":"product","2":"type-product","3":"status-publish","4":"has-post-thumbnail","6":"product_cat-ev-yasam","7":"product_cat-sofra-mutfak-2","8":"product_cat-yemek-hazirlik","10":"first","11":"instock","12":"shipping-taxable","13":"purchasable","14":"product-type-simple","15":"entry","16":"content-bg","17":"loop-entry"},"_links":{"self":[{"href":"https:\/\/www.hediyepazar.com\/index.php?rest_route=\/wp\/v2\/product\/84317","targetHints":{"allow":["GET"]}}],"collection":[{"href":"https:\/\/www.hediyepazar.com\/index.php?rest_route=\/wp\/v2\/product"}],"about":[{"href":"https:\/\/www.hediyepazar.com\/index.php?rest_route=\/wp\/v2\/types\/product"}],"replies":[{"embeddable":true,"href":"https:\/\/www.hediyepazar.com\/index.php?rest_route=%2Fwp%2Fv2%2Fcomments&post=84317"}],"wp:featuredmedia":[{"embeddable":true,"href":"https:\/\/www.hediyepazar.com\/index.php?rest_route=\/wp\/v2\/media\/84316"}],"wp:attachment":[{"href":"https:\/\/www.hediyepazar.com\/index.php?rest_route=%2Fwp%2Fv2%2Fmedia&parent=84317"}],"wp:term":[{"taxonomy":"product_brand","embeddable":true,"href":"https:\/\/www.hediyepazar.com\/index.php?rest_route=%2Fwp%2Fv2%2Fproduct_brand&post=84317"},{"taxonomy":"product_cat","embeddable":true,"href":"https:\/\/www.hediyepazar.com\/index.php?rest_route=%2Fwp%2Fv2%2Fproduct_cat&post=84317"},{"taxonomy":"product_tag","embeddable":true,"href":"https:\/\/www.hediyepazar.com\/index.php?rest_route=%2Fwp%2Fv2%2Fproduct_tag&post=84317"}],"curies":[{"name":"wp","href":"https:\/\/api.w.org\/{rel}","templated":true}]}}