{"id":84357,"date":"2026-04-30T08:02:53","date_gmt":"2026-04-30T11:02:53","guid":{"rendered":"https:\/\/www.hediyepazar.com\/?product=kadin-ten-silikon-gogus-ucu-kapatici-yuvarlak-meme-ucu-gizleyici"},"modified":"2026-04-30T08:02:53","modified_gmt":"2026-04-30T11:02:53","slug":"kadin-ten-silikon-gogus-ucu-kapatici-yuvarlak-meme-ucu-gizleyici","status":"publish","type":"product","link":"https:\/\/www.hediyepazar.com\/?product=kadin-ten-silikon-gogus-ucu-kapatici-yuvarlak-meme-ucu-gizleyici","title":{"rendered":"Kad\u0131n Ten Silikon G\u00f6\u011f\u00fcs Ucu Kapat\u0131c\u0131 Yuvarlak Meme Ucu Gizleyici"},"content":{"rendered":"<p>Kad\u0131n Ten Silikon G&ouml;\u011f&uuml;s Ucu Kapat\u0131c\u0131 Yuvarlak Meme Ucu Gizleyici<br \/>\nDekolte k\u0131yafetler alt\u0131nda g&ouml;\u011f&uuml;s formunun dolgun ve d&uuml;zg&uuml;n g&ouml;r&uuml;n&uuml;m&uuml; i&ccedil;in tasarlanan&nbsp;<br \/>\nsilikon g&ouml;\u011f&uuml;s ucu kapat\u0131c\u0131 kendinden yap\u0131\u015fkanl\u0131 &ouml;zelli\u011fi ile dekolte k\u0131yafetleri kusursuz hale getiriyor.<br \/>\nTemizleme ve uygun \u015fartlara g&ouml;re 25 kullan\u0131m i&ccedil;in uygundur.<br \/>\nY&uuml;ksek kalite silikon ten hissiyat\u0131<\/p>\n<p>Kullan\u0131m\u0131:<br \/>\nSilikon meme ucu kapat\u0131c\u0131n\u0131n g&ouml;\u011fs&uuml;n&uuml;ze yap\u0131\u015fmas\u0131 ve daha uzun &ouml;m&uuml;rl&uuml; olmas\u0131 i&ccedil;in&nbsp;<br \/>\ncildinizin temiz olmas\u0131 gerekir. Cilt losyonu ve body krem silikon g&ouml;\u011f&uuml;s ucu kapat\u0131c\u0131n\u0131n g&ouml;\u011fs&uuml;n&uuml;ze tutunmas\u0131na engel olur.<br \/>\nuzun s&uuml;re kullan\u0131lmas\u0131 cildinizin hava almas\u0131n\u0131 engeller.&nbsp;<br \/>\nkullan\u0131m s\u0131ras\u0131nda i&ccedil; k\u0131sm\u0131nda hava kalmamas\u0131na &ouml;zen g&ouml;sterin<br \/>\nkullan\u0131m sonras\u0131nda \u0131l\u0131k suda sabun ile elde y\u0131kay\u0131n<br \/>\n1 &ccedil;ift ten rengi meme ucu kapat\u0131c\u0131&nbsp;<\/p>\n","protected":false},"excerpt":{"rendered":"<p>Kad\u0131n Ten Silikon G\u00f6\u011f\u00fcs Ucu Kapat\u0131c\u0131 Yuvarlak Meme Ucu Gizleyici<\/p>\n","protected":false},"featured_media":84356,"comment_status":"open","ping_status":"closed","template":"","meta":{"_kad_post_transparent":"","_kad_post_title":"","_kad_post_layout":"","_kad_post_sidebar_id":"","_kad_post_content_style":"","_kad_post_vertical_padding":"","_kad_post_feature":"","_kad_post_feature_position":"","_kad_post_header":false,"_kad_post_footer":false,"_kad_post_classname":""},"product_brand":[],"product_cat":[538,731,537],"product_tag":[],"class_list":{"0":"post-84357","1":"product","2":"type-product","3":"status-publish","4":"has-post-thumbnail","6":"product_cat-ic-giyim","7":"product_cat-ic-giyim-aksesuar","8":"product_cat-kadin","10":"first","11":"instock","12":"shipping-taxable","13":"purchasable","14":"product-type-simple","15":"entry","16":"content-bg","17":"loop-entry"},"_links":{"self":[{"href":"https:\/\/www.hediyepazar.com\/index.php?rest_route=\/wp\/v2\/product\/84357","targetHints":{"allow":["GET"]}}],"collection":[{"href":"https:\/\/www.hediyepazar.com\/index.php?rest_route=\/wp\/v2\/product"}],"about":[{"href":"https:\/\/www.hediyepazar.com\/index.php?rest_route=\/wp\/v2\/types\/product"}],"replies":[{"embeddable":true,"href":"https:\/\/www.hediyepazar.com\/index.php?rest_route=%2Fwp%2Fv2%2Fcomments&post=84357"}],"wp:featuredmedia":[{"embeddable":true,"href":"https:\/\/www.hediyepazar.com\/index.php?rest_route=\/wp\/v2\/media\/84356"}],"wp:attachment":[{"href":"https:\/\/www.hediyepazar.com\/index.php?rest_route=%2Fwp%2Fv2%2Fmedia&parent=84357"}],"wp:term":[{"taxonomy":"product_brand","embeddable":true,"href":"https:\/\/www.hediyepazar.com\/index.php?rest_route=%2Fwp%2Fv2%2Fproduct_brand&post=84357"},{"taxonomy":"product_cat","embeddable":true,"href":"https:\/\/www.hediyepazar.com\/index.php?rest_route=%2Fwp%2Fv2%2Fproduct_cat&post=84357"},{"taxonomy":"product_tag","embeddable":true,"href":"https:\/\/www.hediyepazar.com\/index.php?rest_route=%2Fwp%2Fv2%2Fproduct_tag&post=84357"}],"curies":[{"name":"wp","href":"https:\/\/api.w.org\/{rel}","templated":true}]}}