{"id":84467,"date":"2026-04-30T08:09:26","date_gmt":"2026-04-30T11:09:26","guid":{"rendered":"https:\/\/www.hediyepazar.com\/?product=3lu-bambu-hazeran-dikdortgen-tepsi-325x22-3950x28-46x33-cm"},"modified":"2026-04-30T08:09:26","modified_gmt":"2026-04-30T11:09:26","slug":"3lu-bambu-hazeran-dikdortgen-tepsi-325x22-3950x28-46x33-cm","status":"publish","type":"product","link":"https:\/\/www.hediyepazar.com\/?product=3lu-bambu-hazeran-dikdortgen-tepsi-325x22-3950x28-46x33-cm","title":{"rendered":"3&#8217;l\u00fc Bambu Hazeran Dikd\u00f6rtgen Tepsi 32,5&#215;22 &#8211; 39,50&#215;28 &#8211; 46&#215;33 cm"},"content":{"rendered":"<table style=\"border-collapse:collapse; width:198pt; border:none\" width=\"264\">\n<colgroup>\n<col style=\"width:198pt\" width=\"264\" \/>\n\t<\/colgroup>\n<tbody>\n<tr height=\"20\" style=\"height:15.0pt\">\n<td class=\"xl67\" height=\"20\" style=\"border:none; height:15.0pt; width:198pt; text-align:left; padding-top:1px; padding-right:1px; padding-left:1px; vertical-align:bottom; white-space:nowrap\" width=\"264\"><span style=\"font-size:11pt\"><span style=\"font-weight:400\"><span style=\"font-style:normal\"><span style=\"text-decoration:none\"><span style=\"font-family:Calibri,sans-serif\">Fonksiyonelli\u011fi ve &ouml;zg&uuml;n tasar\u0131m\u0131yla &ouml;ne &ccedil;\u0131kan &ccedil;ok ama&ccedil;l\u0131 bir &uuml;r&uuml;nd&uuml;r.<br \/>\n\t\t\tBu &ouml;zel tepsi, &ouml;zellikle kahve sunumunda kullan\u0131lmak &uuml;zere tasarlanm\u0131\u015ft\u0131r,<br \/>\n\t\t\tancak ayn\u0131 zamanda farkl\u0131 ama&ccedil;lar i&ccedil;in de kullan\u0131labilir.<br \/>\n\t\t\tBohem tarz\u0131yla dikkat &ccedil;eken bu tepsi, hem estetik hem de kullan\u0131m a&ccedil;\u0131s\u0131ndan bir&ccedil;ok avantaj sunar.<\/p>\n<p>\t\t\tBu tepsi, kahve fincanlar\u0131, demlik, \u015fekerlik gibi kahve sunumu i&ccedil;in gereken malzemeleri ta\u015f\u0131mak i&ccedil;in idealdir.<br \/>\n\t\t\tAncak ayn\u0131 zamanda kahvalt\u0131, at\u0131\u015ft\u0131rmal\u0131k servisi veya dekoratif ama&ccedil;larla da kullan\u0131labilir.<\/p>\n<p>\t\t\tSet i&ccedil;eri\u011fi : 3&#39;l&uuml; Bambu Hazeran Dikd&ouml;rtgen Tepsi<br \/>\n\t\t\t&Uuml;r&uuml;n &Ouml;l&ccedil;&uuml;s&uuml;:<br \/>\n\t\t\tK&uuml;&ccedil;&uuml;k Boy: 32.5 x 22cm<br \/>\n\t\t\tOrta Boy: 39.5 x 28CM<br \/>\n\t\t\tB&uuml;y&uuml;k Boy:46.x 33 cm<\/p>\n<p>\t\t\t&Ccedil;ok Ama&ccedil;l\u0131 Kullan\u0131m: Bu tepsi, kahve fincanlar\u0131, demlik, \u015fekerlik gibi kahve sunumu i&ccedil;in gereken malzemeleri ta\u015f\u0131mak i&ccedil;in idealdir.<br \/>\n\t\t\tAncak ayn\u0131 zamanda kahvalt\u0131, at\u0131\u015ft\u0131rmal\u0131k servisi veya dekoratif ama&ccedil;larla da kullan\u0131labilir.<\/p>\n<p>\t\t\t&Ouml;zg&uuml;n Tasar\u0131m: Tepsi, bambu malzemenin do\u011fal g&uuml;zelli\u011fi ve bohem tarz\u0131 tasar\u0131m\u0131n m&uuml;kemmel bir kombinasyonunu sunar.<br \/>\n\t\t\tBambu, s\u0131cak ve samimi bir his yarat\u0131rken, bohem tarz\u0131 da &ouml;zg&uuml;nl&uuml;\u011f&uuml; ve farkl\u0131l\u0131\u011f\u0131 yans\u0131t\u0131r.<\/p>\n<p>\t\t\tDo\u011fal ve S&uuml;rd&uuml;r&uuml;lebilir Malzeme: Bambu, &ccedil;evre dostu bir malzeme olarak bilinir.<br \/>\n\t\t\tH\u0131zla b&uuml;y&uuml;yen bir bitki t&uuml;r&uuml; oldu\u011fu i&ccedil;in s&uuml;rd&uuml;r&uuml;lebilir bir kaynak olarak kabul edilir.<br \/>\n\t\t\tBu da tepsiyi hem do\u011fal hem de &ccedil;evre dostu bir se&ccedil;enek haline getirir.<\/p>\n<p>\t\t\tEstetik Detaylar: Tepsi &uuml;zerindeki bohem tarz\u0131 desenler, oyma i\u015flemeler veya renkli detaylar gibi estetik &ouml;\u011feler,<br \/>\n\t\t\t&uuml;r&uuml;ne g&ouml;rsel olarak &ccedil;ekici bir g&ouml;r&uuml;n&uuml;m kazand\u0131r\u0131r.<\/p>\n<p>\t\t\tTa\u015f\u0131ma Kolayl\u0131\u011f\u0131: Tepsi, kulplar\u0131 veya yan taraftaki oyuklar\u0131 sayesinde kolayca ta\u015f\u0131nabilir.<br \/>\n\t\t\tBu da kullan\u0131m\u0131 daha pratik hale getirir.<\/p>\n<p>\t\t\tEv Dekorasyonunda Kullan\u0131m: Tepsiyi sadece bir servis arac\u0131 olarak de\u011fil, ayn\u0131 zamanda ev dekorasyonunda<br \/>\n\t\t\tda kullanabilirsiniz. &Ouml;rne\u011fin, mumlar, bitkiler veya dekoratif objelerle tepsiyi dikkat &ccedil;ekici bir dekor par&ccedil;as\u0131na d&ouml;n&uuml;\u015ft&uuml;rebilirsiniz.<\/p>\n<p>\t\t\t\u0130&ccedil; k\u0131sm\u0131 pleksidir.<\/span><\/span><\/span><\/span><\/span><\/td>\n<\/tr>\n<\/tbody>\n<\/table>\n","protected":false},"excerpt":{"rendered":"<p>3&#8217;l\u00fc Bambu Hazeran Dikd\u00f6rtgen Tepsi  32,5&#215;22 &#8211; 39,50&#215;28 &#8211; 46&#215;33 cm<\/p>\n","protected":false},"featured_media":84466,"comment_status":"open","ping_status":"closed","template":"","meta":{"_kad_post_transparent":"","_kad_post_title":"","_kad_post_layout":"","_kad_post_sidebar_id":"","_kad_post_content_style":"","_kad_post_vertical_padding":"","_kad_post_feature":"","_kad_post_feature_position":"","_kad_post_header":false,"_kad_post_footer":false,"_kad_post_classname":""},"product_brand":[],"product_cat":[557,559,558],"product_tag":[],"class_list":{"0":"post-84467","1":"product","2":"type-product","3":"status-publish","4":"has-post-thumbnail","6":"product_cat-ev-yasam","7":"product_cat-sofra","8":"product_cat-sofra-mutfak-2","10":"first","11":"instock","12":"shipping-taxable","13":"purchasable","14":"product-type-simple","15":"entry","16":"content-bg","17":"loop-entry"},"_links":{"self":[{"href":"https:\/\/www.hediyepazar.com\/index.php?rest_route=\/wp\/v2\/product\/84467","targetHints":{"allow":["GET"]}}],"collection":[{"href":"https:\/\/www.hediyepazar.com\/index.php?rest_route=\/wp\/v2\/product"}],"about":[{"href":"https:\/\/www.hediyepazar.com\/index.php?rest_route=\/wp\/v2\/types\/product"}],"replies":[{"embeddable":true,"href":"https:\/\/www.hediyepazar.com\/index.php?rest_route=%2Fwp%2Fv2%2Fcomments&post=84467"}],"wp:featuredmedia":[{"embeddable":true,"href":"https:\/\/www.hediyepazar.com\/index.php?rest_route=\/wp\/v2\/media\/84466"}],"wp:attachment":[{"href":"https:\/\/www.hediyepazar.com\/index.php?rest_route=%2Fwp%2Fv2%2Fmedia&parent=84467"}],"wp:term":[{"taxonomy":"product_brand","embeddable":true,"href":"https:\/\/www.hediyepazar.com\/index.php?rest_route=%2Fwp%2Fv2%2Fproduct_brand&post=84467"},{"taxonomy":"product_cat","embeddable":true,"href":"https:\/\/www.hediyepazar.com\/index.php?rest_route=%2Fwp%2Fv2%2Fproduct_cat&post=84467"},{"taxonomy":"product_tag","embeddable":true,"href":"https:\/\/www.hediyepazar.com\/index.php?rest_route=%2Fwp%2Fv2%2Fproduct_tag&post=84467"}],"curies":[{"name":"wp","href":"https:\/\/api.w.org\/{rel}","templated":true}]}}