{"id":84593,"date":"2026-04-30T08:17:13","date_gmt":"2026-04-30T11:17:13","guid":{"rendered":"https:\/\/www.hediyepazar.com\/?product=platinium-serisi-kasap-ve-ev-mutfak-bicagi-celik-kasap-no4"},"modified":"2026-04-30T08:17:13","modified_gmt":"2026-04-30T11:17:13","slug":"platinium-serisi-kasap-ve-ev-mutfak-bicagi-celik-kasap-no4","status":"publish","type":"product","link":"https:\/\/www.hediyepazar.com\/?product=platinium-serisi-kasap-ve-ev-mutfak-bicagi-celik-kasap-no4","title":{"rendered":"Platinium Serisi Kasap ve Ev Mutfak B\u0131\u00e7a\u011f\u0131 \u00c7elik Kasap No:4"},"content":{"rendered":"<p><span style=\"font-size:14px;\">Platinium Serisi Kasap ve Ev Mutfak B\u0131&ccedil;a\u011f\u0131 &Ccedil;elik Kasap No:4<\/span><\/p>\n<p><span style=\"font-size:14px;\"><strong>Platinium Series Kasap No: 4<\/strong><\/span><\/p>\n<p><span style=\"font-size:14px;\">BI&Ccedil;AK A\u011eIZ BOYU: 21 cm SAP BOY:13 cm<br \/>\n&Ccedil;EL\u0130K KALINLI\u011eI: 3 mm<br \/>\n&Ccedil;EL\u0130K KAL\u0130TES\u0130: &nbsp;DX T5 MOS &Ccedil;ubuk Paslanmaz<br \/>\nPLAST\u0130K SAP : F\u0130BROX + TERMO PLAST\u0130K<\/span><\/p>\n<p><span style=\"font-size:14px;\">-Platinium B\u0131&ccedil;aklar\u0131m\u0131z T5 Frans\u0131z\/Alman &Ccedil;ubuk &Ccedil;eli\u011finden &uuml;retildi. Kau&ccedil;uk ve Termo plastik ala\u015f\u0131ml\u0131 sap\u0131 sayesinde<br \/>\nergonomik kaymayan rahat kullan\u0131m sa\u011flar.<\/span><\/p>\n","protected":false},"excerpt":{"rendered":"<p>Platinium Serisi Kasap ve Ev Mutfak B\u0131\u00e7a\u011f\u0131 \u00c7elik Kasap No:4<\/p>\n","protected":false},"featured_media":84588,"comment_status":"open","ping_status":"closed","template":"","meta":{"_kad_post_transparent":"","_kad_post_title":"","_kad_post_layout":"","_kad_post_sidebar_id":"","_kad_post_content_style":"","_kad_post_vertical_padding":"","_kad_post_feature":"","_kad_post_feature_position":"","_kad_post_header":false,"_kad_post_footer":false,"_kad_post_classname":""},"product_brand":[],"product_cat":[557,559,558],"product_tag":[],"class_list":{"0":"post-84593","1":"product","2":"type-product","3":"status-publish","4":"has-post-thumbnail","6":"product_cat-ev-yasam","7":"product_cat-sofra","8":"product_cat-sofra-mutfak-2","10":"first","11":"instock","12":"shipping-taxable","13":"purchasable","14":"product-type-simple","15":"entry","16":"content-bg","17":"loop-entry"},"_links":{"self":[{"href":"https:\/\/www.hediyepazar.com\/index.php?rest_route=\/wp\/v2\/product\/84593","targetHints":{"allow":["GET"]}}],"collection":[{"href":"https:\/\/www.hediyepazar.com\/index.php?rest_route=\/wp\/v2\/product"}],"about":[{"href":"https:\/\/www.hediyepazar.com\/index.php?rest_route=\/wp\/v2\/types\/product"}],"replies":[{"embeddable":true,"href":"https:\/\/www.hediyepazar.com\/index.php?rest_route=%2Fwp%2Fv2%2Fcomments&post=84593"}],"wp:featuredmedia":[{"embeddable":true,"href":"https:\/\/www.hediyepazar.com\/index.php?rest_route=\/wp\/v2\/media\/84588"}],"wp:attachment":[{"href":"https:\/\/www.hediyepazar.com\/index.php?rest_route=%2Fwp%2Fv2%2Fmedia&parent=84593"}],"wp:term":[{"taxonomy":"product_brand","embeddable":true,"href":"https:\/\/www.hediyepazar.com\/index.php?rest_route=%2Fwp%2Fv2%2Fproduct_brand&post=84593"},{"taxonomy":"product_cat","embeddable":true,"href":"https:\/\/www.hediyepazar.com\/index.php?rest_route=%2Fwp%2Fv2%2Fproduct_cat&post=84593"},{"taxonomy":"product_tag","embeddable":true,"href":"https:\/\/www.hediyepazar.com\/index.php?rest_route=%2Fwp%2Fv2%2Fproduct_tag&post=84593"}],"curies":[{"name":"wp","href":"https:\/\/api.w.org\/{rel}","templated":true}]}}