{"id":84609,"date":"2026-04-30T08:17:51","date_gmt":"2026-04-30T11:17:51","guid":{"rendered":"https:\/\/www.hediyepazar.com\/?product=0-silikon-firin-eldiveni-yanmaz-yapismaz-isi-gecirmez"},"modified":"2026-04-30T08:17:51","modified_gmt":"2026-04-30T11:17:51","slug":"0-silikon-firin-eldiveni-yanmaz-yapismaz-isi-gecirmez","status":"publish","type":"product","link":"https:\/\/www.hediyepazar.com\/?product=0-silikon-firin-eldiveni-yanmaz-yapismaz-isi-gecirmez","title":{"rendered":"0 Silikon F\u0131r\u0131n Eldiveni Yanmaz &#8211; Yap\u0131\u015fmaz &#8211; Is\u0131 Ge\u00e7irmez"},"content":{"rendered":"<table style=\"border-collapse:collapse; width:198pt; border:none\" width=\"264\">\n<colgroup>\n<col style=\"width:198pt\" width=\"264\" \/>\n\t<\/colgroup>\n<tbody>\n<tr height=\"20\" style=\"height:15.0pt\">\n<td class=\"xl67\" height=\"20\" style=\"border:none; height:15.0pt; width:198pt; text-align:left; padding-top:1px; padding-right:1px; padding-left:1px; vertical-align:bottom; white-space:nowrap\" width=\"264\"><span style=\"font-size:11pt\"><span style=\"font-weight:400\"><span style=\"font-style:normal\"><span style=\"text-decoration:none\"><span style=\"font-family:Calibri,sans-serif\">%100 Silikon F\u0131r\u0131n Eldiveni Yanmaz &#8211; Yap\u0131\u015fmaz &#8211; Is\u0131 Ge&ccedil;irmez Pembe<br \/>\n\t\t\tMen\u015fei T&uuml;rkiye&#39;dir.<br \/>\n\t\t\t&Uuml;r&uuml;nlerimiz %100 Silikon malzemeden &uuml;retilmi\u015ftir ve insan sa\u011fl\u0131\u011f\u0131na zararl\u0131 madde i&ccedil;ermez.<br \/>\n\t\t\t280 derece \u0131s\u0131ya dayan\u0131kl\u0131d\u0131r.<br \/>\n\t\t\tKolayca y\u0131kanabilir.<br \/>\n\t\t\tBula\u015f\u0131k makinas\u0131na at\u0131labilir.<br \/>\n\t\t\tElde y\u0131kamaya uygundur.<br \/>\n\t\t\tYap\u0131\u015fma yapmaz.<br \/>\n\t\t\tSa\u011fl\u0131\u011f\u0131n\u0131z i&ccedil;in Silikon &uuml;r&uuml;nlerinde katk\u0131 malzemesi bulunan &uuml;r&uuml;nleri tercih etmemenizi tavsiye ederiz<\/span><\/span><\/span><\/span><\/span><\/td>\n<\/tr>\n<\/tbody>\n<\/table>\n","protected":false},"excerpt":{"rendered":"<p>%100 Silikon F\u0131r\u0131n Eldiveni Yanmaz &#8211; Yap\u0131\u015fmaz &#8211; Is\u0131 Ge\u00e7irmez<\/p>\n","protected":false},"featured_media":84608,"comment_status":"open","ping_status":"closed","template":"","meta":{"_kad_post_transparent":"","_kad_post_title":"","_kad_post_layout":"","_kad_post_sidebar_id":"","_kad_post_content_style":"","_kad_post_vertical_padding":"","_kad_post_feature":"","_kad_post_feature_position":"","_kad_post_header":false,"_kad_post_footer":false,"_kad_post_classname":""},"product_brand":[],"product_cat":[571,570,605],"product_tag":[],"class_list":{"0":"post-84609","1":"product","2":"type-product","3":"status-publish","4":"has-post-thumbnail","6":"product_cat-ev-temizlik","7":"product_cat-supermarket","8":"product_cat-temizlik-gerecleri","10":"first","11":"instock","12":"shipping-taxable","13":"purchasable","14":"product-type-simple","15":"entry","16":"content-bg","17":"loop-entry"},"_links":{"self":[{"href":"https:\/\/www.hediyepazar.com\/index.php?rest_route=\/wp\/v2\/product\/84609","targetHints":{"allow":["GET"]}}],"collection":[{"href":"https:\/\/www.hediyepazar.com\/index.php?rest_route=\/wp\/v2\/product"}],"about":[{"href":"https:\/\/www.hediyepazar.com\/index.php?rest_route=\/wp\/v2\/types\/product"}],"replies":[{"embeddable":true,"href":"https:\/\/www.hediyepazar.com\/index.php?rest_route=%2Fwp%2Fv2%2Fcomments&post=84609"}],"wp:featuredmedia":[{"embeddable":true,"href":"https:\/\/www.hediyepazar.com\/index.php?rest_route=\/wp\/v2\/media\/84608"}],"wp:attachment":[{"href":"https:\/\/www.hediyepazar.com\/index.php?rest_route=%2Fwp%2Fv2%2Fmedia&parent=84609"}],"wp:term":[{"taxonomy":"product_brand","embeddable":true,"href":"https:\/\/www.hediyepazar.com\/index.php?rest_route=%2Fwp%2Fv2%2Fproduct_brand&post=84609"},{"taxonomy":"product_cat","embeddable":true,"href":"https:\/\/www.hediyepazar.com\/index.php?rest_route=%2Fwp%2Fv2%2Fproduct_cat&post=84609"},{"taxonomy":"product_tag","embeddable":true,"href":"https:\/\/www.hediyepazar.com\/index.php?rest_route=%2Fwp%2Fv2%2Fproduct_tag&post=84609"}],"curies":[{"name":"wp","href":"https:\/\/api.w.org\/{rel}","templated":true}]}}