{"id":84613,"date":"2026-04-30T08:18:03","date_gmt":"2026-04-30T11:18:03","guid":{"rendered":"https:\/\/www.hediyepazar.com\/?product=yapay-sarmasik-balkon-citi-bahce-citi-dekoratif-akordeon-sarmasik-300x120"},"modified":"2026-04-30T08:18:03","modified_gmt":"2026-04-30T11:18:03","slug":"yapay-sarmasik-balkon-citi-bahce-citi-dekoratif-akordeon-sarmasik-300x120","status":"publish","type":"product","link":"https:\/\/www.hediyepazar.com\/?product=yapay-sarmasik-balkon-citi-bahce-citi-dekoratif-akordeon-sarmasik-300x120","title":{"rendered":"Yapay Sarma\u015f\u0131k Balkon \u00c7iti Bah\u00e7e \u00c7iti Dekoratif Akordeon Sarma\u015f\u0131k 300&#215;120"},"content":{"rendered":"<table style=\"border-collapse:collapse; width:198pt; border:none\" width=\"264\">\n<colgroup>\n<col style=\"width:198pt\" width=\"264\" \/>\n\t<\/colgroup>\n<tbody>\n<tr height=\"20\" style=\"height:15.0pt\">\n<td class=\"xl67\" height=\"20\" style=\"border:none; height:15.0pt; width:198pt; text-align:left; padding-top:1px; padding-right:1px; padding-left:1px; vertical-align:bottom; white-space:nowrap\" width=\"264\"><span style=\"font-size:11pt\"><span style=\"font-weight:400\"><span style=\"font-style:normal\"><span style=\"text-decoration:none\"><span style=\"font-family:Calibri,sans-serif\">&Uuml;r&uuml;n Boyutlar\u0131:<br \/>\n\t\t\tMaks. Uzunluk: 3,00 m<br \/>\n\t\t\tMaks. Y&uuml;kseklik: 120 cm<br \/>\n\t\t\tMin. Y&uuml;kseklik: 65 cm<br \/>\n\t\t\t&Uuml;r&uuml;n &Ouml;zellikleri:<br \/>\n\t\t\t-Bah&ccedil;enizde a\u011fa&ccedil; kenarlar\u0131n\u0131 ve &ccedil;i&ccedil;eklerin etraf\u0131n\u0131 &ccedil;evrelemek,<br \/>\n\t\t\t&Ccedil;ardak &ccedil;at\u0131 ve kenar kapatmalar\u0131nda, tel &ccedil;it kaplamalar\u0131nda, duvar kaplamalar\u0131nda<br \/>\n\t\t\tdekoratif ama&ccedil;l\u0131 kullan\u0131l\u0131r.<br \/>\n\t\t\t-&Ccedil;ok ama&ccedil;l\u0131 kullan\u0131m sa\u011flar.<br \/>\n\t\t\t-&Uuml;r&uuml;n boyutlar\u0131, belirtilen &ouml;l&ccedil;&uuml;ler do\u011frultusunda istenildi\u011fi gibi ayarlanabilir.<br \/>\n\t\t\t-Dekoratif ve sa\u011flamd\u0131r.<br \/>\n\t\t\tHer 1 metre a&ccedil;\u0131l\u0131mda, 25cm y&uuml;kseklik azalmas\u0131 olur<\/span><\/span><\/span><\/span><\/span><\/td>\n<\/tr>\n<\/tbody>\n<\/table>\n","protected":false},"excerpt":{"rendered":"<p>Yapay Sarma\u015f\u0131k Balkon \u00c7iti Bah\u00e7e \u00c7iti Dekoratif Akordeon Sarma\u015f\u0131k 300&#215;120<\/p>\n","protected":false},"featured_media":84612,"comment_status":"open","ping_status":"closed","template":"","meta":{"_kad_post_transparent":"","_kad_post_title":"","_kad_post_layout":"","_kad_post_sidebar_id":"","_kad_post_content_style":"","_kad_post_vertical_padding":"","_kad_post_feature":"","_kad_post_feature_position":"","_kad_post_header":false,"_kad_post_footer":false,"_kad_post_classname":""},"product_brand":[],"product_cat":[557,621,630],"product_tag":[],"class_list":{"0":"post-84613","1":"product","2":"type-product","3":"status-publish","4":"has-post-thumbnail","6":"product_cat-ev-yasam","7":"product_cat-ev-dekorasyon","8":"product_cat-yapay-cicek","10":"first","11":"instock","12":"shipping-taxable","13":"purchasable","14":"product-type-simple","15":"entry","16":"content-bg","17":"loop-entry"},"_links":{"self":[{"href":"https:\/\/www.hediyepazar.com\/index.php?rest_route=\/wp\/v2\/product\/84613","targetHints":{"allow":["GET"]}}],"collection":[{"href":"https:\/\/www.hediyepazar.com\/index.php?rest_route=\/wp\/v2\/product"}],"about":[{"href":"https:\/\/www.hediyepazar.com\/index.php?rest_route=\/wp\/v2\/types\/product"}],"replies":[{"embeddable":true,"href":"https:\/\/www.hediyepazar.com\/index.php?rest_route=%2Fwp%2Fv2%2Fcomments&post=84613"}],"wp:featuredmedia":[{"embeddable":true,"href":"https:\/\/www.hediyepazar.com\/index.php?rest_route=\/wp\/v2\/media\/84612"}],"wp:attachment":[{"href":"https:\/\/www.hediyepazar.com\/index.php?rest_route=%2Fwp%2Fv2%2Fmedia&parent=84613"}],"wp:term":[{"taxonomy":"product_brand","embeddable":true,"href":"https:\/\/www.hediyepazar.com\/index.php?rest_route=%2Fwp%2Fv2%2Fproduct_brand&post=84613"},{"taxonomy":"product_cat","embeddable":true,"href":"https:\/\/www.hediyepazar.com\/index.php?rest_route=%2Fwp%2Fv2%2Fproduct_cat&post=84613"},{"taxonomy":"product_tag","embeddable":true,"href":"https:\/\/www.hediyepazar.com\/index.php?rest_route=%2Fwp%2Fv2%2Fproduct_tag&post=84613"}],"curies":[{"name":"wp","href":"https:\/\/api.w.org\/{rel}","templated":true}]}}