{"id":84687,"date":"2026-04-30T08:22:55","date_gmt":"2026-04-30T11:22:55","guid":{"rendered":"https:\/\/www.hediyepazar.com\/?product=zerdacal-cekilmis-deluxe-seri-organik-lezzetli-250-gr"},"modified":"2026-04-30T08:22:55","modified_gmt":"2026-04-30T11:22:55","slug":"zerdacal-cekilmis-deluxe-seri-organik-lezzetli-250-gr","status":"publish","type":"product","link":"https:\/\/www.hediyepazar.com\/?product=zerdacal-cekilmis-deluxe-seri-organik-lezzetli-250-gr","title":{"rendered":"Zerda\u00e7al \u00c7ekilmi\u015f Deluxe Seri Organik Lezzetli 250 Gr"},"content":{"rendered":"<p>Zerda&ccedil;al &Ccedil;ekilmi\u015f Deluxe Seri Organik Lezzetli 250 Gr<br \/>\n&#8211; Lezzet garantili<br \/>\n&#8211; % 100 Organik &amp; Taze<br \/>\n&#8211; Katk\u0131s\u0131z Do\u011fal Lezzet<br \/>\n&#8211; Kilitli \u015eeffaf Po\u015fette G&ouml;nderim<br \/>\n&#8211; Kilitli Po\u015fetinde Saklama \u0130mkan\u0131<br \/>\n&#8211; 2 Y\u0131l Raf &Ouml;mr&uuml;<br \/>\n&#8211; 1. S\u0131n\u0131f &Uuml;r&uuml;n<\/p>\n","protected":false},"excerpt":{"rendered":"<p>Zerda\u00e7al \u00c7ekilmi\u015f Deluxe Seri Organik Lezzetli 250 Gr<\/p>\n","protected":false},"featured_media":84686,"comment_status":"open","ping_status":"closed","template":"","meta":{"_kad_post_transparent":"","_kad_post_title":"","_kad_post_layout":"","_kad_post_sidebar_id":"","_kad_post_content_style":"","_kad_post_vertical_padding":"","_kad_post_feature":"","_kad_post_feature_position":"","_kad_post_header":false,"_kad_post_footer":false,"_kad_post_classname":""},"product_brand":[],"product_cat":[633,625],"product_tag":[],"class_list":{"0":"post-84687","1":"product","2":"type-product","3":"status-publish","4":"has-post-thumbnail","6":"product_cat-baharat","7":"product_cat-bitkisel-organik","9":"first","10":"instock","11":"shipping-taxable","12":"purchasable","13":"product-type-simple","14":"entry","15":"content-bg","16":"loop-entry"},"_links":{"self":[{"href":"https:\/\/www.hediyepazar.com\/index.php?rest_route=\/wp\/v2\/product\/84687","targetHints":{"allow":["GET"]}}],"collection":[{"href":"https:\/\/www.hediyepazar.com\/index.php?rest_route=\/wp\/v2\/product"}],"about":[{"href":"https:\/\/www.hediyepazar.com\/index.php?rest_route=\/wp\/v2\/types\/product"}],"replies":[{"embeddable":true,"href":"https:\/\/www.hediyepazar.com\/index.php?rest_route=%2Fwp%2Fv2%2Fcomments&post=84687"}],"wp:featuredmedia":[{"embeddable":true,"href":"https:\/\/www.hediyepazar.com\/index.php?rest_route=\/wp\/v2\/media\/84686"}],"wp:attachment":[{"href":"https:\/\/www.hediyepazar.com\/index.php?rest_route=%2Fwp%2Fv2%2Fmedia&parent=84687"}],"wp:term":[{"taxonomy":"product_brand","embeddable":true,"href":"https:\/\/www.hediyepazar.com\/index.php?rest_route=%2Fwp%2Fv2%2Fproduct_brand&post=84687"},{"taxonomy":"product_cat","embeddable":true,"href":"https:\/\/www.hediyepazar.com\/index.php?rest_route=%2Fwp%2Fv2%2Fproduct_cat&post=84687"},{"taxonomy":"product_tag","embeddable":true,"href":"https:\/\/www.hediyepazar.com\/index.php?rest_route=%2Fwp%2Fv2%2Fproduct_tag&post=84687"}],"curies":[{"name":"wp","href":"https:\/\/api.w.org\/{rel}","templated":true}]}}