{"id":84731,"date":"2026-04-30T08:25:33","date_gmt":"2026-04-30T11:25:33","guid":{"rendered":"https:\/\/www.hediyepazar.com\/?product=vivaldi-kadin-siyah-yarim-kollu-acik-yaka-badi-351"},"modified":"2026-04-30T08:25:33","modified_gmt":"2026-04-30T11:25:33","slug":"vivaldi-kadin-siyah-yarim-kollu-acik-yaka-badi-351","status":"publish","type":"product","link":"https:\/\/www.hediyepazar.com\/?product=vivaldi-kadin-siyah-yarim-kollu-acik-yaka-badi-351","title":{"rendered":"Vivaldi Kad\u0131n Siyah Yar\u0131m Kollu A\u00e7\u0131k Yaka Badi 351"},"content":{"rendered":"<table style=\"border-collapse:collapse; width:384pt; border:none\" width=\"512\">\n<colgroup>\n<col style=\"width:384pt\" width=\"512\" \/>\n\t<\/colgroup>\n<tbody>\n<tr height=\"20\" style=\"height:15.0pt\">\n<td height=\"20\" style=\"border:none; height:15.0pt; width:384pt; padding-top:1px; padding-right:1px; padding-left:1px; vertical-align:bottom; white-space:nowrap\" width=\"512\"><span style=\"font-size:11pt\"><span style=\"color:black\"><span style=\"font-weight:400\"><span style=\"font-style:normal\"><span style=\"text-decoration:none\"><span style=\"font-family:Calibri,sans-serif\">Vivaldi Kad\u0131n Siyah Yar\u0131m Kollu A&ccedil;\u0131k Yaka Badi 351<br \/>\n\t\t\t% 92 Viskon<br \/>\n\t\t\t%8 Elestan<\/span><\/span><\/span><\/span><\/span><\/span><\/td>\n<\/tr>\n<\/tbody>\n<\/table>\n","protected":false},"excerpt":{"rendered":"<p>Vivaldi Kad\u0131n Siyah Yar\u0131m Kollu A\u00e7\u0131k Yaka Badi 351<\/p>\n","protected":false},"featured_media":84730,"comment_status":"open","ping_status":"closed","template":"","meta":{"_kad_post_transparent":"","_kad_post_title":"","_kad_post_layout":"","_kad_post_sidebar_id":"","_kad_post_content_style":"","_kad_post_vertical_padding":"","_kad_post_feature":"","_kad_post_feature_position":"","_kad_post_header":false,"_kad_post_footer":false,"_kad_post_classname":""},"product_brand":[],"product_cat":[542,457,537],"product_tag":[],"class_list":{"0":"post-84731","1":"product","2":"type-product","3":"status-publish","4":"has-post-thumbnail","6":"product_cat-body","7":"product_cat-giyim","8":"product_cat-kadin","10":"first","11":"instock","12":"shipping-taxable","13":"purchasable","14":"product-type-simple","15":"entry","16":"content-bg","17":"loop-entry"},"_links":{"self":[{"href":"https:\/\/www.hediyepazar.com\/index.php?rest_route=\/wp\/v2\/product\/84731","targetHints":{"allow":["GET"]}}],"collection":[{"href":"https:\/\/www.hediyepazar.com\/index.php?rest_route=\/wp\/v2\/product"}],"about":[{"href":"https:\/\/www.hediyepazar.com\/index.php?rest_route=\/wp\/v2\/types\/product"}],"replies":[{"embeddable":true,"href":"https:\/\/www.hediyepazar.com\/index.php?rest_route=%2Fwp%2Fv2%2Fcomments&post=84731"}],"wp:featuredmedia":[{"embeddable":true,"href":"https:\/\/www.hediyepazar.com\/index.php?rest_route=\/wp\/v2\/media\/84730"}],"wp:attachment":[{"href":"https:\/\/www.hediyepazar.com\/index.php?rest_route=%2Fwp%2Fv2%2Fmedia&parent=84731"}],"wp:term":[{"taxonomy":"product_brand","embeddable":true,"href":"https:\/\/www.hediyepazar.com\/index.php?rest_route=%2Fwp%2Fv2%2Fproduct_brand&post=84731"},{"taxonomy":"product_cat","embeddable":true,"href":"https:\/\/www.hediyepazar.com\/index.php?rest_route=%2Fwp%2Fv2%2Fproduct_cat&post=84731"},{"taxonomy":"product_tag","embeddable":true,"href":"https:\/\/www.hediyepazar.com\/index.php?rest_route=%2Fwp%2Fv2%2Fproduct_tag&post=84731"}],"curies":[{"name":"wp","href":"https:\/\/api.w.org\/{rel}","templated":true}]}}