{"id":84755,"date":"2026-04-30T08:27:00","date_gmt":"2026-04-30T11:27:00","guid":{"rendered":"https:\/\/www.hediyepazar.com\/?product=camsakizi-deluxe-seri-organik-lezzetli-150-gr"},"modified":"2026-04-30T08:27:00","modified_gmt":"2026-04-30T11:27:00","slug":"camsakizi-deluxe-seri-organik-lezzetli-150-gr","status":"publish","type":"product","link":"https:\/\/www.hediyepazar.com\/?product=camsakizi-deluxe-seri-organik-lezzetli-150-gr","title":{"rendered":"\u00c7amsak\u0131z\u0131 Deluxe Seri Organik Lezzetli 150 Gr"},"content":{"rendered":"<table style=\"border-collapse:collapse; width:112pt; border:none\" width=\"149\">\n<colgroup>\n<col style=\"width:112pt\" width=\"149\" \/>\n\t<\/colgroup>\n<tbody>\n<tr height=\"20\" style=\"height:15.0pt\">\n<td height=\"20\" style=\"border:none; height:15.0pt; width:112pt; padding-top:1px; padding-right:1px; padding-left:1px; vertical-align:bottom; white-space:nowrap\" width=\"149\"><span style=\"font-size:11pt\"><span style=\"color:black\"><span style=\"font-weight:400\"><span style=\"font-style:normal\"><span style=\"text-decoration:none\"><span style=\"font-family:Calibri,sans-serif\">&Ccedil;amsak\u0131z\u0131 Deluxe Seri Organik Lezzetli 150 Gr<br \/>\n\t\t\t&#8211; Lezzet garantili<br \/>\n\t\t\t&#8211; % 100 Organik &amp; Taze<br \/>\n\t\t\t&#8211; Katk\u0131s\u0131z Do\u011fal Lezzet<br \/>\n\t\t\t&#8211; Kilitli \u015eeffaf Po\u015fette G&ouml;nderim<br \/>\n\t\t\t&#8211; Kilitli Po\u015fetinde Saklama \u0130mkan\u0131<br \/>\n\t\t\t&#8211; 2 Y\u0131l Raf &Ouml;mr&uuml;<br \/>\n\t\t\t&#8211; 1. S\u0131n\u0131f &Uuml;r&uuml;n<\/span><\/span><\/span><\/span><\/span><\/span><\/td>\n<\/tr>\n<\/tbody>\n<\/table>\n","protected":false},"excerpt":{"rendered":"<p>\u00c7amsak\u0131z\u0131 Deluxe Seri Organik Lezzetli 150 Gr<\/p>\n","protected":false},"featured_media":84754,"comment_status":"open","ping_status":"closed","template":"","meta":{"_kad_post_transparent":"","_kad_post_title":"","_kad_post_layout":"","_kad_post_sidebar_id":"","_kad_post_content_style":"","_kad_post_vertical_padding":"","_kad_post_feature":"","_kad_post_feature_position":"","_kad_post_header":false,"_kad_post_footer":false,"_kad_post_classname":""},"product_brand":[],"product_cat":[633,625],"product_tag":[],"class_list":{"0":"post-84755","1":"product","2":"type-product","3":"status-publish","4":"has-post-thumbnail","6":"product_cat-baharat","7":"product_cat-bitkisel-organik","9":"first","10":"instock","11":"shipping-taxable","12":"purchasable","13":"product-type-simple","14":"entry","15":"content-bg","16":"loop-entry"},"_links":{"self":[{"href":"https:\/\/www.hediyepazar.com\/index.php?rest_route=\/wp\/v2\/product\/84755","targetHints":{"allow":["GET"]}}],"collection":[{"href":"https:\/\/www.hediyepazar.com\/index.php?rest_route=\/wp\/v2\/product"}],"about":[{"href":"https:\/\/www.hediyepazar.com\/index.php?rest_route=\/wp\/v2\/types\/product"}],"replies":[{"embeddable":true,"href":"https:\/\/www.hediyepazar.com\/index.php?rest_route=%2Fwp%2Fv2%2Fcomments&post=84755"}],"wp:featuredmedia":[{"embeddable":true,"href":"https:\/\/www.hediyepazar.com\/index.php?rest_route=\/wp\/v2\/media\/84754"}],"wp:attachment":[{"href":"https:\/\/www.hediyepazar.com\/index.php?rest_route=%2Fwp%2Fv2%2Fmedia&parent=84755"}],"wp:term":[{"taxonomy":"product_brand","embeddable":true,"href":"https:\/\/www.hediyepazar.com\/index.php?rest_route=%2Fwp%2Fv2%2Fproduct_brand&post=84755"},{"taxonomy":"product_cat","embeddable":true,"href":"https:\/\/www.hediyepazar.com\/index.php?rest_route=%2Fwp%2Fv2%2Fproduct_cat&post=84755"},{"taxonomy":"product_tag","embeddable":true,"href":"https:\/\/www.hediyepazar.com\/index.php?rest_route=%2Fwp%2Fv2%2Fproduct_tag&post=84755"}],"curies":[{"name":"wp","href":"https:\/\/api.w.org\/{rel}","templated":true}]}}