{"id":84855,"date":"2026-04-30T08:35:03","date_gmt":"2026-04-30T11:35:03","guid":{"rendered":"https:\/\/www.hediyepazar.com\/?product=parlement-bambu-oda-kokusu-beyaz-gul-50-ml"},"modified":"2026-04-30T08:35:03","modified_gmt":"2026-04-30T11:35:03","slug":"parlement-bambu-oda-kokusu-beyaz-gul-50-ml","status":"publish","type":"product","link":"https:\/\/www.hediyepazar.com\/?product=parlement-bambu-oda-kokusu-beyaz-gul-50-ml","title":{"rendered":"Parlement Bambu Oda Kokusu Beyaz G\u00fcl 50 Ml"},"content":{"rendered":"<table style=\"border-collapse:collapse; width:203pt; border:none\" width=\"271\">\n<colgroup>\n<col style=\"width:203pt\" width=\"271\" \/>\n\t<\/colgroup>\n<tbody>\n<tr height=\"19\" style=\"height:14.4pt\">\n<td class=\"xl65\" height=\"19\" style=\"border:none; height:14.4pt; width:203pt; text-align:left; padding-top:1px; padding-right:1px; padding-left:1px; vertical-align:bottom; white-space:nowrap\" width=\"271\"><span style=\"font-size:11pt\"><span style=\"color:black\"><span style=\"font-weight:400\"><span style=\"font-style:normal\"><span style=\"text-decoration:none\"><span style=\"font-family:Calibri,sans-serif\">Parlement &Ccedil;ubuk Oda Kokusu, &ouml;zenle se&ccedil;ilmi\u015f do\u011fal esansiyel ya\u011flar ve kaliteli aroma bile\u015fenleri ile &uuml;retilmi\u015ftir.<br \/>\n\t\t\tE\u015fsiz form&uuml;l&uuml;, uzun s&uuml;re kal\u0131c\u0131 ho\u015f bir koku sa\u011flar. Zarif cam \u015fi\u015fesi ve ah\u015fap &ccedil;ubuklar\u0131 ile estetik bir tasar\u0131ma sahiptir.<br \/>\n\t\t\tBu &ouml;zel oda kokusu, hem g&ouml;rsel a&ccedil;\u0131dan &ccedil;ekici bir dekoratif par&ccedil;a sunar hem de etkileyici bir koku deneyimi sunar.&nbsp;<br \/>\n\t\t\tPaket \u0130&ccedil;eri\u011fi : 1 Adet Parlement Bambu Oda Kokusu Beyaz G&uuml;l<\/span><\/span><\/span><\/span><\/span><\/span><\/td>\n<\/tr>\n<\/tbody>\n<\/table>\n","protected":false},"excerpt":{"rendered":"<p>Parlement Bambu Oda Kokusu Beyaz G\u00fcl 50 Ml<\/p>\n","protected":false},"featured_media":84854,"comment_status":"open","ping_status":"closed","template":"","meta":{"_kad_post_transparent":"","_kad_post_title":"","_kad_post_layout":"","_kad_post_sidebar_id":"","_kad_post_content_style":"","_kad_post_vertical_padding":"","_kad_post_feature":"","_kad_post_feature_position":"","_kad_post_header":false,"_kad_post_footer":false,"_kad_post_classname":""},"product_brand":[],"product_cat":[571,686,570],"product_tag":[],"class_list":{"0":"post-84855","1":"product","2":"type-product","3":"status-publish","4":"has-post-thumbnail","6":"product_cat-ev-temizlik","7":"product_cat-oda-ve-araba-kokusu","8":"product_cat-supermarket","10":"first","11":"instock","12":"shipping-taxable","13":"purchasable","14":"product-type-simple","15":"entry","16":"content-bg","17":"loop-entry"},"_links":{"self":[{"href":"https:\/\/www.hediyepazar.com\/index.php?rest_route=\/wp\/v2\/product\/84855","targetHints":{"allow":["GET"]}}],"collection":[{"href":"https:\/\/www.hediyepazar.com\/index.php?rest_route=\/wp\/v2\/product"}],"about":[{"href":"https:\/\/www.hediyepazar.com\/index.php?rest_route=\/wp\/v2\/types\/product"}],"replies":[{"embeddable":true,"href":"https:\/\/www.hediyepazar.com\/index.php?rest_route=%2Fwp%2Fv2%2Fcomments&post=84855"}],"wp:featuredmedia":[{"embeddable":true,"href":"https:\/\/www.hediyepazar.com\/index.php?rest_route=\/wp\/v2\/media\/84854"}],"wp:attachment":[{"href":"https:\/\/www.hediyepazar.com\/index.php?rest_route=%2Fwp%2Fv2%2Fmedia&parent=84855"}],"wp:term":[{"taxonomy":"product_brand","embeddable":true,"href":"https:\/\/www.hediyepazar.com\/index.php?rest_route=%2Fwp%2Fv2%2Fproduct_brand&post=84855"},{"taxonomy":"product_cat","embeddable":true,"href":"https:\/\/www.hediyepazar.com\/index.php?rest_route=%2Fwp%2Fv2%2Fproduct_cat&post=84855"},{"taxonomy":"product_tag","embeddable":true,"href":"https:\/\/www.hediyepazar.com\/index.php?rest_route=%2Fwp%2Fv2%2Fproduct_tag&post=84855"}],"curies":[{"name":"wp","href":"https:\/\/api.w.org\/{rel}","templated":true}]}}