{"id":84935,"date":"2026-04-30T08:39:41","date_gmt":"2026-04-30T11:39:41","guid":{"rendered":"https:\/\/www.hediyepazar.com\/?product=plastik-cam-yalitimli-cay-termosu-1-litre"},"modified":"2026-04-30T08:39:41","modified_gmt":"2026-04-30T11:39:41","slug":"plastik-cam-yalitimli-cay-termosu-1-litre","status":"publish","type":"product","link":"https:\/\/www.hediyepazar.com\/?product=plastik-cam-yalitimli-cay-termosu-1-litre","title":{"rendered":"Plastik Cam Yal\u0131t\u0131ml\u0131 \u00c7ay Termosu 1 Litre"},"content":{"rendered":"<table style=\"border-collapse:collapse; width:203pt; border:none\" width=\"271\">\n<colgroup>\n<col style=\"width:203pt\" width=\"271\" \/>\n\t<\/colgroup>\n<tbody>\n<tr height=\"19\" style=\"height:14.4pt\">\n<td class=\"xl65\" height=\"19\" style=\"border:none; height:14.4pt; width:203pt; text-align:left; padding-top:1px; padding-right:1px; padding-left:1px; vertical-align:bottom; white-space:nowrap\" width=\"271\"><span style=\"font-size:11pt\"><span style=\"color:black\"><span style=\"font-weight:400\"><span style=\"font-style:normal\"><span style=\"text-decoration:none\"><span style=\"font-family:Calibri,sans-serif\">Cam Hazneli Plastik Termos 1 Litre<br \/>\n\t\t\tHayat\u0131n\u0131z\u0131n her alan\u0131nda i&ccedil;ecekleriniz taze kals\u0131n.<br \/>\n\t\t\tS\u0131cakl\u0131k Koruma De\u011ferleri: 0 &#8211; 1 Saat : 90 Santigrat Derece<br \/>\n\t\t\t6 Saat : 75 Santigrat Derece 12 Saat : 70 Santigrat Derece Kullan\u0131m Talimat\u0131<br \/>\n\t\t\t&Uuml;r&uuml;n&uuml; kullanmadan &ouml;nce s\u0131cak i&ccedil;ecek kullan\u0131m\u0131 i&ccedil;in s\u0131cak suyla so\u011fuk i&ccedil;ecek kullan\u0131m\u0131 i&ccedil;in so\u011fuk suyla iyice &ccedil;alkalay\u0131n\u0131z.<br \/>\n\t\t\t&Uuml;r&uuml;n&uuml; kesinlikle ate\u015fin &uuml;zerine koymay\u0131n\u0131z.<br \/>\n\t\t\t&Uuml;r&uuml;n&uuml; Bula\u015f\u0131k makinesinde y\u0131kamay\u0131n\u0131z, sadece elde y\u0131kay\u0131n\u0131z.<br \/>\n\t\t\t&Uuml;r&uuml;n&uuml; temizlerken sadece su kullan\u0131n\u0131z.<br \/>\n\t\t\tBula\u015f\u0131k deterjan\u0131 veya ba\u015fka herhangi bir kimyasal kullanmay\u0131n\u0131z.<br \/>\n\t\t\t&Uuml;r&uuml;n&uuml; kesinlikle d&uuml;\u015f&uuml;rmeyiniz. &Uuml;r&uuml;n&uuml;n d&uuml;\u015f&uuml;r&uuml;lmesi halinde s\u0131ca\u011f\u0131 s\u0131cak, so\u011fu\u011fu so\u011fuk tutmay\u0131<br \/>\n\t\t\tsa\u011flayan vakum dengesi bozulur ve &uuml;r&uuml;nden eskisi gibi verim alamazs\u0131n\u0131z.<br \/>\n\t\t\tPaket \u0130&ccedil;eri\u011fi : 1 adet Plastik Cam Yal\u0131t\u0131ml\u0131 &Ccedil;ay Termosu 1 Litre<\/span><\/span><\/span><\/span><\/span><\/span><\/td>\n<\/tr>\n<\/tbody>\n<\/table>\n","protected":false},"excerpt":{"rendered":"<p>Plastik Cam Yal\u0131t\u0131ml\u0131 \u00c7ay Termosu 1 Litre<\/p>\n","protected":false},"featured_media":84934,"comment_status":"open","ping_status":"closed","template":"","meta":{"_kad_post_transparent":"","_kad_post_title":"","_kad_post_layout":"","_kad_post_sidebar_id":"","_kad_post_content_style":"","_kad_post_vertical_padding":"","_kad_post_feature":"","_kad_post_feature_position":"","_kad_post_header":false,"_kad_post_footer":false,"_kad_post_classname":""},"product_brand":[],"product_cat":[671,672,670],"product_tag":[],"class_list":{"0":"post-84935","1":"product","2":"type-product","3":"status-publish","4":"has-post-thumbnail","6":"product_cat-outdoor","7":"product_cat-outdoor-ekipmanlari","8":"product_cat-sporoutdoor","10":"first","11":"instock","12":"shipping-taxable","13":"purchasable","14":"product-type-simple","15":"entry","16":"content-bg","17":"loop-entry"},"_links":{"self":[{"href":"https:\/\/www.hediyepazar.com\/index.php?rest_route=\/wp\/v2\/product\/84935","targetHints":{"allow":["GET"]}}],"collection":[{"href":"https:\/\/www.hediyepazar.com\/index.php?rest_route=\/wp\/v2\/product"}],"about":[{"href":"https:\/\/www.hediyepazar.com\/index.php?rest_route=\/wp\/v2\/types\/product"}],"replies":[{"embeddable":true,"href":"https:\/\/www.hediyepazar.com\/index.php?rest_route=%2Fwp%2Fv2%2Fcomments&post=84935"}],"wp:featuredmedia":[{"embeddable":true,"href":"https:\/\/www.hediyepazar.com\/index.php?rest_route=\/wp\/v2\/media\/84934"}],"wp:attachment":[{"href":"https:\/\/www.hediyepazar.com\/index.php?rest_route=%2Fwp%2Fv2%2Fmedia&parent=84935"}],"wp:term":[{"taxonomy":"product_brand","embeddable":true,"href":"https:\/\/www.hediyepazar.com\/index.php?rest_route=%2Fwp%2Fv2%2Fproduct_brand&post=84935"},{"taxonomy":"product_cat","embeddable":true,"href":"https:\/\/www.hediyepazar.com\/index.php?rest_route=%2Fwp%2Fv2%2Fproduct_cat&post=84935"},{"taxonomy":"product_tag","embeddable":true,"href":"https:\/\/www.hediyepazar.com\/index.php?rest_route=%2Fwp%2Fv2%2Fproduct_tag&post=84935"}],"curies":[{"name":"wp","href":"https:\/\/api.w.org\/{rel}","templated":true}]}}