{"id":85113,"date":"2026-04-30T08:52:49","date_gmt":"2026-04-30T11:52:49","guid":{"rendered":"https:\/\/www.hediyepazar.com\/?product=helva-pilav-tatli-kalibi-sekillendirici-royaleks-ur3064-76"},"modified":"2026-04-30T08:52:49","modified_gmt":"2026-04-30T11:52:49","slug":"helva-pilav-tatli-kalibi-sekillendirici-royaleks-ur3064-76","status":"publish","type":"product","link":"https:\/\/www.hediyepazar.com\/?product=helva-pilav-tatli-kalibi-sekillendirici-royaleks-ur3064-76","title":{"rendered":"Helva Pilav Tatl\u0131 Kal\u0131b\u0131 \u015eekillendirici Royaleks-UR3064-76"},"content":{"rendered":"<table style=\"border-collapse:collapse; width:89pt; border:none\" width=\"119\">\n<colgroup>\n<col style=\"width:89pt\" width=\"119\" \/>\n\t<\/colgroup>\n<tbody>\n<tr height=\"20\" style=\"height:15.0pt\">\n<td height=\"20\" style=\"border:none; height:15.0pt; width:89pt; padding-top:1px; padding-right:1px; padding-left:1px; vertical-align:bottom; white-space:nowrap\" width=\"119\"><span style=\"font-size:11pt\"><span style=\"color:black\"><span style=\"font-weight:400\"><span style=\"font-style:normal\"><span style=\"text-decoration:none\"><span style=\"font-family:Calibri,sans-serif\">Helva Pilav Tatl\u0131 Kal\u0131b\u0131 Royaleks-UR3064-76 8699303352668<br \/>\n\t\t\tPaket \u0130&ccedil;eri\u011fi : 1 adet&nbsp; Helva Pilav Tatl\u0131 Kal\u0131b\u0131 Royaleks-UR3064-76<br \/>\n\t\t\tMisafirlerinize &ouml;zenle haz\u0131rlad\u0131\u011f\u0131n\u0131z pilavlar\u0131n\u0131z, un ve irmik helvalar\u0131n\u0131z\u0131 pilav ve helva kal\u0131b\u0131 ile daha lezzetli.<br \/>\n\t\t\tSon derece sa\u011flam ve kullan\u0131\u015fl\u0131 bir yap\u0131ya sahip olan pilav ve helva kal\u0131b\u0131 sa\u011fl\u0131\u011fa zarar\u0131 olmayan plastikten &uuml;retilmi\u015ftir.<\/span><\/span><\/span><\/span><\/span><\/span><\/td>\n<\/tr>\n<\/tbody>\n<\/table>\n","protected":false},"excerpt":{"rendered":"<p>Helva Pilav Tatl\u0131 Kal\u0131b\u0131 \u015eekillendirici Royaleks-UR3064-76<\/p>\n","protected":false},"featured_media":85112,"comment_status":"open","ping_status":"closed","template":"","meta":{"_kad_post_transparent":"","_kad_post_title":"","_kad_post_layout":"","_kad_post_sidebar_id":"","_kad_post_content_style":"","_kad_post_vertical_padding":"","_kad_post_feature":"","_kad_post_feature_position":"","_kad_post_header":false,"_kad_post_footer":false,"_kad_post_classname":""},"product_brand":[],"product_cat":[557,558,560],"product_tag":[],"class_list":{"0":"post-85113","1":"product","2":"type-product","3":"status-publish","4":"has-post-thumbnail","6":"product_cat-ev-yasam","7":"product_cat-sofra-mutfak-2","8":"product_cat-yemek-hazirlik","10":"first","11":"instock","12":"shipping-taxable","13":"purchasable","14":"product-type-simple","15":"entry","16":"content-bg","17":"loop-entry"},"_links":{"self":[{"href":"https:\/\/www.hediyepazar.com\/index.php?rest_route=\/wp\/v2\/product\/85113","targetHints":{"allow":["GET"]}}],"collection":[{"href":"https:\/\/www.hediyepazar.com\/index.php?rest_route=\/wp\/v2\/product"}],"about":[{"href":"https:\/\/www.hediyepazar.com\/index.php?rest_route=\/wp\/v2\/types\/product"}],"replies":[{"embeddable":true,"href":"https:\/\/www.hediyepazar.com\/index.php?rest_route=%2Fwp%2Fv2%2Fcomments&post=85113"}],"wp:featuredmedia":[{"embeddable":true,"href":"https:\/\/www.hediyepazar.com\/index.php?rest_route=\/wp\/v2\/media\/85112"}],"wp:attachment":[{"href":"https:\/\/www.hediyepazar.com\/index.php?rest_route=%2Fwp%2Fv2%2Fmedia&parent=85113"}],"wp:term":[{"taxonomy":"product_brand","embeddable":true,"href":"https:\/\/www.hediyepazar.com\/index.php?rest_route=%2Fwp%2Fv2%2Fproduct_brand&post=85113"},{"taxonomy":"product_cat","embeddable":true,"href":"https:\/\/www.hediyepazar.com\/index.php?rest_route=%2Fwp%2Fv2%2Fproduct_cat&post=85113"},{"taxonomy":"product_tag","embeddable":true,"href":"https:\/\/www.hediyepazar.com\/index.php?rest_route=%2Fwp%2Fv2%2Fproduct_tag&post=85113"}],"curies":[{"name":"wp","href":"https:\/\/api.w.org\/{rel}","templated":true}]}}